{"id":1064,"date":"2024-07-05T00:38:18","date_gmt":"2024-07-05T00:38:18","guid":{"rendered":"https:\/\/piflarnakupuje.top\/?post_type=product&#038;p=1064"},"modified":"2025-07-01T07:59:46","modified_gmt":"2025-07-01T07:59:46","slug":"i10-elektricni-skiro-650w-motor-36v-15ah-10-colske-gume-40km-h-max-hitrost-45km-dosega","status":"publish","type":"product","link":"https:\/\/piflarnakupuje.top\/en_gb\/pp\/i10-elektricni-skiro-650w-motor-36v-15ah-10-colske-gume-40km-h-max-hitrost-45km-dosega\/","title":{"rendered":"i10 Electric Scooter, 650W Motor, 36V 15Ah, 10 inch tires, 40km\/h Max speed, 45km range"},"content":{"rendered":"<h2>Special features<\/h2>\n<h3>650W motor<\/h3>\n<p>The i10 is equipped with a powerful 650 watt motor, allowing speeds of up to 40km\/h for fast travel.<\/p>\n<h3>36V 15Ah battery<\/h3>\n<p>High-capacity 36V 15Ah battery provides up to 40-45km of range for longer trips without recharging.<\/p>\n<h3>Comfortable ride<\/h3>\n<p>10 colska pnevmatska <a href=\"https:\/\/piflarnakupuje.top\/en_gb\/pp\/gf700-elektricno-kolo-17-5ah-48v-500w2-motorja-26-col\/\">tires<\/a> omogo\u010dajo mirno vo\u017enjo, dvojni sistem zaviranja, pa varno ustavljanje, za bolj mirno in varnej\u0161o vo\u017enjo.<\/p>\n<h3>Foldable<\/h3>\n<p>The i10 has a 3-step easy folding method to make it easier to store in the trunk of a car, and the stable construction allows loads of up to 120 kg (120kg).<\/p>\n<h2>Specifications<\/h2>\n<p>&nbsp;<\/p>\n<table class=\"jbEidtTable\" border=\"1\" cellspacing=\"0\" cellpadding=\"5\">\n<tbody>\n<tr>\n<td><strong>General<\/strong><\/td>\n<td>Tip: <a href=\"https:\/\/piflarnakupuje.top\/en_gb\/pp\/f20-ultra-elektricno-kolo-750w-motor-48v-25ah-akumulatory-205-col\/\">Electric scooter<\/a><br \/>\nModel: i10<\/td>\n<\/tr>\n<tr>\n<td><strong>Specifications<\/strong><\/td>\n<td>max. hitrost: 40km\/h<br \/>\nmax. range: 45km<br \/>\nmotor power: 650W<br \/>\nspeed models: 4<br \/>\ncruise control: yes<br \/>\nbattery charging: 6-8h<br \/>\nbattery: 36V 15Ah<br \/>\nwater resistance: IP54<br \/>\nsuspension: front and rear<br \/>\nwheel type: pneumatic<br \/>\nwheel size: 10 inches<br \/>\ndrive: rear<br \/>\nfront brakes: EBAS electronic<br \/>\nrear brakes: disc<br \/>\nshock absorbers: front and rear double<br \/>\nfoldable: yes<br \/>\nmax. climb: 15\u00b0<br \/>\nmax. load: 264lbs(120kg)<br \/>\nfront light: LED<br \/>\nrear light: LED<br \/>\ndisplay: multifunction LED<br \/>\napplication: (iOS, Android)<\/td>\n<\/tr>\n<tr>\n<td><strong>Weight<\/strong><\/td>\n<td>weight: 20kg<br \/>\nsize (l x w x h): 115 x 48.5 x 120 cm<br \/>\npaket(d x \u0161 x v): 123 x 56.5 x 64cm<\/td>\n<\/tr>\n<tr>\n<td><strong>Paket<\/strong><\/td>\n<td>1 x i10 <a href=\"https:\/\/piflarnakupuje.top\/en_gb\/pp\/f20-ultra-elektricno-kolo-750w-motor-48v-25ah-akumulatory-205-col\/\">electric scooter<\/a><br \/>\n1x <a href=\"https:\/\/piflarnakupuje.top\/en_gb\/pp\/4-in-1-qi-brezzicni-polnilec-za-vse-naprave-z-qi-standardom\/\">charger<\/a><br \/>\n1x bag<br \/>\n6 x screws<br \/>\n1 x screwdriver<br \/>\n1 x instruction manual<\/td>\n<\/tr>\n<\/tbody>\n<\/table>","protected":false},"excerpt":{"rendered":"<p><strong>Package:<\/strong><\/p>\n<p>1 x i10 electric scooter<br \/>\n1x charger<br \/>\n1x bag<br \/>\n6 x screws<br \/>\n1 x screwdriver<br \/>\n1 x instruction manual<\/p>","protected":false},"featured_media":1070,"comment_status":"open","ping_status":"closed","template":"","meta":{"_gspb_post_css":"","_sitemap_exclude":false,"_sitemap_priority":"","_sitemap_frequency":""},"product_brand":[],"product_cat":[48,17],"product_tag":[],"class_list":{"0":"post-1064","1":"product","2":"type-product","3":"status-publish","4":"has-post-thumbnail","6":"product_cat-elektricni-skiro","7":"product_cat-elektricni-skiroji","8":"product_shipping_class-skiroji","9":"pa_barva-crna","10":"pa_kapaciteta-baterije-vozila-od-10-do-15ah","11":"pa_maksimalna-obremenitev-60-do-80kg","12":"pa_moc-pogona-500-do-1000w","13":"pa_namen-uporabe-tip-gume-cestni","14":"pa_skladisce-brezcarinsko-skladisce-slovenija","15":"pa_stevilo-motorjev-163","16":"pa_velikost-kolesa-10-col","18":"first","19":"instock","20":"shipping-taxable","21":"purchasable","22":"product-type-simple"},"_links":{"self":[{"href":"https:\/\/piflarnakupuje.top\/en_gb\/wp-json\/wp\/v2\/product\/1064","targetHints":{"allow":["GET"]}}],"collection":[{"href":"https:\/\/piflarnakupuje.top\/en_gb\/wp-json\/wp\/v2\/product"}],"about":[{"href":"https:\/\/piflarnakupuje.top\/en_gb\/wp-json\/wp\/v2\/types\/product"}],"replies":[{"embeddable":true,"href":"https:\/\/piflarnakupuje.top\/en_gb\/wp-json\/wp\/v2\/comments?post=1064"}],"wp:featuredmedia":[{"embeddable":true,"href":"https:\/\/piflarnakupuje.top\/en_gb\/wp-json\/wp\/v2\/media\/1070"}],"wp:attachment":[{"href":"https:\/\/piflarnakupuje.top\/en_gb\/wp-json\/wp\/v2\/media?parent=1064"}],"wp:term":[{"taxonomy":"product_brand","embeddable":true,"href":"https:\/\/piflarnakupuje.top\/en_gb\/wp-json\/wp\/v2\/product_brand?post=1064"},{"taxonomy":"product_cat","embeddable":true,"href":"https:\/\/piflarnakupuje.top\/en_gb\/wp-json\/wp\/v2\/product_cat?post=1064"},{"taxonomy":"product_tag","embeddable":true,"href":"https:\/\/piflarnakupuje.top\/en_gb\/wp-json\/wp\/v2\/product_tag?post=1064"}],"curies":[{"name":"wp","href":"https:\/\/api.w.org\/{rel}","templated":true}]}}