{"id":1176,"date":"2024-07-05T07:47:57","date_gmt":"2024-07-05T07:47:57","guid":{"rendered":"https:\/\/piflarnakupuje.top\/?post_type=product&#038;p=1176"},"modified":"2025-07-01T07:58:51","modified_gmt":"2025-07-01T07:58:51","slug":"cineape35-analog-4s-3-5-colski-rc-fpv-tekmovalni-dron-elrs-rtf-z-radiomaster-tx12-mark-%e2%85%b1-radijsko-postajo-in-fpv-ocali","status":"publish","type":"product","link":"https:\/\/piflarnakupuje.top\/en_gb\/pp\/cineape35-analog-4s-3-5-colski-rc-fpv-tekmovalni-dron-elrs-rtf-z-radiomaster-tx12-mark-%e2%85%b1-radijsko-postajo-in-fpv-ocali\/","title":{"rendered":"CineApe35 Analog 4S 3.5 inch RC FPV Racing Drone ELRS RTF with RadioMaster TX12 Mark \u2161 Radio Station and FPV Goggles"},"content":{"rendered":"<p><b>Special features:<\/b><\/p>\n<p>1: Injection molded propeller guard for extreme durability and crash protection.<br \/>\n2: Equipped with a powerful 2006 brushless motor, ideal balance between power and battery life.<br \/>\n3: Z vgrajenim GPS modulom je <a href=\"https:\/\/piflarnakupuje.top\/en_gb\/piflar-testira-fpv-plus-freestyle-dron-rtf\/\">drone<\/a> odli\u010dno opremljen da se izogne potencialnim oviram in naletom. Lepljeni vijaki in zadelane odprtine, onemogo\u010dajo kakr\u0161no koli nabiranje umazanije ali pa praga, ki bi lahko povzro\u010dil kasnej\u0161o \u0161kodo.<br \/>\n5: The Radiomaster TX12 MARK II controller has a built-in ELRS module and reaches up to 3 kilometers of range, Dual antenna for a more stable signal.<\/p>\n<p><b>Specifications:<\/b><\/p>\n<p>Model:\u00a0CineApe35<br \/>\nBetween engines: 151.5mm<br \/>\nArm thickness: 3.5mm<br \/>\nFlight controller: Darwinfpv F411 3-6S 45A ESC ELRS receiver AIO<br \/>\nESC: built-in 45A 4IN1 ESC<br \/>\nReceiver: SPI ELRS 2.4G receiver on the drone<br \/>\nMotor: 2006 3400KV (for 4S Version); 2030KV (for 6S Version)<br \/>\nPropeler: Gemfan D90S-3<br \/>\nGPS:\u00a0Darwinfpv\u00a0GM8\u00a0GPS<br \/>\nVTX:\u00a0Darwinfpv\u00a0VTX5804\u00a05.8G\u00a01W\u00a0VTX<br \/>\nFPV\u00a0Camera:\u00a0CADDX\u00a0ANT\u00a01200TVL<br \/>\nRange: 3KM<br \/>\nMaximum Horizontal Flight Speed: 110km\/h<br \/>\nWeight: 900g<br \/>\nRemote control: RadioMaster TX12 Mark \u2161\uff08ELRS2.4G version)<br \/>\nFPV Goggles: Darwinfpv 5.8G 4.3 Inch FPV<br \/>\nLipo baterija: DarwinFPV 4S 1500mAh<br \/>\nFlight time without load: 7mins (test with 4S 1500mAh 110C battery)<br \/>\nFlying with a GoPro:<br \/>\n5.5min (test with 4S 1500mAh 110C battery)<\/p>\n<p><b>Package:<\/b><br \/>\n1 x DarwinFPV CineApe35 4S Analog FPV Controler<br \/>\n1 x DarwinFPV 4.3 Inch FPV Goggles<br \/>\n1 x HotRC A400 <a href=\"https:\/\/piflarnakupuje.top\/en_gb\/pp\/4-in-1-qi-brezzicni-polnilec-za-vse-naprave-z-qi-standardom\/\">charger<\/a> baterije<br \/>\n2 x DarwinFPV 4S 1500mAh baterije<br \/>\n1 x Accessory pack<br \/>\n1 x Pack of spare screws<br \/>\n1 x CineApe35 propeller guard<br \/>\n1 x Logo sticker<br \/>\n1 x Instructions<\/p>","protected":false},"excerpt":{"rendered":"<p><b>Package:<\/b><br \/>\n1 x DarwinFPV CineApe35 4S Analog FPV Controler<br \/>\n1 x DarwinFPV 4.3 Inch FPV Goggles<br \/>\n1 x HotRC A400 battery charger<br \/>\n2 x DarwinFPV 4S 1500mAh baterije<br \/>\n1 x Accessory pack<br \/>\n1 x Pack of spare screws<br \/>\n1 x CineApe35 propeller guard<br \/>\n1 x Logo sticker<br \/>\n1 x Instructions<\/p>","protected":false},"featured_media":1185,"comment_status":"open","ping_status":"closed","template":"","meta":{"_gspb_post_css":"","_sitemap_exclude":false,"_sitemap_priority":"","_sitemap_frequency":""},"product_brand":[],"product_cat":[49,20],"product_tag":[],"class_list":{"0":"post-1176","1":"product","2":"type-product","3":"status-publish","4":"has-post-thumbnail","6":"product_cat-profi-rc-igrace-za-velike-in-male-po-dusi","7":"product_cat-rc-droni","8":"product_shipping_class-rc","9":"pa_barva-crna","10":"pa_kolicina-akumulatorjev-rc-190","11":"pa_skladisce-brezcarinsko-skladisce-slovenija","12":"pa_skladisce-centralno-skladisce-slovenija","13":"pa_tip-drona-fpv-dron","14":"pa_tip-motorja-rc-brezkrtacni","16":"first","17":"instock","18":"shipping-taxable","19":"purchasable","20":"product-type-simple"},"_links":{"self":[{"href":"https:\/\/piflarnakupuje.top\/en_gb\/wp-json\/wp\/v2\/product\/1176","targetHints":{"allow":["GET"]}}],"collection":[{"href":"https:\/\/piflarnakupuje.top\/en_gb\/wp-json\/wp\/v2\/product"}],"about":[{"href":"https:\/\/piflarnakupuje.top\/en_gb\/wp-json\/wp\/v2\/types\/product"}],"replies":[{"embeddable":true,"href":"https:\/\/piflarnakupuje.top\/en_gb\/wp-json\/wp\/v2\/comments?post=1176"}],"wp:featuredmedia":[{"embeddable":true,"href":"https:\/\/piflarnakupuje.top\/en_gb\/wp-json\/wp\/v2\/media\/1185"}],"wp:attachment":[{"href":"https:\/\/piflarnakupuje.top\/en_gb\/wp-json\/wp\/v2\/media?parent=1176"}],"wp:term":[{"taxonomy":"product_brand","embeddable":true,"href":"https:\/\/piflarnakupuje.top\/en_gb\/wp-json\/wp\/v2\/product_brand?post=1176"},{"taxonomy":"product_cat","embeddable":true,"href":"https:\/\/piflarnakupuje.top\/en_gb\/wp-json\/wp\/v2\/product_cat?post=1176"},{"taxonomy":"product_tag","embeddable":true,"href":"https:\/\/piflarnakupuje.top\/en_gb\/wp-json\/wp\/v2\/product_tag?post=1176"}],"curies":[{"name":"wp","href":"https:\/\/api.w.org\/{rel}","templated":true}]}}