{"id":4189,"date":"2024-07-19T08:54:30","date_gmt":"2024-07-19T08:54:30","guid":{"rendered":"https:\/\/piflarnakupuje.top\/?post_type=product&#038;p=4189"},"modified":"2025-07-01T07:50:34","modified_gmt":"2025-07-01T07:50:34","slug":"xk-a300-beech-d17s-550mm-cez-krila-rc-letalo-2-4ghz-4-kanalno-3d-6g-sistem-rtf","status":"publish","type":"product","link":"https:\/\/piflarnakupuje.top\/en_gb\/pp\/xk-a300-beech-d17s-550mm-cez-krila-rc-letalo-2-4ghz-4-kanalno-3d-6g-sistem-rtf\/","title":{"rendered":"XK A300-Beech D17S 550mm Wingspan RC Airplane 2.4GHz 4 Channel 3D\/6G System RTF"},"content":{"rendered":"<p><b>Functions:<\/b><\/p>\n<p>1. Kopija <a href=\"https:\/\/piflarnakupuje.top\/en_gb\/piflarjev-test-maule-m7-510-mm-3d-6g-rtf-rc-letalo\/\">letala<\/a> 2. svetovne vojne II Beech D17S biplane.<\/p>\n<p>2. 1806 brushless motor, powerful 2g servo motors, superior responsiveness.<\/p>\n<p>3. Proportional control, with sensitivity adjustment for each function.<\/p>\n<p>4. <a href=\"https:\/\/piflarnakupuje.top\/en_gb\/piflarjev-test-rc-avion-p%e2%80%9151-mustang-xk-a280-560-mm-razpon-kril-3d-6g-stabilizacija\/\">RC letalo<\/a> je stabilizirano z \u017eiroskopom in nudi ve\u010d na\u010dinov leta.<\/p>\n<p>5. LED lights on the fuselage make it possible to fly in poor visibility conditions.<\/p>\n<p>6. It is possible to take off from a rock in the air.<\/p>\n<p>7. <a href=\"https:\/\/piflarnakupuje.top\/en_gb\/pp\/jump-1500-dodatni-akumulator-1548wh-lifepo4-tipa\/\">Battery<\/a> 7.4V 600mAh 25C Litijeva, \u010cas leta cca. 8 min.<\/p>\n<p>8. Alarm za nizko baterijo Komande ali <a href=\"https:\/\/piflarnakupuje.top\/en_gb\/piflarjev-test-maule-m7-510-mm-3d-6g-rtf-rc-letalo\/\">letala<\/a>, \u010de se zgubi signal, bo <a href=\"https:\/\/piflarnakupuje.top\/en_gb\/piflarjev-test-maule-m7-510-mm-3d-6g-rtf-rc-letalo\/\">letalo<\/a> kro\u017eilo na mestu, ko se sprazni baterija, pa pristalo.<\/p>\n<p>&nbsp;<\/p>\n<p><b>Package:<\/b><\/p>\n<p>1 x <a href=\"https:\/\/piflarnakupuje.top\/en_gb\/piflarjev-test-rc-avion-p%e2%80%9151-mustang-xk-a280-560-mm-razpon-kril-3d-6g-stabilizacija\/\">RC letalo<\/a><\/p>\n<p>1x Remote control<\/p>\n<p>1x Propeler<\/p>\n<p>1x Charging cable<\/p>\n<p>1x <a href=\"https:\/\/piflarnakupuje.top\/en_gb\/pp\/jump-1500-dodatni-akumulator-1548wh-lifepo4-tipa\/\">Battery<\/a><\/p>\n<p>1x Screwdriver<\/p>\n<p>1x Key<\/p>\n<p>1x Key 2<\/p>\n<p>1x Instructions<\/p>\n<p>Important: Does not contain remote control batteries or glue.<\/p>","protected":false},"excerpt":{"rendered":"<p><b>Package:<\/b><\/p>\n<p>1 x RC plane<\/p>\n<p>1x Remote control<\/p>\n<p>1x Propeler<\/p>\n<p>1x Charging cable<\/p>\n<p>1x Akumulator<\/p>\n<p>1x Screwdriver<\/p>\n<p>1x Key<\/p>\n<p>1x Key 2<\/p>\n<p>1x Instructions<\/p>\n<p>Important: Does not contain remote control batteries or glue.<\/p>","protected":false},"featured_media":4200,"comment_status":"open","ping_status":"closed","template":"","meta":{"_gspb_post_css":"","_sitemap_exclude":false,"_sitemap_priority":"","_sitemap_frequency":""},"product_brand":[],"product_cat":[49,83],"product_tag":[],"class_list":{"0":"post-4189","1":"product","2":"type-product","3":"status-publish","4":"has-post-thumbnail","6":"product_cat-profi-rc-igrace-za-velike-in-male-po-dusi","7":"product_cat-rc-letala","8":"product_shipping_class-rc","9":"pa_barva-rdeca","10":"pa_barva-rumena","11":"pa_kolicina-akumulatorjev-rc-190","12":"pa_skladisce-brezcarinsko-skladisce-slovenija","13":"pa_skladisce-centralno-skladisce-slovenija","14":"pa_tip-motorja-rc-brezkrtacni","16":"first","17":"instock","18":"shipping-taxable","19":"purchasable","20":"product-type-variable"},"_links":{"self":[{"href":"https:\/\/piflarnakupuje.top\/en_gb\/wp-json\/wp\/v2\/product\/4189","targetHints":{"allow":["GET"]}}],"collection":[{"href":"https:\/\/piflarnakupuje.top\/en_gb\/wp-json\/wp\/v2\/product"}],"about":[{"href":"https:\/\/piflarnakupuje.top\/en_gb\/wp-json\/wp\/v2\/types\/product"}],"replies":[{"embeddable":true,"href":"https:\/\/piflarnakupuje.top\/en_gb\/wp-json\/wp\/v2\/comments?post=4189"}],"wp:featuredmedia":[{"embeddable":true,"href":"https:\/\/piflarnakupuje.top\/en_gb\/wp-json\/wp\/v2\/media\/4200"}],"wp:attachment":[{"href":"https:\/\/piflarnakupuje.top\/en_gb\/wp-json\/wp\/v2\/media?parent=4189"}],"wp:term":[{"taxonomy":"product_brand","embeddable":true,"href":"https:\/\/piflarnakupuje.top\/en_gb\/wp-json\/wp\/v2\/product_brand?post=4189"},{"taxonomy":"product_cat","embeddable":true,"href":"https:\/\/piflarnakupuje.top\/en_gb\/wp-json\/wp\/v2\/product_cat?post=4189"},{"taxonomy":"product_tag","embeddable":true,"href":"https:\/\/piflarnakupuje.top\/en_gb\/wp-json\/wp\/v2\/product_tag?post=4189"}],"curies":[{"name":"wp","href":"https:\/\/api.w.org\/{rel}","templated":true}]}}