{"id":689,"date":"2022-04-28T13:50:13","date_gmt":"2022-04-28T13:50:13","guid":{"rendered":"https:\/\/startersites.io\/blocksy\/gadgets\/?page_id=16"},"modified":"2025-07-25T09:51:10","modified_gmt":"2025-07-25T09:51:10","slug":"about-us","status":"publish","type":"page","link":"https:\/\/piflarnakupuje.top\/hr\/about-us\/","title":{"rendered":"Nos"},"content":{"rendered":"<div class=\"wp-block-stackable-heading stk-block-heading stk-block-heading--v2 stk-block stk-97bb786\" id=\"tam-kjer-tehnicni-piflarji-najdejo-svoje-produkte\" data-block-id=\"97bb786\"><style>.stk-97bb786 {padding-right:20px !important;padding-left:20px !important;margin-bottom:0px !important;right:0px !important;left:0px !important;}.stk-97bb786 .stk-block-heading__text{font-size:30px !important;line-height:40px !important;}@media screen and (max-width:999px){.stk-97bb786 {right:0px !important;left:0px !important;}.stk-97bb786 .stk-block-heading__text{font-size:30px !important;}}@media screen and (max-width:689px){.stk-97bb786 {margin-right:0px !important;margin-left:0px !important;right:0px !important;left:0px !important;}.stk-97bb786 .stk-block-heading__text{font-size:25px !important;}}<\/style><h2 class=\"stk-block-heading__text has-text-align-left\">Gdje tehnolo\u0161ki \u0161treberi pronalaze svoje proizvode!<\/h2><\/div>\n\n\n\n<p style=\"margin-right:0px;margin-left:0px;padding-right:20px;padding-left:20px\">Mi smo tehni\u010dki vrlo dobro potkovan tim tehni\u010dkih \u0161trebera, koji znaju \u0161to tra\u017eiti pri odabiru i kupnji tehni\u010dkih proizvoda i ure\u0111aja. Nije uvijek najbolji proizvod po najvi\u0161oj cijeni! Testiramo proizvode, zatim dolaze na zalihu i onda kona\u010dno u na\u0161u online trgovinu. Najbolje je kada se hobiji mogu spojiti u posao, jer na taj na\u010din kupci tako\u0111er dobivaju bolje iskustvo kupovine i pa\u017eljivo odabrane proizvode po dobroj cijeni!<\/p>\n\n\n\n<div class=\"wp-block-stackable-spacer stk-block-spacer stk--no-padding stk-block stk-c375d7c\" data-block-id=\"c375d7c\"><style>.stk-c375d7c {height:120px !important;}@media screen and (max-width:999px){.stk-c375d7c {height:50px !important;}}<\/style><\/div>\n\n\n\n<div class=\"wp-block-stackable-columns stk-block-columns stk-block stk-615ffb8\" data-block-id=\"615ffb8\"><style>.stk-615ffb8 {max-width:750px !important;min-width:auto !important;margin-right:auto !important;margin-bottom:0px !important;margin-left:auto !important;}.stk-615ffb8-column{--stk-column-gap:50px !important;row-gap:50px !important;}<\/style><div class=\"stk-row stk-inner-blocks stk-block-content stk-content-align stk-615ffb8-column\">\n<div class=\"wp-block-stackable-column stk-block-column stk-column stk-block stk-69e9c51\" data-v=\"4\" data-block-id=\"69e9c51\"><style>.stk-69e9c51-container{margin-top:0px !important;margin-right:0px !important;margin-bottom:0px !important;margin-left:0px !important;}@media screen and (min-width:690px){.stk-69e9c51 {flex:var(--stk-flex-grow, 1) 1 calc(34.6% - var(--stk-column-gap, 0px) * 2 \/ 3 ) !important;}}<\/style><div class=\"stk-column-wrapper stk-block-column__content stk-container stk-69e9c51-container stk--no-background stk--no-padding\"><div class=\"stk-block-content stk-inner-blocks stk-69e9c51-inner-blocks\">\n<div class=\"wp-block-stackable-count-up stk-block-count-up stk-block stk-71719b7\" data-block-id=\"71719b7\"><style>.stk-71719b7 {margin-bottom:10px !important;}.stk-71719b7 .stk-block-count-up__text{font-size:50px !important;color:var(--theme-palette-color-1, #5B38ED) !important;font-weight:800 !important;}@media screen and (max-width:999px){.stk-71719b7 .stk-block-count-up__text{font-size:40px !important;}}<\/style><div class=\"stk-block-count-up__text has-text-color has-palette-color-1-color has-text-align-center\">3,120<\/div><\/div>\n\n\n\n<div class=\"wp-block-stackable-text stk-block-text stk-block stk-18052a5\" data-block-id=\"18052a5\"><style>.stk-18052a5 .stk-block-text__text{color:var(--theme-palette-color-4, #111518) !important;font-weight:700 !important;text-transform:uppercase !important;}<\/style><p class=\"stk-block-text__text has-text-color has-palette-color-4-color has-text-align-center\">isporu\u010deni proizvodi<\/p><\/div>\n<\/div><\/div><\/div>\n\n\n\n<div class=\"wp-block-stackable-column stk-block-column stk-column stk-block stk-6614bc8\" data-v=\"4\" data-block-id=\"6614bc8\"><style>.stk-6614bc8-container{margin-top:0px !important;margin-right:0px !important;margin-bottom:0px !important;margin-left:0px !important;}@media screen and (min-width:690px){.stk-6614bc8 {flex:var(--stk-flex-grow, 1) 1 calc(30.799999999999983% - var(--stk-column-gap, 0px) * 2 \/ 3 ) !important;}}<\/style><div class=\"stk-column-wrapper stk-block-column__content stk-container stk-6614bc8-container stk--no-background stk--no-padding\"><div class=\"stk-block-content stk-inner-blocks stk-6614bc8-inner-blocks\">\n<div class=\"wp-block-stackable-count-up stk-block-count-up stk-block stk-48ad520\" data-block-id=\"48ad520\"><style>.stk-48ad520 {margin-bottom:10px !important;}.stk-48ad520 .stk-block-count-up__text{font-size:50px !important;color:var(--theme-palette-color-1, #5B38ED) !important;font-weight:800 !important;}@media screen and (max-width:999px){.stk-48ad520 .stk-block-count-up__text{font-size:40px !important;}}<\/style><div class=\"stk-block-count-up__text has-text-color has-palette-color-1-color has-text-align-center\">2,459<\/div><\/div>\n\n\n\n<div class=\"wp-block-stackable-text stk-block-text stk-block stk-fd9fab0\" data-block-id=\"fd9fab0\"><style>.stk-fd9fab0 .stk-block-text__text{color:var(--theme-palette-color-4, #111518) !important;font-weight:700 !important;text-transform:uppercase !important;}<\/style><p class=\"stk-block-text__text has-text-color has-palette-color-4-color has-text-align-center\">zadovoljni kupci<\/p><\/div>\n<\/div><\/div><\/div>\n\n\n\n<div class=\"wp-block-stackable-column stk-block-column stk-column stk-block stk-a5259d4\" data-v=\"4\" data-block-id=\"a5259d4\"><style>.stk-a5259d4-container{margin-top:0px !important;margin-right:0px !important;margin-bottom:0px !important;margin-left:0px !important;}@media screen and (min-width:690px){.stk-a5259d4 {flex:var(--stk-flex-grow, 1) 1 calc(34.60000000000003% - var(--stk-column-gap, 0px) * 2 \/ 3 ) !important;}}<\/style><div class=\"stk-column-wrapper stk-block-column__content stk-container stk-a5259d4-container stk--no-background stk--no-padding\"><div class=\"stk-block-content stk-inner-blocks stk-a5259d4-inner-blocks\">\n<div class=\"wp-block-stackable-count-up stk-block-count-up stk-block stk-84a982a\" data-block-id=\"84a982a\"><style>.stk-84a982a {margin-bottom:10px !important;}.stk-84a982a .stk-block-count-up__text{font-size:50px !important;color:var(--theme-palette-color-1, #5B38ED) !important;font-weight:800 !important;}@media screen and (max-width:999px){.stk-84a982a .stk-block-count-up__text{font-size:40px !important;}}<\/style><div class=\"stk-block-count-up__text has-text-color has-palette-color-1-color has-text-align-center\">100%<\/div><\/div>\n\n\n\n<div class=\"wp-block-stackable-text stk-block-text stk-block stk-df8e931\" data-block-id=\"df8e931\"><style>.stk-df8e931 .stk-block-text__text{color:var(--theme-palette-color-4, #111518) !important;font-weight:700 !important;text-transform:uppercase !important;}<\/style><p class=\"stk-block-text__text has-text-color has-palette-color-4-color has-text-align-center\">jamstvo zadovoljstva<\/p><\/div>\n<\/div><\/div><\/div>\n<\/div><\/div>","protected":false},"excerpt":{"rendered":"<p>Tam Kjer Tehni\u010dni Piflarji Najdejo Svoje Produkte! Smo tehni\u010dno zelo dobro podkovana ekipa tehni\u010dnih piflarjev, ki vemo, na kaj biti [&hellip;]<\/p>\n","protected":false},"author":1,"featured_media":9683,"parent":0,"menu_order":0,"comment_status":"closed","ping_status":"closed","template":"","meta":{"_gspb_post_css":".gspb_container-id-gsbp-a0939ba{flex-direction:column;box-sizing:border-box}#gspb_container-id-gsbp-a0939ba.gspb_container>p:last-of-type{margin-bottom:0}#gspb_container-id-gsbp-a0939ba.gspb_container{position:relative}#gspb_container-id-gsbp-a0939ba.gspb_container .gs-prev-next-button{top:50%;width:36px;height:36px;border-radius:50%;transform:translateY(-50%);box-shadow:0 0 10px rgb(0 0 0\/5%);position:absolute;background:rgba(255,255,255,.75);border:0;cursor:pointer;z-index:99;display:flex;align-items:center;justify-content:center}#gspb_container-id-gsbp-a0939ba.gspb_container .gs-prev-next-button svg{fill:rgba(0,0,0,.3);width:60%;height:60%}#gspb_container-id-gsbp-a0939ba.gspb_container .gs-prev-next-button.previous{left:10px}#gspb_container-id-gsbp-a0939ba.gspb_container .gs-prev-next-button.next{right:10px}#gspb_container-id-gsbp-a0939ba.gspb_container .gs-prev-next-button:hover svg{fill:rgba(0,0,0,.6)}body #gspb_container-id-gsbp-a0939ba.gspb_container .products{overflow-x:auto!important;overflow-y:hidden;display:grid;grid-auto-flow:column;grid-template-columns:unset;-webkit-overflow-scrolling:touch;scroll-behavior:smooth;scroll-snap-type:x mandatory;scrollbar-width:thin;scrollbar-color:transparent transparent;padding-bottom:10px;grid-gap:3px}body #gspb_container-id-gsbp-a0939ba.gspb_container .products::-webkit-scrollbar{width:4px;height:4px}body #gspb_container-id-gsbp-a0939ba.gspb_container .products::-webkit-scrollbar-track{background-color:transparent;border-radius:20px}body #gspb_container-id-gsbp-a0939ba.gspb_container .products::-webkit-scrollbar-thumb{background-color:transparent;border-radius:20px;border:1px solid transparent}body #gspb_container-id-gsbp-a0939ba.gspb_container .products:hover::-webkit-scrollbar-thumb{background-color:#ddd}body #gspb_container-id-gsbp-a0939ba.gspb_container .products:hover::-webkit-scrollbar{background-color:transparent;border-radius:20px;border:1px solid transparent}body #gspb_container-id-gsbp-a0939ba.gspb_container .products:hover{scrollbar-color:#ddd transparent}body #gspb_container-id-gsbp-a0939ba.gspb_container .products>:not(.block-editor-inner-blocks){width:min(25ch,60vw)!important;scroll-snap-align:start;margin:0!important;grid-column:auto;grid-row:auto}.gspb-bodyfront #gspb_container-id-gsbp-a0939ba.gspb_container .products *{user-select:none;-webkit-user-drag:none}#gspb_container-id-gsbp-a0939ba.gspb_container .products a{cursor:pointer}#gspb_container-id-gsbp-a0939ba.gspb_container .products{padding-bottom:10px}","_sitemap_exclude":false,"_sitemap_priority":"","_sitemap_frequency":"","footnotes":""},"class_list":["post-689","page","type-page","status-publish","has-post-thumbnail","hentry"],"blocksy_meta":{"page_title_panel":"","has_hero_section":"disabled","e526bf15e511397327c0ea7c622e70d5":"","hero_section":"type-1","hero_elements":[{"id":"custom_title","enabled":true,"heading_tag":"h1","title":"Home"},{"id":"custom_description","enabled":true,"description_visibility":{"desktop":true,"tablet":true,"mobile":false}},{"id":"custom_meta","enabled":false,"meta_elements":[{"id":"author","enabled":true,"label":"By","has_author_avatar":"yes","avatar_size":25},{"id":"post_date","enabled":true,"label":"On","date_format_source":"default","date_format":"M j, Y"},{"id":"updated_date","enabled":false,"label":"On","date_format_source":"default","date_format":"M j, Y"},{"id":"categories","enabled":false,"label":"In","style":"simple"},{"id":"comments","enabled":true}],"page_meta_elements":{"joined":true,"articles_count":true,"comments":true}},{"id":"breadcrumbs","enabled":false}],"e215eb52d97ca5ebf9ff3868ffff48c4":"","hero_alignment1":"CT_CSS_SKIP_RULE","hero_margin":40,"hero_alignment2":"center","hero_vertical_alignment":"center","9ab8835f9687c382b8c48ee74eb290b1":"","hero_structure":"narrow","9fcb5372e27f299ebb25c8a4aba6c935":"","page_title_bg_type":"featured_image","custom_hero_background":{"attachment_id":null},"page_title_image_size":"full","parallax":{"desktop":false,"tablet":false,"mobile":false},"a6bd30db6f7128ca14dd777aa48118ec":"","hero_height":"250px","pageTitleFont":{"family":"Default","variation":"Default","size":"30px","line-height":"CT_CSS_SKIP_RULE","letter-spacing":"CT_CSS_SKIP_RULE","text-transform":"CT_CSS_SKIP_RULE","text-decoration":"CT_CSS_SKIP_RULE"},"pageTitleFontColor":{"default":{"color":"CT_CSS_SKIP_RULEDEFAULT"}},"pageMetaFont":{"family":"Default","variation":"n6","size":"12px","line-height":"1.3","letter-spacing":"CT_CSS_SKIP_RULE","text-transform":"uppercase","text-decoration":"CT_CSS_SKIP_RULE"},"pageMetaFontColor":{"default":{"color":"CT_CSS_SKIP_RULEDEFAULT"},"hover":{"color":"CT_CSS_SKIP_RULEDEFAULT"}},"page_meta_button_type_font_colors":{"default":{"color":"CT_CSS_SKIP_RULEDEFAULT"},"hover":{"color":"CT_CSS_SKIP_RULEDEFAULT"}},"page_meta_button_type_background_colors":{"default":{"color":"CT_CSS_SKIP_RULEDEFAULT"},"hover":{"color":"CT_CSS_SKIP_RULEDEFAULT"}},"pageExcerptFont":{"family":"Default","variation":"Default","size":"CT_CSS_SKIP_RULE","line-height":"CT_CSS_SKIP_RULE","letter-spacing":"CT_CSS_SKIP_RULE","text-transform":"CT_CSS_SKIP_RULE","text-decoration":"CT_CSS_SKIP_RULE"},"pageExcerptColor":{"default":{"color":"CT_CSS_SKIP_RULEDEFAULT"}},"breadcrumbsFont":{"family":"Default","variation":"Default","size":"CT_CSS_SKIP_RULE","line-height":"CT_CSS_SKIP_RULE","letter-spacing":"CT_CSS_SKIP_RULE","text-transform":"CT_CSS_SKIP_RULE","text-decoration":"CT_CSS_SKIP_RULE"},"breadcrumbsFontColor":{"default":{"color":"CT_CSS_SKIP_RULEDEFAULT"},"initial":{"color":"CT_CSS_SKIP_RULEDEFAULT"},"hover":{"color":"CT_CSS_SKIP_RULEDEFAULT"}},"pageTitleOverlay":{"background_type":"color","background_pattern":"type-1","background_image":{"attachment_id":null,"x":0,"y":0},"gradient":"linear-gradient(135deg,rgba(6,147,227,1) 0%,rgb(155,81,224) 100%)","background_repeat":"repeat","background_size":"auto","background_attachment":"scroll","patternColor":{"default":{"color":"#e5e7ea"}},"overlayColor":{"default":{"color":"CT_CSS_SKIP_RULE"}},"backgroundColor":{"default":{"color":"CT_CSS_SKIP_RULE"}}},"pageTitleBackground":{"background_type":"color","background_pattern":"type-1","background_image":{"attachment_id":null,"x":0,"y":0},"gradient":"linear-gradient(135deg,rgba(6,147,227,1) 0%,rgb(155,81,224) 100%)","background_repeat":"repeat","background_size":"auto","background_attachment":"scroll","patternColor":{"default":{"color":"#e5e7ea"}},"overlayColor":{"default":{"color":"CT_CSS_SKIP_RULE"}},"backgroundColor":{"default":{"color":"var(--theme-palette-color-6)"}}},"pageTitlePadding":{"top":"50px","bottom":"50px","left":"auto","right":"auto","linked":true},"17dd88181336b93c39910ae374bba20f":"","page_structure_type":"default","dc61af32236be1bc5ecce3249dcc2da4":"","content_style_source":"inherit","content_style":"wide","vertical_spacing_source":"custom","content_area_spacing":"none","background":{"background_type":"color","background_pattern":"type-1","background_image":{"attachment_id":null,"x":0,"y":0},"gradient":"linear-gradient(135deg,rgba(6,147,227,1) 0%,rgb(155,81,224) 100%)","background_repeat":"repeat","background_size":"auto","background_attachment":"scroll","patternColor":{"default":{"color":"#e5e7ea"}},"overlayColor":{"default":{"color":"CT_CSS_SKIP_RULE"}},"backgroundColor":{"default":{"color":"CT_CSS_SKIP_RULE"}}},"content_background":{"background_type":"color","background_pattern":"type-1","background_image":{"attachment_id":null,"x":0,"y":0},"gradient":"linear-gradient(135deg,rgba(6,147,227,1) 0%,rgb(155,81,224) 100%)","background_repeat":"repeat","background_size":"auto","background_attachment":"scroll","patternColor":{"default":{"color":"#e5e7ea"}},"overlayColor":{"default":{"color":"CT_CSS_SKIP_RULE"}},"backgroundColor":{"default":{"color":"var(--theme-palette-color-8)"}}},"content_boxed_shadow":{"inherit":false,"blur":18,"spread":-6,"v_offset":12,"h_offset":0,"inset":false,"enable":true,"color":{"color":"rgba(34, 56, 101, 0.04)"}},"boxed_content_spacing":{"desktop":{"top":"40px","bottom":"40px","left":"40px","right":"40px","linked":true},"tablet":{"top":"35px","bottom":"35px","left":"35px","right":"35px","linked":true},"mobile":{"top":"20px","bottom":"20px","left":"20px","right":"20px","linked":true}},"content_boxed_radius":{"top":"3px","bottom":"3px","left":"3px","right":"3px","linked":true},"27df1c2ee6c2fdf36e31c6059ce1ce37":"","disable_featured_image":"no","disable_share_box":"no","disable_header":"no","disable_footer":"no","styles_descriptor":{"styles":{"desktop":"","tablet":"","mobile":""},"google_fonts":[],"version":6}},"_links":{"self":[{"href":"https:\/\/piflarnakupuje.top\/hr\/wp-json\/wp\/v2\/pages\/689","targetHints":{"allow":["GET"]}}],"collection":[{"href":"https:\/\/piflarnakupuje.top\/hr\/wp-json\/wp\/v2\/pages"}],"about":[{"href":"https:\/\/piflarnakupuje.top\/hr\/wp-json\/wp\/v2\/types\/page"}],"author":[{"embeddable":true,"href":"https:\/\/piflarnakupuje.top\/hr\/wp-json\/wp\/v2\/users\/1"}],"replies":[{"embeddable":true,"href":"https:\/\/piflarnakupuje.top\/hr\/wp-json\/wp\/v2\/comments?post=689"}],"version-history":[{"count":1,"href":"https:\/\/piflarnakupuje.top\/hr\/wp-json\/wp\/v2\/pages\/689\/revisions"}],"predecessor-version":[{"id":10361,"href":"https:\/\/piflarnakupuje.top\/hr\/wp-json\/wp\/v2\/pages\/689\/revisions\/10361"}],"wp:featuredmedia":[{"embeddable":true,"href":"https:\/\/piflarnakupuje.top\/hr\/wp-json\/wp\/v2\/media\/9683"}],"wp:attachment":[{"href":"https:\/\/piflarnakupuje.top\/hr\/wp-json\/wp\/v2\/media?parent=689"}],"curies":[{"name":"wp","href":"https:\/\/api.w.org\/{rel}","templated":true}]}}