{"id":1084,"date":"2024-07-05T01:33:11","date_gmt":"2024-07-05T01:33:11","guid":{"rendered":"https:\/\/piflarnakupuje.top\/?post_type=product&#038;p=1084"},"modified":"2026-04-16T13:58:13","modified_gmt":"2026-04-16T13:58:13","slug":"ix4-elektricni-skiro-48v-15ah-800w-10-col-kolesa-doseg-40-45km-150kg-regeneracija-energije","status":"publish","type":"product","link":"https:\/\/piflarnakupuje.top\/hr\/pp\/ix4-elektricni-skiro-48v-15ah-800w-10-col-kolesa-doseg-40-45km-150kg-regeneracija-energije\/","title":{"rendered":"iX4 Elektri\u010dni skuter 48V 15Ah 800W 10-in\u010dni kota\u010di, domet 40-45KM, regeneracija energije 150Kg"},"content":{"rendered":"<p style=\"font-weight: 400;\"><strong>Tehni\u010dki podaci:<\/strong><\/p>\n<table style=\"font-weight: 400;\">\n<tbody>\n<tr>\n<td width=\"155\"><\/td>\n<td width=\"174\"><\/td>\n<td width=\"151\">Model<\/td>\n<td width=\"178\">X4<\/td>\n<\/tr>\n<tr>\n<td width=\"155\">Motor<\/td>\n<td width=\"174\">800 W<\/td>\n<td width=\"151\">gume<\/td>\n<td width=\"178\">Guma od 10 in\u010da<\/td>\n<\/tr>\n<tr>\n<td width=\"155\">baterija<\/td>\n<td width=\"174\">48V 15Ah<\/td>\n<td width=\"151\">maksimalna brzina<\/td>\n<td width=\"178\">45 km\/h<\/td>\n<\/tr>\n<tr>\n<td width=\"155\"><a href=\"https:\/\/piflarnakupuje.top\/hr\/pp\/bw-s25-75w-6-portni-hitri-polnilec-pps-pd3-0-qc3-0-scp\/\">punja\u010d<\/a><\/td>\n<td width=\"174\">54,6 V 2 A<\/td>\n<td width=\"151\">doseg<\/td>\n<td width=\"178\">40-45 KM<\/td>\n<\/tr>\n<tr>\n<td width=\"155\">aplikacija<\/td>\n<td width=\"174\">Aplikacija za mini robote<\/td>\n<td width=\"151\">nagib<\/td>\n<td width=\"178\">25\u00b0<\/td>\n<\/tr>\n<tr>\n<td width=\"155\">suspenzija<\/td>\n<td width=\"174\">sprijeda i straga<\/td>\n<td width=\"151\">ponderiranje<\/td>\n<td width=\"178\">150 kg<\/td>\n<\/tr>\n<tr>\n<td width=\"155\">ko\u010dnice<\/td>\n<td width=\"174\">dvostruke ko\u010dnice<\/td>\n<td width=\"151\">te\u017eina<\/td>\n<td width=\"178\">25 kg<\/td>\n<\/tr>\n<tr>\n<td width=\"155\">veli\u010dina pakiranja<\/td>\n<td width=\"174\">126*26*50 cm<\/td>\n<td width=\"151\">te\u017eina paketa<\/td>\n<td width=\"178\">30 kg<\/td>\n<\/tr>\n<\/tbody>\n<\/table>\n<p style=\"font-weight: 400;\"><strong>\u00a0<\/strong><\/p>\n<p style=\"font-weight: 400;\"><strong>Zna\u010dajke:<\/strong><br \/>\n\u2013 Motor od 15 Ah, 48 V i 800 W.<br \/>\n\u2013 postavka brzine: 1. brzina (15 km\/h); 2. brzina (30 km\/h); 3. brzina (45 km\/h).<br \/>\n\u2013 crveno svjetlo za vidljivost no\u0107u.<br \/>\n\u2013 dvostruki diskovi sprijeda i straga.<br \/>\n\u2013 napredni LCD zaslon koji prikazuje sve potrebne informacije.<br \/>\n- 10 col <a href=\"https:\/\/piflarnakupuje.top\/hr\/pp\/hr-x40-elektricno-kolo-250w-motor-36v-6ah-akumulator-14-colska-kolesa-25km-h\/\">kolesa<\/a>sa dobrim oprijemom<\/p>\n<p style=\"font-weight: 400;\"><strong>Paket uklju\u010duje:<\/strong><br \/>\n1x <a href=\"https:\/\/piflarnakupuje.top\/hr\/pp\/s5-elektricni-skiror-24v-2-5ah-130w-motor-prednje-kolo-6-3-cole-zadnje-6-5-col-doseg-5-8km\/\">elektri\u010dni skuter<\/a><br \/>\n1 x upute<br \/>\n1x <a href=\"https:\/\/piflarnakupuje.top\/hr\/pp\/bw-s25-75w-6-portni-hitri-polnilec-pps-pd3-0-qc3-0-scp\/\">punja\u010d<\/a><\/p>","protected":false},"excerpt":{"rendered":"<p>Specifikacije: Model IX4 Motor 800W gume 10 inch Tire baterija 48V 15Ah max hitrost 45KM\/H polnilec 54.6V 2A doseg 40-45KM [&hellip;]<\/p>\n","protected":false},"featured_media":1093,"comment_status":"open","ping_status":"closed","template":"","meta":{"_gspb_post_css":"","_sitemap_exclude":false,"_sitemap_priority":"","_sitemap_frequency":""},"product_brand":[],"product_cat":[48,17],"product_tag":[],"class_list":{"0":"post-1084","1":"product","2":"type-product","3":"status-publish","4":"has-post-thumbnail","6":"product_cat-elektricni-skiro","7":"product_cat-elektricni-skiroji","8":"product_shipping_class-skiroji","9":"pa_barva-siva","10":"pa_kapaciteta-baterije-vozila-od-5-do-10-ah","11":"pa_maksimalna-obremenitev-140-do-160kg","12":"pa_moc-pogona-500-do-1000w","13":"pa_namen-uporabe-tip-gume-cestni","14":"pa_namen-uporabe-tip-gume-terenski","15":"pa_skladisce-brezcarinsko-skladisce-slovenija","16":"pa_stevilo-motorjev-163","17":"pa_velikost-kolesa-10-col","19":"first","20":"instock","21":"shipping-taxable","22":"purchasable","23":"product-type-simple"},"_links":{"self":[{"href":"https:\/\/piflarnakupuje.top\/hr\/wp-json\/wp\/v2\/product\/1084","targetHints":{"allow":["GET"]}}],"collection":[{"href":"https:\/\/piflarnakupuje.top\/hr\/wp-json\/wp\/v2\/product"}],"about":[{"href":"https:\/\/piflarnakupuje.top\/hr\/wp-json\/wp\/v2\/types\/product"}],"replies":[{"embeddable":true,"href":"https:\/\/piflarnakupuje.top\/hr\/wp-json\/wp\/v2\/comments?post=1084"}],"wp:featuredmedia":[{"embeddable":true,"href":"https:\/\/piflarnakupuje.top\/hr\/wp-json\/wp\/v2\/media\/1093"}],"wp:attachment":[{"href":"https:\/\/piflarnakupuje.top\/hr\/wp-json\/wp\/v2\/media?parent=1084"}],"wp:term":[{"taxonomy":"product_brand","embeddable":true,"href":"https:\/\/piflarnakupuje.top\/hr\/wp-json\/wp\/v2\/product_brand?post=1084"},{"taxonomy":"product_cat","embeddable":true,"href":"https:\/\/piflarnakupuje.top\/hr\/wp-json\/wp\/v2\/product_cat?post=1084"},{"taxonomy":"product_tag","embeddable":true,"href":"https:\/\/piflarnakupuje.top\/hr\/wp-json\/wp\/v2\/product_tag?post=1084"}],"curies":[{"name":"wp","href":"https:\/\/api.w.org\/{rel}","templated":true}]}}