{"id":1102,"date":"2024-07-05T02:01:07","date_gmt":"2024-07-05T02:01:07","guid":{"rendered":"https:\/\/piflarnakupuje.top\/?post_type=product&#038;p=1102"},"modified":"2026-04-16T13:56:47","modified_gmt":"2026-04-16T13:56:47","slug":"q7-48v-elektricni-skiro-17-5ah-baterija-500w2-dva-motorja-10colska-kolesa-55-65km-dosega","status":"publish","type":"product","link":"https:\/\/piflarnakupuje.top\/hr\/pp\/q7-48v-elektricni-skiro-17-5ah-baterija-500w2-dva-motorja-10colska-kolesa-55-65km-dosega\/","title":{"rendered":"Q7 48V elektri\u010dni skuter 17.5Ah baterija 500W * 2 dva motora 10-in\u010dni kota\u010di domet 55-65 KM"},"content":{"rendered":"<p><b>Tehni\u010dki podaci:<\/b><\/p>\n<table>\n<colgroup>\n<col width=\"171\" \/>\n<col width=\"244\" \/>\n<col width=\"171\" \/>\n<col width=\"244\" \/><\/colgroup>\n<tbody>\n<tr>\n<td>Model<\/td>\n<td>WQ-Q7<\/td>\n<td>Veli\u010dina kota\u010da<\/td>\n<td>10 in\u010da<\/td>\n<\/tr>\n<tr>\n<td>okvir<\/td>\n<td>aluminij<\/td>\n<td>na\u010dini vo\u017enje<\/td>\n<td>3<\/td>\n<\/tr>\n<tr>\n<td><b>ko\u010dnice<\/b><\/td>\n<td><b>prednji stra\u017enji diskovi<\/b><\/td>\n<td><b>Snaga motora<\/b><\/td>\n<td><b>500 W* 2 (sprijeda i sada)<\/b><\/td>\n<\/tr>\n<tr>\n<td>svjetla naprijed stra\u017enja<\/td>\n<td>LED<\/td>\n<td>preporu\u010dena brzina<\/td>\n<td>25 km\/h<\/td>\n<\/tr>\n<tr>\n<td>nagib<\/td>\n<td>35\u00b0<\/td>\n<td>doseg<\/td>\n<td>55-65 KM<\/td>\n<\/tr>\n<tr>\n<td>visina upravlja\u010da<\/td>\n<td>50\u201350 cm<\/td>\n<td><b>Baterija<\/b><\/td>\n<td><b>48V 17.5AH<\/b><\/td>\n<\/tr>\n<tr>\n<td>paket<\/td>\n<td>1210 * 260 * 370 mm<\/td>\n<td>napon punjenja<\/td>\n<td>110-240 V<\/td>\n<\/tr>\n<tr>\n<td>neto te\u017eina<\/td>\n<td>23 kg<\/td>\n<td>napon punjenja<\/td>\n<td>54,6 V<\/td>\n<\/tr>\n<tr>\n<td>bruto te\u017eina<\/td>\n<td>26 kg<\/td>\n<td>vrijeme punjenja<\/td>\n<td>9-9,5 sati<\/td>\n<\/tr>\n<tr>\n<td>optere\u0107enje<\/td>\n<td>120 kg<\/td>\n<td>boja<\/td>\n<td>Crna<\/td>\n<\/tr>\n<\/tbody>\n<\/table>\n<p><b>Paket:<\/b><\/p>\n<p>1x <a href=\"https:\/\/piflarnakupuje.top\/hr\/pp\/f20-ultra-elektricno-kolo-750w-motor-48v-25ah-akumulatory-205-col\/\">elektri\u010dni skuter<\/a><br \/>\n1x <a href=\"https:\/\/piflarnakupuje.top\/hr\/pp\/4-in-1-qi-brezzicni-polnilec-za-vse-naprave-z-qi-standardom\/\">punja\u010d<\/a><br \/>\n1 x upute<\/p>","protected":false},"excerpt":{"rendered":"<p><b>Paket:<\/b><\/p>\n<p>1 x elektri\u010dni skuter<br \/>\n1 x punja\u010d<br \/>\n1 x upute<\/p>","protected":false},"featured_media":1100,"comment_status":"open","ping_status":"closed","template":"","meta":{"_gspb_post_css":"","_sitemap_exclude":false,"_sitemap_priority":"","_sitemap_frequency":""},"product_brand":[],"product_cat":[48,17],"product_tag":[],"class_list":{"0":"post-1102","1":"product","2":"type-product","3":"status-publish","4":"has-post-thumbnail","6":"product_cat-elektricni-skiro","7":"product_cat-elektricni-skiroji","8":"product_shipping_class-skiroji","9":"pa_barva-crna","10":"pa_kapaciteta-baterije-vozila-od-10-do-20-ah","11":"pa_maksimalna-obremenitev-100-do-120kg","12":"pa_moc-pogona-500-do-1000w","13":"pa_namen-uporabe-tip-gume-terenski","14":"pa_skladisce-centralno-skladisce-slovenija","15":"pa_stevilo-motorjev-164","16":"pa_velikost-kolesa-10-col","18":"first","19":"instock","20":"shipping-taxable","21":"purchasable","22":"product-type-simple"},"_links":{"self":[{"href":"https:\/\/piflarnakupuje.top\/hr\/wp-json\/wp\/v2\/product\/1102","targetHints":{"allow":["GET"]}}],"collection":[{"href":"https:\/\/piflarnakupuje.top\/hr\/wp-json\/wp\/v2\/product"}],"about":[{"href":"https:\/\/piflarnakupuje.top\/hr\/wp-json\/wp\/v2\/types\/product"}],"replies":[{"embeddable":true,"href":"https:\/\/piflarnakupuje.top\/hr\/wp-json\/wp\/v2\/comments?post=1102"}],"wp:featuredmedia":[{"embeddable":true,"href":"https:\/\/piflarnakupuje.top\/hr\/wp-json\/wp\/v2\/media\/1100"}],"wp:attachment":[{"href":"https:\/\/piflarnakupuje.top\/hr\/wp-json\/wp\/v2\/media?parent=1102"}],"wp:term":[{"taxonomy":"product_brand","embeddable":true,"href":"https:\/\/piflarnakupuje.top\/hr\/wp-json\/wp\/v2\/product_brand?post=1102"},{"taxonomy":"product_cat","embeddable":true,"href":"https:\/\/piflarnakupuje.top\/hr\/wp-json\/wp\/v2\/product_cat?post=1102"},{"taxonomy":"product_tag","embeddable":true,"href":"https:\/\/piflarnakupuje.top\/hr\/wp-json\/wp\/v2\/product_tag?post=1102"}],"curies":[{"name":"wp","href":"https:\/\/api.w.org\/{rel}","templated":true}]}}