{"id":1232,"date":"2024-07-05T10:08:29","date_gmt":"2024-07-05T10:08:29","guid":{"rendered":"https:\/\/piflarnakupuje.top\/?post_type=product&#038;p=1232"},"modified":"2025-07-01T07:58:46","modified_gmt":"2025-07-01T07:58:46","slug":"sg109-pro-rc-drone-dual-4k-camera-2-akumulatorja","status":"publish","type":"product","link":"https:\/\/piflarnakupuje.top\/hr\/pp\/sg109-pro-rc-drone-dual-4k-camera-2-akumulatorja\/","title":{"rendered":"SG109 Pro RC dron s dvostrukom 4K kamerom \u2013 2 baterije"},"content":{"rendered":"<h2>Tehni\u010dki podaci<\/h2>\n<table class=\"jbEidtTable\" border=\"1\" cellspacing=\"0\" cellpadding=\"5\">\n<tbody>\n<tr>\n<td><strong>General<\/strong><\/td>\n<td>Tip: RC <a href=\"https:\/\/piflarnakupuje.top\/hr\/piflar-testira-fpv-plus-freestyle-dron-rtf\/\">Dron<\/a><br \/>\nModel: SG109 Pro<\/td>\n<\/tr>\n<tr>\n<td><strong>Tehni\u010dki podaci<\/strong><\/td>\n<td>Materijal: ABS<br \/>\nPodesivi kut kamere s daljinskim upravlja\u010dem, 90\u00b0<br \/>\nTako\u0111er mo\u017eete umetnuti najve\u0107i telefon: 5,5 in\u010da<br \/>\nBaterije za daljinski upravlja\u010d: 3 x AA (nisu uklju\u010dene)<br \/>\nfrekvencija: 2,4 GHz<br \/>\nKapaciteta lionske baterije: 3.7V 1600mAh<br \/>\nDomet (bez smetnji): cca. 100 m<br \/>\nVrijeme leta: cca. 15 min.<br \/>\npunjenje: cca. 3 h<br \/>\nNa\u010din punjenja: USB<br \/>\nRezolucija prednje kamere: 4096*2160<br \/>\nRezolucija donje kamere: 4096*2160<br \/>\nvideo prednje kamere: 1920*1080<br \/>\nvideo donje kamere: 1920*1080<br \/>\nWifi video prijenos (bez smetnji): cca. 100m<br \/>\nObjektiv kamere: 120\u00b0<br \/>\nbroj sli\u010dica u sekundi: 20 fps<br \/>\nPosebne zna\u010dajke: motor bez \u010detkica, elektroni\u010dki kontrolirana kamera, uspon i spu\u0161tanje, lijevo i desno, naprijed i natrag, let lijevo i desno, kontrola brzine, let bez glave, opti\u010dko otkrivanje prepreka, fotografija izraza lica, video izraza lica, povratak klikom, prebacivanje kamere<\/td>\n<\/tr>\n<tr>\n<td><strong>Veli\u010dina i te\u017eina<\/strong><\/td>\n<td>Te\u017eina paketa: 480 g<br \/>\nVeli\u010dina pakiranja (D x \u0160 x V): 23 x 18 x 8 cm<\/td>\n<\/tr>\n<tr>\n<td><strong>Paket<\/strong><\/td>\n<td>1 x RC <a href=\"https:\/\/piflarnakupuje.top\/hr\/piflar-testira-fpv-plus-freestyle-dron-rtf\/\">Dron<\/a><br \/>\n1 x senzor za izbjegavanje prepreka<br \/>\n1 x daljinski upravlja\u010d<br \/>\n1 x dr\u017ealo mobitela<br \/>\n2 x <a href=\"https:\/\/piflarnakupuje.top\/hr\/pp\/jump-1500-dodatni-akumulator-1548wh-lifepo4-tipa\/\">akumulator<\/a><br \/>\n1 x USB kabel za punjenje<br \/>\n1 x odvija\u010d<br \/>\n1 x rezervni propeleri<br \/>\n2 x rezervna vijka<br \/>\n1 x kutija za pohranu<br \/>\n1 x upute<\/td>\n<\/tr>\n<\/tbody>\n<\/table>","protected":false},"excerpt":{"rendered":"<p><strong>Paket:<\/strong><\/p>\n<p>1 x RC dron<br \/>\n1 x senzor za izbjegavanje prepreka<br \/>\n1 x daljinski upravlja\u010d<br \/>\n1 x dr\u017ealo mobitela<br \/>\n2 baterije<br \/>\n1 x USB kabel za punjenje<br \/>\n1 x odvija\u010d<br \/>\n1 x rezervni propeleri<br \/>\n2 x rezervna vijka<br \/>\n1 x kutija za pohranu<br \/>\n1 x upute<\/p>","protected":false},"featured_media":1233,"comment_status":"open","ping_status":"closed","template":"","meta":{"_gspb_post_css":"","_sitemap_exclude":false,"_sitemap_priority":"","_sitemap_frequency":""},"product_brand":[],"product_cat":[49,20],"product_tag":[],"class_list":{"0":"post-1232","1":"product","2":"type-product","3":"status-publish","4":"has-post-thumbnail","6":"product_cat-profi-rc-igrace-za-velike-in-male-po-dusi","7":"product_cat-rc-droni","8":"product_shipping_class-rc","9":"pa_barva-crna","10":"pa_kolicina-akumulatorjev-rc-191","11":"pa_skladisce-brezcarinsko-skladisce-slovenija","12":"pa_tip-drona-klasicni-dron","13":"pa_tip-motorja-rc-brezkrtacni","15":"first","16":"instock","17":"sale","18":"shipping-taxable","19":"purchasable","20":"product-type-simple"},"_links":{"self":[{"href":"https:\/\/piflarnakupuje.top\/hr\/wp-json\/wp\/v2\/product\/1232","targetHints":{"allow":["GET"]}}],"collection":[{"href":"https:\/\/piflarnakupuje.top\/hr\/wp-json\/wp\/v2\/product"}],"about":[{"href":"https:\/\/piflarnakupuje.top\/hr\/wp-json\/wp\/v2\/types\/product"}],"replies":[{"embeddable":true,"href":"https:\/\/piflarnakupuje.top\/hr\/wp-json\/wp\/v2\/comments?post=1232"}],"wp:featuredmedia":[{"embeddable":true,"href":"https:\/\/piflarnakupuje.top\/hr\/wp-json\/wp\/v2\/media\/1233"}],"wp:attachment":[{"href":"https:\/\/piflarnakupuje.top\/hr\/wp-json\/wp\/v2\/media?parent=1232"}],"wp:term":[{"taxonomy":"product_brand","embeddable":true,"href":"https:\/\/piflarnakupuje.top\/hr\/wp-json\/wp\/v2\/product_brand?post=1232"},{"taxonomy":"product_cat","embeddable":true,"href":"https:\/\/piflarnakupuje.top\/hr\/wp-json\/wp\/v2\/product_cat?post=1232"},{"taxonomy":"product_tag","embeddable":true,"href":"https:\/\/piflarnakupuje.top\/hr\/wp-json\/wp\/v2\/product_tag?post=1232"}],"curies":[{"name":"wp","href":"https:\/\/api.w.org\/{rel}","templated":true}]}} 