{"id":1311,"date":"2024-07-05T20:34:38","date_gmt":"2024-07-05T20:34:38","guid":{"rendered":"https:\/\/piflarnakupuje.top\/?post_type=product&#038;p=1311"},"modified":"2025-07-01T07:57:26","modified_gmt":"2025-07-01T07:57:26","slug":"hyper-go-1-16-brezkrtacni-rc-avtomobilr-do-45km-h-moder-rtr","status":"publish","type":"product","link":"https:\/\/piflarnakupuje.top\/hr\/pp\/hyper-go-1-16-brezkrtacni-rc-avtomobilr-do-45km-h-moder-rtr\/","title":{"rendered":"HYPER GO 1\/16 RC automobil bez \u010detkica do 45 km\/h \u2013 plavi RTR"},"content":{"rendered":"<p style=\"font-weight: 400\"><b>Opis:<\/b><\/p>\n<table style=\"font-weight: 400\">\n<tbody>\n<tr>\n<td width=\"112\">Osnovne informacije.<\/td>\n<td width=\"359\">&nbsp;<\/p>\n<p>Model: 16208 16209<\/p>\n<p>Mjerilo: 1\/16<\/p>\n<p>Brzina: 45 km\/h<\/td>\n<td width=\"105\">Pogon<\/td>\n<td width=\"367\">ESC: 45A (s ALU hladnjakom)<\/p>\n<p>Motor: bez \u010detkica 2845<\/p>\n<p>Servo: 17g digitalni<\/td>\n<\/tr>\n<tr>\n<td width=\"112\">Oda\u0161ilja\u010d<\/td>\n<td width=\"359\">frekvencija: 2,4 GHz<\/p>\n<p>Baterija: 2XAA nije uklju\u010dena<\/td>\n<td width=\"105\">Baterija:<\/td>\n<td width=\"367\">7,4 V 1050 mAh 25 \u00b0C<\/p>\n<p>(punja\u010d od 5 V i 2 A)<\/td>\n<\/tr>\n<tr>\n<td width=\"112\">Ostalo<\/td>\n<td width=\"359\">punjenje: 180 min<\/p>\n<p>vo\u017enja: 10 min<\/p>\n<p>doseg: 60-80m<\/p>\n<p>naprijed, nazad, lijevo, desno.<\/p>\n<p>proporcionalno<\/td>\n<td width=\"105\">dimenzije<\/td>\n<td width=\"367\">veli\u010dina: 310 \u00d7 222 \u00d7 130 mm<\/p>\n<p>me\u0111uosovinski razmak: 182 mm<\/p>\n<p>izme\u0111u kota\u010da: 174 mm<\/p>\n<p>kota\u010di: 83 mm<\/p>\n<p>pakiranje: 31 \u00d7 20 \u00d7 24 cm<\/p>\n<p>te\u017eina: 1072 g<\/td>\n<\/tr>\n<\/tbody>\n<\/table>\n<p style=\"font-weight: 400\"><strong>16208 mod. 16209 ru\u017ea.<\/strong><\/p>\n<p style=\"font-weight: 400\"><strong>Zna\u010dajke:<\/strong><\/p>\n<ol>\n<li style=\"font-weight: 400\">metalni amortizeri;<\/li>\n<li style=\"font-weight: 400\">podr\u017eava bateriju do 3s;<\/li>\n<li style=\"font-weight: 400\">45A bez\u010detkni ESC + 2845 bez\u010detkni motor;<\/li>\n<li style=\"font-weight: 400\">standardni prijemnik, jednostavan za modifikaciju;<\/li>\n<li style=\"font-weight: 400\">metalni pogonski sklop.<\/li>\n<\/ol>\n<p style=\"font-weight: 400\"><b>Paket:<\/b><\/p>\n<p style=\"font-weight: 400\">1*RC automobil<\/p>\n<p style=\"font-weight: 400\">1*pilot<\/p>\n<p style=\"font-weight: 400\">1*ugra\u0111ena baterija<\/p>\n<p style=\"font-weight: 400\">1*punja\u010d<\/p>","protected":false},"excerpt":{"rendered":"<p style=\"font-weight: 400\"><b>Paket:<\/b><\/p>\n<p style=\"font-weight: 400\">1*RC automobil<\/p>\n<p style=\"font-weight: 400\">1*pilot<\/p>\n<p style=\"font-weight: 400\">1*ugra\u0111ena baterija<\/p>\n<p style=\"font-weight: 400\">1*punja\u010d<\/p>","protected":false},"featured_media":1320,"comment_status":"open","ping_status":"closed","template":"","meta":{"_gspb_post_css":"","_sitemap_exclude":false,"_sitemap_priority":"","_sitemap_frequency":""},"product_brand":[],"product_cat":[49,21],"product_tag":[],"class_list":{"0":"post-1311","1":"product","2":"type-product","3":"status-publish","4":"has-post-thumbnail","6":"product_cat-profi-rc-igrace-za-velike-in-male-po-dusi","7":"product_cat-rc-avtomobili","8":"product_shipping_class-rc","9":"pa_barva-modra","10":"pa_kolicina-akumulatorjev-rc-190","11":"pa_merilo-rc-avtomobila-143","12":"pa_skladisce-brezcarinsko-skladisce-slovenija","13":"pa_tip-motorja-rc-brezkrtacni","14":"pa_vrsta-avtomobila-terenski","16":"first","17":"instock","18":"shipping-taxable","19":"purchasable","20":"product-type-simple"},"_links":{"self":[{"href":"https:\/\/piflarnakupuje.top\/hr\/wp-json\/wp\/v2\/product\/1311","targetHints":{"allow":["GET"]}}],"collection":[{"href":"https:\/\/piflarnakupuje.top\/hr\/wp-json\/wp\/v2\/product"}],"about":[{"href":"https:\/\/piflarnakupuje.top\/hr\/wp-json\/wp\/v2\/types\/product"}],"replies":[{"embeddable":true,"href":"https:\/\/piflarnakupuje.top\/hr\/wp-json\/wp\/v2\/comments?post=1311"}],"wp:featuredmedia":[{"embeddable":true,"href":"https:\/\/piflarnakupuje.top\/hr\/wp-json\/wp\/v2\/media\/1320"}],"wp:attachment":[{"href":"https:\/\/piflarnakupuje.top\/hr\/wp-json\/wp\/v2\/media?parent=1311"}],"wp:term":[{"taxonomy":"product_brand","embeddable":true,"href":"https:\/\/piflarnakupuje.top\/hr\/wp-json\/wp\/v2\/product_brand?post=1311"},{"taxonomy":"product_cat","embeddable":true,"href":"https:\/\/piflarnakupuje.top\/hr\/wp-json\/wp\/v2\/product_cat?post=1311"},{"taxonomy":"product_tag","embeddable":true,"href":"https:\/\/piflarnakupuje.top\/hr\/wp-json\/wp\/v2\/product_tag?post=1311"}],"curies":[{"name":"wp","href":"https:\/\/api.w.org\/{rel}","templated":true}]}}