{"id":1453,"date":"2024-07-06T12:08:48","date_gmt":"2024-07-06T12:08:48","guid":{"rendered":"https:\/\/piflarnakupuje.top\/?post_type=product&#038;p=1453"},"modified":"2025-07-01T07:56:24","modified_gmt":"2025-07-01T07:56:24","slug":"l32-pametna-ura-bluetooth-5-0","status":"publish","type":"product","link":"https:\/\/piflarnakupuje.top\/hr\/pp\/l32-pametna-ura-bluetooth-5-0\/","title":{"rendered":"L32 Pametna ura Bluetooth 5.0"},"content":{"rendered":"<h2>Tehni\u010dki podaci<\/h2>\n<table class=\"jbEidtTable\" border=\"1\" cellspacing=\"0\" cellpadding=\"5\">\n<tbody>\n<tr>\n<td><strong>General<\/strong><\/td>\n<td>Model: L32<br \/>\nBoja: crna, zlatna<\/td>\n<\/tr>\n<tr>\n<td><strong>Hardver<\/strong><\/td>\n<td>\u010cip: BK3633<br \/>\nBluetooth: BT5.0<br \/>\nmemorija: 64MB<br \/>\nZahtjevi: Android 8.0 i noviji, IOS 8.0 i noviji<br \/>\nSenzor: SC7A20TR, HRS3301<\/td>\n<\/tr>\n<tr>\n<td><strong>Funkcije<\/strong><\/td>\n<td>Otkucaji srca, krvni tlak, kisik u krvi, san<br \/>\nobavijesti: poziv, poruka s ve\u0107ine dru\u0161tvenih mre\u017ea,<br \/>\nOstale funkcije: brojanje koraka, vrijeme, alarm, kalendar, reprodukcija glazbe, podsjetnik za pijenje vode, podsjetnik za uzimanje lijekova, pronala\u017eenje telefona, \u017eenski problemi, podsjetnik za pozive<\/td>\n<\/tr>\n<tr>\n<td><strong>Zaslon<\/strong><\/td>\n<td>Zaslon: TFT<br \/>\nzaslon osjetljiv na dodir<\/td>\n<\/tr>\n<tr>\n<td><strong>Baterija<\/strong><\/td>\n<td>Kapaciteta: 240mAh<br \/>\nVrijeme punjenja: cca. 2,5 h<\/td>\n<\/tr>\n<tr>\n<td><\/td>\n<td><\/td>\n<\/tr>\n<tr>\n<td><strong>Te\u017eina<\/strong><\/td>\n<td>\u00a035 g<\/td>\n<\/tr>\n<tr>\n<td><strong>Paket<\/strong><\/td>\n<td>1 x Sat<br \/>\n1 x punja\u010d 1 x upute<\/td>\n<\/tr>\n<\/tbody>\n<\/table>","protected":false},"excerpt":{"rendered":"<p><strong>Paket<\/strong><\/p>\n<p>1 x Sat<br \/>\n1 x Punja\u010d<br \/>\n1 x Upute<\/p>","protected":false},"featured_media":1456,"comment_status":"open","ping_status":"closed","template":"","meta":{"_gspb_post_css":"","_sitemap_exclude":false,"_sitemap_priority":"","_sitemap_frequency":""},"product_brand":[],"product_cat":[19,50],"product_tag":[],"class_list":{"0":"post-1453","1":"product","2":"type-product","3":"status-publish","4":"has-post-thumbnail","6":"product_cat-pametne-ure","7":"product_cat-zabavna-elektronika","8":"product_shipping_class-pametne-ure","9":"pa_barva-crna","10":"pa_barva-zlata","11":"pa_material-ohisja-ohisje-iz-umetne-mase","12":"pa_povezljivost-naprave-bluetooth","13":"pa_skladisce-centralno-skladisce-slovenija","14":"pa_uporaba-brez-polnjenja-0-do-3-dni","15":"pa_vrsta-polnjenja-brezcicno","17":"first","18":"instock","19":"sale","20":"shipping-taxable","21":"purchasable","22":"product-type-variable"},"_links":{"self":[{"href":"https:\/\/piflarnakupuje.top\/hr\/wp-json\/wp\/v2\/product\/1453","targetHints":{"allow":["GET"]}}],"collection":[{"href":"https:\/\/piflarnakupuje.top\/hr\/wp-json\/wp\/v2\/product"}],"about":[{"href":"https:\/\/piflarnakupuje.top\/hr\/wp-json\/wp\/v2\/types\/product"}],"replies":[{"embeddable":true,"href":"https:\/\/piflarnakupuje.top\/hr\/wp-json\/wp\/v2\/comments?post=1453"}],"wp:featuredmedia":[{"embeddable":true,"href":"https:\/\/piflarnakupuje.top\/hr\/wp-json\/wp\/v2\/media\/1456"}],"wp:attachment":[{"href":"https:\/\/piflarnakupuje.top\/hr\/wp-json\/wp\/v2\/media?parent=1453"}],"wp:term":[{"taxonomy":"product_brand","embeddable":true,"href":"https:\/\/piflarnakupuje.top\/hr\/wp-json\/wp\/v2\/product_brand?post=1453"},{"taxonomy":"product_cat","embeddable":true,"href":"https:\/\/piflarnakupuje.top\/hr\/wp-json\/wp\/v2\/product_cat?post=1453"},{"taxonomy":"product_tag","embeddable":true,"href":"https:\/\/piflarnakupuje.top\/hr\/wp-json\/wp\/v2\/product_tag?post=1453"}],"curies":[{"name":"wp","href":"https:\/\/api.w.org\/{rel}","templated":true}]}}