{"id":1532,"date":"2024-07-06T13:25:31","date_gmt":"2024-07-06T13:25:31","guid":{"rendered":"https:\/\/piflarnakupuje.top\/?post_type=product&#038;p=1532"},"modified":"2026-04-16T13:50:25","modified_gmt":"2026-04-16T13:50:25","slug":"g7-pametna-ura-vodo-odporna","status":"publish","type":"product","link":"https:\/\/piflarnakupuje.top\/hr\/pp\/g7-pametna-ura-vodo-odporna\/","title":{"rendered":"Pametni sat G7 otporan na vodu"},"content":{"rendered":"<h2>Tehni\u010dki podaci<\/h2>\n<table class=\"jbEidtTable\" border=\"1\" cellspacing=\"0\" cellpadding=\"5\">\n<tbody>\n<tr>\n<td>General<\/td>\n<td>Model: G7<br \/>\nBoja: crna, srebrna<\/td>\n<\/tr>\n<tr>\n<td>Hardver<\/td>\n<td>\u010cip: HS6621_AG<br \/>\nAPLIKACIJA: Wearfit pro<br \/>\nKompatibilno: Android 4.4 i noviji, IOS 8.4 i noviji<br \/>\nmemorija: 256KB + 128MB<br \/>\nvodootpornost: IP68<br \/>\nBluetooth: 5.1<\/td>\n<\/tr>\n<tr>\n<td>Funkcije<\/td>\n<td>otkucaji srca, krvni tlak, kisik u krvi, upravljanje glazbom, odabir po\u010detnog zaslona, \u200b\u200bpronala\u017eenje telefona, brojanje koraka, pra\u0107enje sna, trening disanja, kalorije, prima ve\u0107inu poruka s dru\u0161tvenih i drugih mre\u017ea<\/td>\n<\/tr>\n<tr>\n<td>Zaslon<\/td>\n<td>zaslon: dodirni<br \/>\nveli\u010dina: 1,35 in\u010da<br \/>\nrezolucija: 390*390<\/td>\n<\/tr>\n<tr>\n<td>Baterija<\/td>\n<td>kapaciteta: 180mAh<br \/>\npunjenje: 2 sata<\/td>\n<\/tr>\n<tr>\n<td>Materijal<\/td>\n<td>tijelo: legura cinka + ABS<br \/>\nveli\u010dina: TPU<\/td>\n<\/tr>\n<tr>\n<td><\/td>\n<td><\/td>\n<\/tr>\n<tr>\n<td>Veli\u010dina i te\u017eina paketa<\/td>\n<td>\u00a0157 g<br \/>\n14 x 10 x 3 cm<\/td>\n<\/tr>\n<tr>\n<td>paket<\/td>\n<td>1x <a href=\"https:\/\/piflarnakupuje.top\/hr\/pp\/appllp-3-max-pametna-ura-4gb-ram-128gb-rom-android-4g-sim-omrezje-gps\/\">sat<\/a><br \/>\n1 x punja\u010d 1 x upute<\/td>\n<\/tr>\n<\/tbody>\n<\/table>","protected":false},"excerpt":{"rendered":"<p><strong>Paket<\/strong><\/p>\n<p>1 x sat<br \/>\n1 x punja\u010d<br \/>\n1 x upute<\/p>","protected":false},"featured_media":1536,"comment_status":"open","ping_status":"closed","template":"","meta":{"_gspb_post_css":"","_sitemap_exclude":false,"_sitemap_priority":"","_sitemap_frequency":""},"product_brand":[],"product_cat":[19,50],"product_tag":[],"class_list":{"0":"post-1532","1":"product","2":"type-product","3":"status-publish","4":"has-post-thumbnail","6":"product_cat-pametne-ure","7":"product_cat-zabavna-elektronika","8":"pa_barva-crna","9":"pa_barva-siva","10":"pa_material-ohisja-ohisje-iz-kovine","11":"pa_povezljivost-naprave-bluetooth","12":"pa_skladisce-brezcarinsko-skladisce-slovenija","13":"pa_uporaba-brez-polnjenja-3-do-7-dni","14":"pa_vrsta-polnjenja-brezcicno","16":"first","17":"instock","18":"shipping-taxable","19":"purchasable","20":"product-type-variable"},"_links":{"self":[{"href":"https:\/\/piflarnakupuje.top\/hr\/wp-json\/wp\/v2\/product\/1532","targetHints":{"allow":["GET"]}}],"collection":[{"href":"https:\/\/piflarnakupuje.top\/hr\/wp-json\/wp\/v2\/product"}],"about":[{"href":"https:\/\/piflarnakupuje.top\/hr\/wp-json\/wp\/v2\/types\/product"}],"replies":[{"embeddable":true,"href":"https:\/\/piflarnakupuje.top\/hr\/wp-json\/wp\/v2\/comments?post=1532"}],"wp:featuredmedia":[{"embeddable":true,"href":"https:\/\/piflarnakupuje.top\/hr\/wp-json\/wp\/v2\/media\/1536"}],"wp:attachment":[{"href":"https:\/\/piflarnakupuje.top\/hr\/wp-json\/wp\/v2\/media?parent=1532"}],"wp:term":[{"taxonomy":"product_brand","embeddable":true,"href":"https:\/\/piflarnakupuje.top\/hr\/wp-json\/wp\/v2\/product_brand?post=1532"},{"taxonomy":"product_cat","embeddable":true,"href":"https:\/\/piflarnakupuje.top\/hr\/wp-json\/wp\/v2\/product_cat?post=1532"},{"taxonomy":"product_tag","embeddable":true,"href":"https:\/\/piflarnakupuje.top\/hr\/wp-json\/wp\/v2\/product_tag?post=1532"}],"curies":[{"name":"wp","href":"https:\/\/api.w.org\/{rel}","templated":true}]}}