{"id":1567,"date":"2024-07-06T14:31:45","date_gmt":"2024-07-06T14:31:45","guid":{"rendered":"https:\/\/piflarnakupuje.top\/?post_type=product&#038;p=1567"},"modified":"2025-07-01T07:56:00","modified_gmt":"2025-07-01T07:56:00","slug":"zeus-3-pro-pametna-ura-1-39-incni-tft-displej","status":"publish","type":"product","link":"https:\/\/piflarnakupuje.top\/hr\/pp\/zeus-3-pro-pametna-ura-1-39-incni-tft-displej\/","title":{"rendered":"ZEUS 3 Pro pametni sat s 1,39-in\u010dnim TFT zaslonom"},"content":{"rendered":"<h2>Tehni\u010dki podaci<\/h2>\n<table class=\"jbEidtTable\" border=\"1\" cellspacing=\"0\" cellpadding=\"5\">\n<tbody>\n<tr>\n<td>General<\/td>\n<td>Model: ZEUS 3 Pro<\/td>\n<\/tr>\n<tr>\n<td>Hardver<\/td>\n<td>\u010cipovi: 8763EWE<br \/>\nBluetooth: BT5.1<br \/>\nMemorija: RAM: 578KB ROM: 128Mb Flash<br \/>\nPovezivost: Android 5.0 i noviji, IOS 9.0 i noviji<br \/>\nsenzor za srce: HX3605<\/td>\n<\/tr>\n<tr>\n<td>Funkcije<\/td>\n<td>Pra\u0107enje zdravlja: Spavanje, otkucaji srca, krvni tlak, kisik u krvi<br \/>\nPoruke s ve\u0107ine dru\u0161tvenih mre\u017ea<br \/>\nOstale funkcije: Poziv, propu\u0161teni i odgovor, vi\u0161e modela vje\u017ebanja, pronala\u017eenje telefona, upravljanje kamerom, upravljanje glazbom, pijenje vode, alarm, aktivacija zape\u0161\u0107a, zamjena tipkovnice, vrijeme, SMS.<\/td>\n<\/tr>\n<tr>\n<td><\/td>\n<td><\/td>\n<\/tr>\n<tr>\n<td>Baterija<\/td>\n<td>Kapaciteta: 450mAh Lion<br \/>\nPunjenje: 2 sata<br \/>\nVrsta punjenja: be\u017ei\u010dno<br \/>\nNa \u010dekanju: 15 dana<\/td>\n<\/tr>\n<tr>\n<td>Materijal<\/td>\n<td>Ku\u0107i\u0161te: Plastika<br \/>\nKorak: TPU korak<\/td>\n<\/tr>\n<tr>\n<td>Zaslon<\/td>\n<td>\u00a01.39 TFT<br \/>\nrezolucija: 360*360<br \/>\nsve putem dodira<\/td>\n<\/tr>\n<tr>\n<td>Paket<\/td>\n<td>1 x sat<br \/>\n1 x kabel za punjenje<br \/>\n1 x upute<\/td>\n<\/tr>\n<\/tbody>\n<\/table>","protected":false},"excerpt":{"rendered":"<p>Paket<\/p>\n<p>1 x sat<br \/>\n1 x kabel za punjenje<br \/>\n1 x upute<\/p>","protected":false},"featured_media":1568,"comment_status":"open","ping_status":"closed","template":"","meta":{"_gspb_post_css":"","_sitemap_exclude":false,"_sitemap_priority":"","_sitemap_frequency":""},"product_brand":[],"product_cat":[19,50],"product_tag":[],"class_list":{"0":"post-1567","1":"product","2":"type-product","3":"status-publish","4":"has-post-thumbnail","6":"product_cat-pametne-ure","7":"product_cat-zabavna-elektronika","8":"product_shipping_class-pametne-ure","9":"pa_barva-crna","10":"pa_barva-modra","11":"pa_barva-oranzna","12":"pa_barva-rdeca","13":"pa_barva-zelena","14":"pa_material-ohisja-ohisje-iz-umetne-mase","15":"pa_povezljivost-naprave-bluetooth","16":"pa_skladisce-brezcarinsko-skladisce-slovenija","17":"pa_uporaba-brez-polnjenja-7-do-14-dni","18":"pa_vrsta-polnjenja-brezcicno","20":"first","21":"instock","22":"shipping-taxable","23":"purchasable","24":"product-type-variable"},"_links":{"self":[{"href":"https:\/\/piflarnakupuje.top\/hr\/wp-json\/wp\/v2\/product\/1567","targetHints":{"allow":["GET"]}}],"collection":[{"href":"https:\/\/piflarnakupuje.top\/hr\/wp-json\/wp\/v2\/product"}],"about":[{"href":"https:\/\/piflarnakupuje.top\/hr\/wp-json\/wp\/v2\/types\/product"}],"replies":[{"embeddable":true,"href":"https:\/\/piflarnakupuje.top\/hr\/wp-json\/wp\/v2\/comments?post=1567"}],"wp:featuredmedia":[{"embeddable":true,"href":"https:\/\/piflarnakupuje.top\/hr\/wp-json\/wp\/v2\/media\/1568"}],"wp:attachment":[{"href":"https:\/\/piflarnakupuje.top\/hr\/wp-json\/wp\/v2\/media?parent=1567"}],"wp:term":[{"taxonomy":"product_brand","embeddable":true,"href":"https:\/\/piflarnakupuje.top\/hr\/wp-json\/wp\/v2\/product_brand?post=1567"},{"taxonomy":"product_cat","embeddable":true,"href":"https:\/\/piflarnakupuje.top\/hr\/wp-json\/wp\/v2\/product_cat?post=1567"},{"taxonomy":"product_tag","embeddable":true,"href":"https:\/\/piflarnakupuje.top\/hr\/wp-json\/wp\/v2\/product_tag?post=1567"}],"curies":[{"name":"wp","href":"https:\/\/api.w.org\/{rel}","templated":true}]}}