{"id":1938,"date":"2024-07-08T06:07:03","date_gmt":"2024-07-08T06:07:03","guid":{"rendered":"https:\/\/piflarnakupuje.top\/?post_type=product&#038;p=1938"},"modified":"2026-04-16T13:45:12","modified_gmt":"2026-04-16T13:45:12","slug":"bw-s25-75w-6-portni-hitri-polnilec-pps-pd3-0-qc3-0-scp","status":"publish","type":"product","link":"https:\/\/piflarnakupuje.top\/hr\/pp\/bw-s25-75w-6-portni-hitri-polnilec-pps-pd3-0-qc3-0-scp\/","title":{"rendered":"BW-S25 75W brzi punja\u010d sa 6 priklju\u010daka PPS PD3.0 QC3.0 SCP"},"content":{"rendered":"<h2><strong>Tehni\u010dki podaci<\/strong><\/h2>\n<table style=\"font-weight: 400;\">\n<tbody>\n<tr>\n<td width=\"302\"><\/td>\n<td width=\"301\"><\/td>\n<\/tr>\n<tr>\n<td width=\"302\">Model<\/td>\n<td width=\"301\">BW-S25<\/td>\n<\/tr>\n<tr>\n<td width=\"302\">Materijal<\/td>\n<td width=\"301\">PC<\/td>\n<\/tr>\n<tr>\n<td width=\"302\">Utika\u010d<\/td>\n<td width=\"301\">EU<\/td>\n<\/tr>\n<tr>\n<td width=\"302\">Boja<\/td>\n<td width=\"301\">Crna<\/td>\n<\/tr>\n<tr>\n<td width=\"302\">Kabel<\/td>\n<td width=\"301\">1,5 m<\/td>\n<\/tr>\n<tr>\n<td width=\"302\">Ulaz<\/td>\n<td width=\"301\">AC 100-240 V, 50\/60 Hz, 1 A maks.<\/td>\n<\/tr>\n<tr>\n<td width=\"302\">USB-C protokoli<\/td>\n<td width=\"301\">PD3.0\/PPS\/PD2.0\/QC3.0\/QC2.0\/AFC\/FCP<\/td>\n<\/tr>\n<tr>\n<td width=\"302\">USB-A1 protokoli<\/td>\n<td width=\"301\">SCP\/FCP\/QC3.0\/QC2.0\/Apple 2.4A<\/td>\n<\/tr>\n<tr>\n<td width=\"302\">USB-C1 izlaz (maks. 75 W)<\/td>\n<td width=\"301\">PD: 5V\/3A, 9V\/3A, 12V\/3A, 15V\/3A, 20V\/3,75A<\/p>\n<p>PPS 3.3-11V\/5A<\/td>\n<\/tr>\n<tr>\n<td width=\"302\">USB-C2 izlaz (maks. 75 W)<\/td>\n<td width=\"301\">PD: 5V\/3A, 9V\/3A, 12V\/3A, 15V\/3A, 20V\/3,75A<\/p>\n<p>PPS 3.3-11V\/5A<\/td>\n<\/tr>\n<tr>\n<td width=\"302\">USB-C3 izlaz (maks. 75 W)<\/td>\n<td width=\"301\">PD: 5V\/3A, 9V\/3A, 12V\/3A, 15V\/3A, 20V\/3,75A<\/p>\n<p>PPS 3.3-11V\/5A<\/td>\n<\/tr>\n<tr>\n<td width=\"302\">USB-A1 izlaz (60 W maks.)<\/td>\n<td width=\"301\">SCP: 4,5 V \/ 5 A, 5 V \/ 4,5 A<\/p>\n<p>Kontrola kvalitete: 5 V\/3 A, 9 V\/3 A, 12 V\/3 A, 15 V\/3 A, 20 V\/3 A<\/td>\n<\/tr>\n<tr>\n<td width=\"302\">USB-A2 izlaz (10W maks.)<\/td>\n<td width=\"301\">5V\/2A<\/td>\n<\/tr>\n<tr>\n<td width=\"302\">USB-A3 izlaz (10W maks.)<\/td>\n<td width=\"301\">5V\/2A<\/td>\n<\/tr>\n<tr>\n<td width=\"302\">Izlaz USB-C1 + USB-C2<\/td>\n<td width=\"301\">45 W + 30 W (maksimalno 75 W)<\/td>\n<\/tr>\n<tr>\n<td width=\"302\">USB-C1 + USB-C3 izlaz<\/td>\n<td width=\"301\">45 W + 30 W (maksimalno 75 W)<\/td>\n<\/tr>\n<tr>\n<td width=\"302\">USB-C1\/C2\/C3 + USB-A1 izlaz<\/td>\n<td width=\"301\">45 W + 24 W (maksimalno 69 W)<\/td>\n<\/tr>\n<tr>\n<td width=\"302\">Izlaz USB-C1\/C2\/C3 + USB-A2<\/td>\n<td width=\"301\">65 W + 5 V\/2 A (maksimalno 75 W)<\/td>\n<\/tr>\n<tr>\n<td width=\"302\">USB-C1\/C2\/C3 + USB-A3 izlaz<\/td>\n<td width=\"301\">65 W + 5 V\/2 A (maksimalno 75 W)<\/td>\n<\/tr>\n<tr>\n<td width=\"302\">USB-C2 + USB-C3 izlaz<\/td>\n<td width=\"301\">45 W + 30 W (maksimalno 75 W)<\/td>\n<\/tr>\n<tr>\n<td width=\"302\">USB-C1 + USB-C2 + USB-C3 izlaz<\/td>\n<td width=\"301\">35 W + 20 W + 20 W<\/td>\n<\/tr>\n<tr>\n<td width=\"302\">Izlaz USB-C1 + USB-C2 + USB-A1<\/td>\n<td width=\"301\">35 W + 20 W + 18 W<\/td>\n<\/tr>\n<tr>\n<td width=\"302\">Izlaz USB-C1 + USB-C2 + USB-A2<\/td>\n<td width=\"301\">45 W + 20 W + 5 V\/2 A<\/td>\n<\/tr>\n<tr>\n<td width=\"302\">Izlaz USB-C1 + USB-C3 + USB-A2<\/td>\n<td width=\"301\">45 W + 20 W + 5 V\/2 A<\/td>\n<\/tr>\n<tr>\n<td width=\"302\">Izlaz USB-C1 + USB-A1 + USB-A2<\/td>\n<td width=\"301\">45 W + 18 W + 5 V\/2 A<\/td>\n<\/tr>\n<tr>\n<td width=\"302\">USB-C1 + USB-A1 + USB-A3 izlaz<\/td>\n<td width=\"301\">45 W + 18 W + 5 V\/2 A<\/td>\n<\/tr>\n<tr>\n<td width=\"302\">USB-C1 + USB-C2 + USB-C3 + USB-A1 + USB-A2 + USB-A3 izlaz<\/td>\n<td width=\"301\">30 W + 18 W + 5 V \/ 3,4 A + 5 V \/ 2 A<\/td>\n<\/tr>\n<tr>\n<td width=\"302\">Te\u017eina<\/td>\n<td width=\"301\">\u00a0cca 380 g<\/td>\n<\/tr>\n<\/tbody>\n<\/table>","protected":false},"excerpt":{"rendered":"<p><strong>Paket:<\/strong><\/p>\n<p>1 x punja\u010d za telefon<\/p>\n<p>1 x kabel za napajanje<\/p>","protected":false},"featured_media":1939,"comment_status":"open","ping_status":"closed","template":"","meta":{"_gspb_post_css":"","_sitemap_exclude":false,"_sitemap_priority":"","_sitemap_frequency":""},"product_brand":[],"product_cat":[50,46],"product_tag":[],"class_list":{"0":"post-1938","1":"product","2":"type-product","3":"status-publish","4":"has-post-thumbnail","6":"product_cat-zabavna-elektronika","7":"product_cat-polnilci-kabli-in-ostalo","8":"product_shipping_class-ostalo","9":"pa_barva-crna","10":"pa_skladisce-brezcarinsko-skladisce-slovenija","11":"pa_vrsta-polnjenja-zicno","13":"first","14":"instock","15":"sale","16":"shipping-taxable","17":"purchasable","18":"product-type-simple"},"_links":{"self":[{"href":"https:\/\/piflarnakupuje.top\/hr\/wp-json\/wp\/v2\/product\/1938","targetHints":{"allow":["GET"]}}],"collection":[{"href":"https:\/\/piflarnakupuje.top\/hr\/wp-json\/wp\/v2\/product"}],"about":[{"href":"https:\/\/piflarnakupuje.top\/hr\/wp-json\/wp\/v2\/types\/product"}],"replies":[{"embeddable":true,"href":"https:\/\/piflarnakupuje.top\/hr\/wp-json\/wp\/v2\/comments?post=1938"}],"wp:featuredmedia":[{"embeddable":true,"href":"https:\/\/piflarnakupuje.top\/hr\/wp-json\/wp\/v2\/media\/1939"}],"wp:attachment":[{"href":"https:\/\/piflarnakupuje.top\/hr\/wp-json\/wp\/v2\/media?parent=1938"}],"wp:term":[{"taxonomy":"product_brand","embeddable":true,"href":"https:\/\/piflarnakupuje.top\/hr\/wp-json\/wp\/v2\/product_brand?post=1938"},{"taxonomy":"product_cat","embeddable":true,"href":"https:\/\/piflarnakupuje.top\/hr\/wp-json\/wp\/v2\/product_cat?post=1938"},{"taxonomy":"product_tag","embeddable":true,"href":"https:\/\/piflarnakupuje.top\/hr\/wp-json\/wp\/v2\/product_tag?post=1938"}],"curies":[{"name":"wp","href":"https:\/\/api.w.org\/{rel}","templated":true}]}} 