{"id":1961,"date":"2024-07-08T06:36:55","date_gmt":"2024-07-08T06:36:55","guid":{"rendered":"https:\/\/piflarnakupuje.top\/?post_type=product&#038;p=1961"},"modified":"2026-04-16T13:44:22","modified_gmt":"2026-04-16T13:44:22","slug":"10w-dvojna-tuljava-qi-brezzicni-hitri-polnilec","status":"publish","type":"product","link":"https:\/\/piflarnakupuje.top\/hr\/pp\/10w-dvojna-tuljava-qi-brezzicni-hitri-polnilec\/","title":{"rendered":"Be\u017ei\u010dni brzi punja\u010d Qi s dvostrukom zavojnicom od 10 W"},"content":{"rendered":"<div><strong>Tehni\u010dki podaci:<\/strong><\/div>\n<div>Model: 669677<\/div>\n<div>Kompatibilno: univerzalno<\/div>\n<div>Standard: Qi<\/div>\n<div>Napajanje: DC 5V 2A<span style=\"color: #ff0000;\">,\u00a0<\/span>9V 1,67A<\/div>\n<div>Izlaz: USB 9V 1500mA<\/div>\n<div>Certifikati: CE, FCC, ROHS<\/div>\n<div>U\u010dinkovitost punjenja: 82%<\/div>\n<div>Udaljenost punjenja: 0-10 mm<\/div>\n<div>Veli\u010dina: 130x70x110 mm<\/div>\n<div>Podr\u017eava: sve QI ure\u0111aje<\/div>\n<div>Materijal: ABS<\/div>\n<div>\n<div><strong>Paket:<\/strong><\/div>\n<div>1x <a href=\"https:\/\/piflarnakupuje.top\/hr\/pp\/4-in-1-qi-brezzicni-polnilec-za-vse-naprave-z-qi-standardom\/\">be\u017ei\u010dni punja\u010d<\/a><\/div>\n<div>1 kabel<\/div>\n<div>1 X upute<\/div>\n<\/div>","protected":false},"excerpt":{"rendered":"<div><strong>Paket:<\/strong><\/div>\n<div>1X be\u017ei\u010dni punja\u010d<\/div>\n<div>1 kabel<\/div>\n<div>1 X upute<\/div>","protected":false},"featured_media":1962,"comment_status":"open","ping_status":"closed","template":"","meta":{"_gspb_post_css":"","_sitemap_exclude":false,"_sitemap_priority":"","_sitemap_frequency":""},"product_brand":[],"product_cat":[50,46],"product_tag":[],"class_list":{"0":"post-1961","1":"product","2":"type-product","3":"status-publish","4":"has-post-thumbnail","6":"product_cat-zabavna-elektronika","7":"product_cat-polnilci-kabli-in-ostalo","8":"product_shipping_class-ostalo","9":"pa_barva-crna","10":"pa_skladisce-centralno-skladisce-slovenija","11":"pa_vrsta-polnjenja-brezcicno","13":"first","14":"instock","15":"shipping-taxable","16":"purchasable","17":"product-type-simple"},"_links":{"self":[{"href":"https:\/\/piflarnakupuje.top\/hr\/wp-json\/wp\/v2\/product\/1961","targetHints":{"allow":["GET"]}}],"collection":[{"href":"https:\/\/piflarnakupuje.top\/hr\/wp-json\/wp\/v2\/product"}],"about":[{"href":"https:\/\/piflarnakupuje.top\/hr\/wp-json\/wp\/v2\/types\/product"}],"replies":[{"embeddable":true,"href":"https:\/\/piflarnakupuje.top\/hr\/wp-json\/wp\/v2\/comments?post=1961"}],"wp:featuredmedia":[{"embeddable":true,"href":"https:\/\/piflarnakupuje.top\/hr\/wp-json\/wp\/v2\/media\/1962"}],"wp:attachment":[{"href":"https:\/\/piflarnakupuje.top\/hr\/wp-json\/wp\/v2\/media?parent=1961"}],"wp:term":[{"taxonomy":"product_brand","embeddable":true,"href":"https:\/\/piflarnakupuje.top\/hr\/wp-json\/wp\/v2\/product_brand?post=1961"},{"taxonomy":"product_cat","embeddable":true,"href":"https:\/\/piflarnakupuje.top\/hr\/wp-json\/wp\/v2\/product_cat?post=1961"},{"taxonomy":"product_tag","embeddable":true,"href":"https:\/\/piflarnakupuje.top\/hr\/wp-json\/wp\/v2\/product_tag?post=1961"}],"curies":[{"name":"wp","href":"https:\/\/api.w.org\/{rel}","templated":true}]}}