{"id":2638,"date":"2024-07-11T08:54:05","date_gmt":"2024-07-11T08:54:05","guid":{"rendered":"https:\/\/piflarnakupuje.top\/?post_type=product&#038;p=2638"},"modified":"2025-07-01T07:52:08","modified_gmt":"2025-07-01T07:52:08","slug":"professionalni-tx-850-detektor-kovin-deluje-do-globine-2-5m","status":"publish","type":"product","link":"https:\/\/piflarnakupuje.top\/hr\/pp\/professionalni-tx-850-detektor-kovin-deluje-do-globine-2-5m\/","title":{"rendered":"Profesionalni detektor metala TX-850 radi do dubine od 2,5 m"},"content":{"rendered":"<div>\n<h3><strong>Tehni\u010dki podaci:<\/strong><\/h3>\n<div>1. Napajanje: 9V (6F22) (nije uklju\u010deno)<\/div>\n<div>Druga frekvencija: 19,23 kHz<\/div>\n<div>3. Struja u stanju pripravnosti: 20mA; Maks.: 130mA<\/div>\n<div>4. Napon: 7,2-9 V<\/div>\n<div>5. Osjetljivost ameri\u010dkih centi od 25\/50: 220 mm<\/div>\n<div>6. Zaslon: LCD zaslon, zvuk<\/div>\n<div>7. Duljina: 25,2-34,25 in\u010da<\/div>\n<div>8. Veli\u010dina zavojnice: 8,5 \u00d7 11 in\u010da<\/div>\n<div>9. Boja: crna<\/div>\n<div>10. Radna frekvencija: 19KHz<\/div>\n<div>11. Radi na temperaturama: -10 do +50 C<\/div>\n<div>12. Radi pri vla\u017enosti: 0 \u2013 90%<\/div>\n<div>13. Paket: 55*22*13,5 cm<\/div>\n<div>14.G. te\u017eina: 3 kg<\/div>\n<div><\/div>\n<\/div>\n<h3><strong>Paket:<\/strong><\/h3>\n<div>\n<p><strong>1 x TX-850 <a href=\"https:\/\/piflarnakupuje.top\/hr\/piflarjev-test-x13-pro-visoko-obcutljiv-detektor-kovin\/\">Detektor kovina<\/a><\/strong><\/p>\n<p><strong>1 x upute za uporabu<\/strong><\/p>\n<\/div>\n<div><\/div>","protected":false},"excerpt":{"rendered":"<h3><strong>Paket:<\/strong><\/h3>\n<div>\n<p><strong>1 x TX-850 detektor metala<\/strong><\/p>\n<p><strong>1 x upute za uporabu<\/strong><\/p>\n<\/div>\n<div>ne sadr\u017ei bateriju<\/div>","protected":false},"featured_media":2649,"comment_status":"open","ping_status":"closed","template":"","meta":{"_gspb_post_css":"","_sitemap_exclude":false,"_sitemap_priority":"","_sitemap_frequency":""},"product_brand":[],"product_cat":[72,71],"product_tag":[],"class_list":{"0":"post-2638","1":"product","2":"type-product","3":"status-publish","4":"has-post-thumbnail","6":"product_cat-detektor-kovin-za-teren","7":"product_cat-piflarjev-raziskovalni-laboratorij","8":"product_shipping_class-detektorji-kovin","9":"pa_barva-crna","10":"pa_prostor-uporabe-odzunaj","11":"pa_skladisce-centralno-skladisce-slovenija","13":"first","14":"instock","15":"sale","16":"shipping-taxable","17":"purchasable","18":"product-type-simple"},"_links":{"self":[{"href":"https:\/\/piflarnakupuje.top\/hr\/wp-json\/wp\/v2\/product\/2638","targetHints":{"allow":["GET"]}}],"collection":[{"href":"https:\/\/piflarnakupuje.top\/hr\/wp-json\/wp\/v2\/product"}],"about":[{"href":"https:\/\/piflarnakupuje.top\/hr\/wp-json\/wp\/v2\/types\/product"}],"replies":[{"embeddable":true,"href":"https:\/\/piflarnakupuje.top\/hr\/wp-json\/wp\/v2\/comments?post=2638"}],"wp:featuredmedia":[{"embeddable":true,"href":"https:\/\/piflarnakupuje.top\/hr\/wp-json\/wp\/v2\/media\/2649"}],"wp:attachment":[{"href":"https:\/\/piflarnakupuje.top\/hr\/wp-json\/wp\/v2\/media?parent=2638"}],"wp:term":[{"taxonomy":"product_brand","embeddable":true,"href":"https:\/\/piflarnakupuje.top\/hr\/wp-json\/wp\/v2\/product_brand?post=2638"},{"taxonomy":"product_cat","embeddable":true,"href":"https:\/\/piflarnakupuje.top\/hr\/wp-json\/wp\/v2\/product_cat?post=2638"},{"taxonomy":"product_tag","embeddable":true,"href":"https:\/\/piflarnakupuje.top\/hr\/wp-json\/wp\/v2\/product_tag?post=2638"}],"curies":[{"name":"wp","href":"https:\/\/api.w.org\/{rel}","templated":true}]}}