{"id":4070,"date":"2024-07-19T05:32:15","date_gmt":"2024-07-19T05:32:15","guid":{"rendered":"https:\/\/piflarnakupuje.top\/?post_type=product&#038;p=4070"},"modified":"2025-07-01T07:51:15","modified_gmt":"2025-07-01T07:51:15","slug":"maule-m7-510mm-cez-krila-2-4ghz-4ch-z-6-osnim-ziroskopom-3d-6g-akrobatsko-rc-letalo","status":"publish","type":"product","link":"https:\/\/piflarnakupuje.top\/hr\/pp\/maule-m7-510mm-cez-krila-2-4ghz-4ch-z-6-osnim-ziroskopom-3d-6g-akrobatsko-rc-letalo\/","title":{"rendered":"Maule M7 510 mm raspon krila 2.4GHz 4CH sa 6-osnim \u017eiroskopom 3D\/6G akrobatski RC avion"},"content":{"rendered":"<p><b>Tehni\u010dki podaci:<\/b><\/p>\n<p>Model: 560<\/p>\n<p>Materijal: EPP<\/p>\n<p>Duljina tijela: 37 cm<\/p>\n<p>Preko krila: 51 cm<\/p>\n<p>Te\u017eina pri polijetanju: 94 g<\/p>\n<p>ESC: 10-12A<\/p>\n<p>Motor: 1504 KV4700<br \/>\nServo: 3,7 g * 3 komada<\/p>\n<p>Propeler: 5 \u00d7 4,5 cm (2 lopatice)<\/p>\n<p><a href=\"https:\/\/piflarnakupuje.top\/hr\/pp\/jump-1500-dodatni-akumulator-1548wh-lifepo4-tipa\/\">Baterija<\/a>: 3.7V 500mAh<\/p>\n<p>Punjenje: cca. 30 min<\/p>\n<p>Let: 14-15 minuta<\/p>\n<p>Vertikalni let: 10 min<\/p>\n<p>Zapovjedni\u0161tvo: 6-kanalana<\/p>\n<p>Prijemnik: 6-kanalni<\/p>\n<p>Frekvencija: 2,4 GHz<\/p>\n<p>Domet: 200 m<\/p>\n<p>Baterije za daljinski upravlja\u010d: 4*1,5 AAA <span style=\"color: #ff0000;\">(nije uklju\u010deno)<\/span><\/p>\n<p>Punja\u010d: Li-Po<\/p>\n<p>Paket: 52 \u00d7 13,7 \u00d7 19,5 cm<\/p>\n<p>Upravljanje letom: 3D akrobatsko, 6-osni \u017eiroskop, podr\u017eava S-BUS ili DSM signal<\/p>\n<p>Konfiguracija: 1504 motor bez \u010detkica, 3.7g digitalni servo, 12A ESC<\/p>\n<p><b>Paket:<\/b><\/p>\n<p>1x <a href=\"https:\/\/piflarnakupuje.top\/hr\/piflarjev-test-rc-avion-p%e2%80%9151-mustang-xk-a280-560-mm-razpon-kril-3d-6g-stabilizacija\/\">RC letalo<\/a><\/p>\n<p>1x Daljinski upravlja\u010d<\/p>\n<p>1x USB kabel<\/p>\n<p>2x rezervna propelera<\/p>\n<p>1x odvija\u010d<\/p>\n<p>1x Upute<\/p>\n<p><span style=\"color: #ff0000;\">Va\u017eno: Ljepilo i baterije za daljinski upravlja\u010d nisu uklju\u010deni.<\/span><\/p>","protected":false},"excerpt":{"rendered":"<p><b>Paket:<\/b><\/p>\n<p>1x RC avion<\/p>\n<p>1x Daljinski upravlja\u010d<\/p>\n<p>1x USB kabel<\/p>\n<p>2x rezervna propelera<\/p>\n<p>1x odvija\u010d<\/p>\n<p>1x Upute<\/p>\n<p><span style=\"color: #ff0000;\">Va\u017eno: Ljepilo i baterije za daljinski upravlja\u010d nisu uklju\u010deni.<\/span><\/p>","protected":false},"featured_media":4086,"comment_status":"open","ping_status":"closed","template":"","meta":{"_gspb_post_css":"","_sitemap_exclude":false,"_sitemap_priority":"","_sitemap_frequency":""},"product_brand":[],"product_cat":[49,83],"product_tag":[],"class_list":{"0":"post-4070","1":"product","2":"type-product","3":"status-publish","4":"has-post-thumbnail","6":"product_cat-profi-rc-igrace-za-velike-in-male-po-dusi","7":"product_cat-rc-letala","8":"product_shipping_class-rc","9":"pa_barva-modra","10":"pa_barva-rdeca","11":"pa_kolicina-akumulatorjev-rc-190","12":"pa_skladisce-brezcarinsko-skladisce-slovenija","13":"pa_tip-motorja-rc-brezkrtacni","15":"first","16":"instock","17":"shipping-taxable","18":"purchasable","19":"product-type-variable"},"_links":{"self":[{"href":"https:\/\/piflarnakupuje.top\/hr\/wp-json\/wp\/v2\/product\/4070","targetHints":{"allow":["GET"]}}],"collection":[{"href":"https:\/\/piflarnakupuje.top\/hr\/wp-json\/wp\/v2\/product"}],"about":[{"href":"https:\/\/piflarnakupuje.top\/hr\/wp-json\/wp\/v2\/types\/product"}],"replies":[{"embeddable":true,"href":"https:\/\/piflarnakupuje.top\/hr\/wp-json\/wp\/v2\/comments?post=4070"}],"wp:featuredmedia":[{"embeddable":true,"href":"https:\/\/piflarnakupuje.top\/hr\/wp-json\/wp\/v2\/media\/4086"}],"wp:attachment":[{"href":"https:\/\/piflarnakupuje.top\/hr\/wp-json\/wp\/v2\/media?parent=4070"}],"wp:term":[{"taxonomy":"product_brand","embeddable":true,"href":"https:\/\/piflarnakupuje.top\/hr\/wp-json\/wp\/v2\/product_brand?post=4070"},{"taxonomy":"product_cat","embeddable":true,"href":"https:\/\/piflarnakupuje.top\/hr\/wp-json\/wp\/v2\/product_cat?post=4070"},{"taxonomy":"product_tag","embeddable":true,"href":"https:\/\/piflarnakupuje.top\/hr\/wp-json\/wp\/v2\/product_tag?post=4070"}],"curies":[{"name":"wp","href":"https:\/\/api.w.org\/{rel}","templated":true}]}}