{"id":4100,"date":"2024-07-19T06:09:26","date_gmt":"2024-07-19T06:09:26","guid":{"rendered":"https:\/\/piflarnakupuje.top\/?post_type=product&#038;p=4100"},"modified":"2025-07-01T07:51:05","modified_gmt":"2025-07-01T07:51:05","slug":"1002se-rtr-1-10-2-4g-4wd-60km-h-rc-avtomobil-brezkrtacni-motor-za-vse-terene","status":"publish","type":"product","link":"https:\/\/piflarnakupuje.top\/hr\/pp\/1002se-rtr-1-10-2-4g-4wd-60km-h-rc-avtomobil-brezkrtacni-motor-za-vse-terene\/","title":{"rendered":"1002SE RTR 1\/10 2.4G 4WD 60km\/h RC auto bez\u010detki\u010dni motor za sve terene"},"content":{"rendered":"<p style=\"font-weight: 400;\"><b>Tehni\u010dki podaci:<\/b><\/p>\n<table>\n<tbody>\n<tr>\n<td width=\"112\">Osnovne informacije<\/td>\n<td width=\"184\">Mjerilo: 1\/10<br \/>\nMaksimalna brzina: \u226560 KM\/H<\/td>\n<td width=\"101\">Pogon<\/td>\n<td width=\"268\">ESC: 120A otporan na prskanje, samostalan<\/p>\n<p>Motor: 3660 2600KV bez \u010detkica<\/p>\n<p>Servo: 1 metalni zup\u010danik od 5 kg, vodootporan<\/td>\n<\/tr>\n<tr>\n<td width=\"112\">Oda\u0161ilja\u010d<\/td>\n<td width=\"184\">Frekvencija: 2.4G<br \/>\nKanali: 4CH<br \/>\nDomet: 100m\/150m<br \/>\nBaterije: 4X 1,5 V AA (nisu uklju\u010dene)<\/td>\n<td width=\"101\"><a href=\"https:\/\/piflarnakupuje.top\/hr\/pp\/jump-1500-dodatni-akumulator-1548wh-lifepo4-tipa\/\">Baterija<\/a><\/td>\n<td width=\"268\">Ne ovdje<\/p>\n<p>Priporo\u010dljiv <a href=\"https:\/\/piflarnakupuje.top\/hr\/pp\/jump-1500-dodatni-akumulator-1548wh-lifepo4-tipa\/\">baterija<\/a>:2-3s Lipo (lahko 2x)<\/p>\n<p>(Podpira 2x <a href=\"https:\/\/piflarnakupuje.top\/hr\/pp\/jump-1500-dodatni-akumulator-1548wh-lifepo4-tipa\/\">baterija<\/a> 140x45x30mm velikosti)<\/td>\n<\/tr>\n<tr>\n<td width=\"112\">Ostalo<\/td>\n<td width=\"184\">Materijal: PA + metal + elektroni\u010dki dijelovi<\/p>\n<p>Te\u017ea: cca 3.8kg<\/p>\n<p>Kutija: cca. 5 kg<\/td>\n<td width=\"101\">Dimenzije<\/td>\n<td width=\"268\">Automobil:<\/p>\n<p>600*300*250 mm<\/p>\n<p>izme\u0111u prednjih kota\u010da: 240 mm<\/p>\n<p>Izme\u0111u stra\u017enjih kota\u010da: 249 mm<\/p>\n<p>Me\u0111uosovinski razmak: 345 mm<\/p>\n<p>Karton: 678 * 348 * 260 mm<\/td>\n<\/tr>\n<\/tbody>\n<\/table>\n<p>&nbsp;<\/p>\n<p>Paket:<br \/>\n1X <a href=\"https:\/\/piflarnakupuje.top\/hr\/piflar-test-mn-128-1-12-2-4g-4wd-rc-crawler\/\">RC avto<\/a><\/p>\n<p>1X Pilot<\/p>\n<p>1X Upute<\/p>\n<p>1X Alat<\/p>\n<p>1X naljepnice<\/p>\n<p>Va\u017eno: ne sadr\u017ei baterije za daljinski upravlja\u010d niti punjive baterije!<\/p>\n<p>&nbsp;<\/p>","protected":false},"excerpt":{"rendered":"<p><strong>Paket:<\/strong><\/p>\n<p>1X RC automobil<\/p>\n<p>1X Pilot<\/p>\n<p>1X Upute<\/p>\n<p>1X Alat<\/p>\n<p>1X naljepnice<\/p>\n<p>Va\u017eno: ne sadr\u017ei baterije za daljinski upravlja\u010d niti punjive baterije!<\/p>","protected":false},"featured_media":4115,"comment_status":"open","ping_status":"closed","template":"","meta":{"_gspb_post_css":"","_sitemap_exclude":false,"_sitemap_priority":"","_sitemap_frequency":""},"product_brand":[],"product_cat":[49,21],"product_tag":[],"class_list":{"0":"post-4100","1":"product","2":"type-product","3":"status-publish","4":"has-post-thumbnail","6":"product_cat-profi-rc-igrace-za-velike-in-male-po-dusi","7":"product_cat-rc-avtomobili","8":"product_shipping_class-rc","9":"pa_barva-rdeca","10":"pa_merilo-rc-avtomobila-141","11":"pa_skladisce-brezcarinsko-skladisce-slovenija","12":"pa_tip-motorja-rc-brezkrtacni","13":"pa_vrsta-avtomobila-terenski","15":"first","16":"instock","17":"sale","18":"shipping-taxable","19":"purchasable","20":"product-type-simple"},"_links":{"self":[{"href":"https:\/\/piflarnakupuje.top\/hr\/wp-json\/wp\/v2\/product\/4100","targetHints":{"allow":["GET"]}}],"collection":[{"href":"https:\/\/piflarnakupuje.top\/hr\/wp-json\/wp\/v2\/product"}],"about":[{"href":"https:\/\/piflarnakupuje.top\/hr\/wp-json\/wp\/v2\/types\/product"}],"replies":[{"embeddable":true,"href":"https:\/\/piflarnakupuje.top\/hr\/wp-json\/wp\/v2\/comments?post=4100"}],"wp:featuredmedia":[{"embeddable":true,"href":"https:\/\/piflarnakupuje.top\/hr\/wp-json\/wp\/v2\/media\/4115"}],"wp:attachment":[{"href":"https:\/\/piflarnakupuje.top\/hr\/wp-json\/wp\/v2\/media?parent=4100"}],"wp:term":[{"taxonomy":"product_brand","embeddable":true,"href":"https:\/\/piflarnakupuje.top\/hr\/wp-json\/wp\/v2\/product_brand?post=4100"},{"taxonomy":"product_cat","embeddable":true,"href":"https:\/\/piflarnakupuje.top\/hr\/wp-json\/wp\/v2\/product_cat?post=4100"},{"taxonomy":"product_tag","embeddable":true,"href":"https:\/\/piflarnakupuje.top\/hr\/wp-json\/wp\/v2\/product_tag?post=4100"}],"curies":[{"name":"wp","href":"https:\/\/api.w.org\/{rel}","templated":true}]}}