{"id":4130,"date":"2024-07-19T06:40:18","date_gmt":"2024-07-19T06:40:18","guid":{"rendered":"https:\/\/piflarnakupuje.top\/?post_type=product&#038;p=4130"},"modified":"2025-07-01T07:50:59","modified_gmt":"2025-07-01T07:50:59","slug":"fx9706-550mm-cez-krila-2-4ghz-4-kanali-z-ziroskopom-3d-6g-rc-letalo","status":"publish","type":"product","link":"https:\/\/piflarnakupuje.top\/hr\/pp\/fx9706-550mm-cez-krila-2-4ghz-4-kanali-z-ziroskopom-3d-6g-rc-letalo\/","title":{"rendered":"FX9706 Raspon krila 550 mm 2,4 GHz 4 kanala s \u017eiroskopom 3D\/6G RC avion"},"content":{"rendered":"<p><b>Tehni\u010dki podaci:<\/b><\/p>\n<p>Model: FX9706<\/p>\n<p>Materijal: EPP olovka + ABS plastika<\/p>\n<p>Preko krila: 550 mm<\/p>\n<p>Duljina: 580 mm<\/p>\n<p>Te\u017eina: 200 g<\/p>\n<p>Motor: 2205 bez \u010detkica<\/p>\n<p><a href=\"https:\/\/piflarnakupuje.top\/hr\/pp\/jump-1500-dodatni-akumulator-1548wh-lifepo4-tipa\/\">Baterija<\/a>: 7.4V 650mAh Lipo 20C<\/p>\n<p>Lako: cca. 10 min<\/p>\n<p>Punjenje: cca. 45 min.<\/p>\n<p>Naredba: 2,4 GHz 4 kanala<\/p>\n<p>Domet: \u2265300 USB kabel za punjenje<\/p>\n<p>&nbsp;<\/p>\n<p><b>Paket:<\/b><\/p>\n<p>1x <a href=\"https:\/\/piflarnakupuje.top\/hr\/piflarjev-test-rc-avion-p%e2%80%9151-mustang-xk-a280-560-mm-razpon-kril-3d-6g-stabilizacija\/\">RC letalo<\/a><\/p>\n<p>1x <a href=\"https:\/\/piflarnakupuje.top\/hr\/pp\/jump-1500-dodatni-akumulator-1548wh-lifepo4-tipa\/\">Baterija<\/a><\/p>\n<p>1x USB <a href=\"https:\/\/piflarnakupuje.top\/hr\/pp\/4-in-1-qi-brezzicni-polnilec-za-vse-naprave-z-qi-standardom\/\">punja\u010d<\/a><\/p>\n<p>1x Rezervni propeler<\/p>\n<p>1x Pilot<\/p>\n<p>1x Upute za uporabu<\/p>\n<p>Va\u017eno: Baterije za daljinski upravlja\u010d i ljepilo nisu uklju\u010deni u pakiranje.<\/p>","protected":false},"excerpt":{"rendered":"<p><b>Paket:<\/b><\/p>\n<p>1x RC avion<\/p>\n<p>1x Akumulator<\/p>\n<p>1x USB punja\u010d<\/p>\n<p>1x Rezervni propeler<\/p>\n<p>1x Pilot<\/p>\n<p>1x Upute za uporabu<\/p>\n<p>Va\u017eno: Baterije za daljinski upravlja\u010d i ljepilo nisu uklju\u010deni u pakiranje.<\/p>","protected":false},"featured_media":4138,"comment_status":"open","ping_status":"closed","template":"","meta":{"_gspb_post_css":"","_sitemap_exclude":false,"_sitemap_priority":"","_sitemap_frequency":""},"product_brand":[],"product_cat":[49,83],"product_tag":[],"class_list":{"0":"post-4130","1":"product","2":"type-product","3":"status-publish","4":"has-post-thumbnail","6":"product_cat-profi-rc-igrace-za-velike-in-male-po-dusi","7":"product_cat-rc-letala","8":"product_shipping_class-rc","9":"pa_barva-crna","10":"pa_barva-rdeca","11":"pa_skladisce-brezcarinsko-skladisce-slovenija","12":"pa_tip-motorja-rc-brezkrtacni","14":"first","15":"instock","16":"shipping-taxable","17":"purchasable","18":"product-type-simple"},"_links":{"self":[{"href":"https:\/\/piflarnakupuje.top\/hr\/wp-json\/wp\/v2\/product\/4130","targetHints":{"allow":["GET"]}}],"collection":[{"href":"https:\/\/piflarnakupuje.top\/hr\/wp-json\/wp\/v2\/product"}],"about":[{"href":"https:\/\/piflarnakupuje.top\/hr\/wp-json\/wp\/v2\/types\/product"}],"replies":[{"embeddable":true,"href":"https:\/\/piflarnakupuje.top\/hr\/wp-json\/wp\/v2\/comments?post=4130"}],"wp:featuredmedia":[{"embeddable":true,"href":"https:\/\/piflarnakupuje.top\/hr\/wp-json\/wp\/v2\/media\/4138"}],"wp:attachment":[{"href":"https:\/\/piflarnakupuje.top\/hr\/wp-json\/wp\/v2\/media?parent=4130"}],"wp:term":[{"taxonomy":"product_brand","embeddable":true,"href":"https:\/\/piflarnakupuje.top\/hr\/wp-json\/wp\/v2\/product_brand?post=4130"},{"taxonomy":"product_cat","embeddable":true,"href":"https:\/\/piflarnakupuje.top\/hr\/wp-json\/wp\/v2\/product_cat?post=4130"},{"taxonomy":"product_tag","embeddable":true,"href":"https:\/\/piflarnakupuje.top\/hr\/wp-json\/wp\/v2\/product_tag?post=4130"}],"curies":[{"name":"wp","href":"https:\/\/api.w.org\/{rel}","templated":true}]}}