{"id":4189,"date":"2024-07-19T08:54:30","date_gmt":"2024-07-19T08:54:30","guid":{"rendered":"https:\/\/piflarnakupuje.top\/?post_type=product&#038;p=4189"},"modified":"2025-07-01T07:50:34","modified_gmt":"2025-07-01T07:50:34","slug":"xk-a300-beech-d17s-550mm-cez-krila-rc-letalo-2-4ghz-4-kanalno-3d-6g-sistem-rtf","status":"publish","type":"product","link":"https:\/\/piflarnakupuje.top\/hr\/pp\/xk-a300-beech-d17s-550mm-cez-krila-rc-letalo-2-4ghz-4-kanalno-3d-6g-sistem-rtf\/","title":{"rendered":"XK A300-Beech D17S RC avion s rasponom krila 550 mm, 2,4 GHz, 4-kanalni 3D\/6G sustav RTF"},"content":{"rendered":"<p><b>Funkcije:<\/b><\/p>\n<p>1. Kopija <a href=\"https:\/\/piflarnakupuje.top\/hr\/piflarjev-test-maule-m7-510-mm-3d-6g-rtf-rc-letalo\/\">letala<\/a> 2. svetovne vojne II Beech D17S biplane.<\/p>\n<p>2. 1806 motor bez \u010detkica, sna\u017eni 2g servo motori, vrhunska odzivnost.<\/p>\n<p>3. Proporcionalno upravljanje, s pode\u0161avanjem osjetljivosti za svaku funkciju.<\/p>\n<p>4. <a href=\"https:\/\/piflarnakupuje.top\/hr\/piflarjev-test-rc-avion-p%e2%80%9151-mustang-xk-a280-560-mm-razpon-kril-3d-6g-stabilizacija\/\">RC letalo<\/a> je stabilizirano z \u017eiroskopom in nudi ve\u010d na\u010dinov leta.<\/p>\n<p>5. LED svjetla na trupu omogu\u0107uju letenje u uvjetima slabe vidljivosti.<\/p>\n<p>6. Mogu\u0107e je poletjeti sa stijene u zraku.<\/p>\n<p>7. <a href=\"https:\/\/piflarnakupuje.top\/hr\/pp\/jump-1500-dodatni-akumulator-1548wh-lifepo4-tipa\/\">Baterija<\/a> 7.4V 600mAh 25C Litijeva, \u010cas leta cca. 8 min.<\/p>\n<p>8. Alarm za nizko baterijo Komande ali <a href=\"https:\/\/piflarnakupuje.top\/hr\/piflarjev-test-maule-m7-510-mm-3d-6g-rtf-rc-letalo\/\">letala<\/a>, \u010de se zgubi signal, bo <a href=\"https:\/\/piflarnakupuje.top\/hr\/piflarjev-test-maule-m7-510-mm-3d-6g-rtf-rc-letalo\/\">letalo<\/a> kro\u017eilo na mestu, ko se sprazni baterija, pa pristalo.<\/p>\n<p>&nbsp;<\/p>\n<p><b>Paket:<\/b><\/p>\n<p>1x <a href=\"https:\/\/piflarnakupuje.top\/hr\/piflarjev-test-rc-avion-p%e2%80%9151-mustang-xk-a280-560-mm-razpon-kril-3d-6g-stabilizacija\/\">RC letalo<\/a><\/p>\n<p>1x Pilot<\/p>\n<p>1x Propeler<\/p>\n<p>1x Kabel za punjenje<\/p>\n<p>1x <a href=\"https:\/\/piflarnakupuje.top\/hr\/pp\/jump-1500-dodatni-akumulator-1548wh-lifepo4-tipa\/\">Baterija<\/a><\/p>\n<p>1x odvija\u010d<\/p>\n<p>1x Klju\u010d<\/p>\n<p>1x Klju\u010d 2<\/p>\n<p>1x Upute<\/p>\n<p>Va\u017eno: Ne sadr\u017ei pilotne baterije ili ljepilo.<\/p>","protected":false},"excerpt":{"rendered":"<p><b>Paket:<\/b><\/p>\n<p>1 x RC avion<\/p>\n<p>1x Pilot<\/p>\n<p>1x Propeler<\/p>\n<p>1x Kabel za punjenje<\/p>\n<p>1x Akumulator<\/p>\n<p>1x odvija\u010d<\/p>\n<p>1x Klju\u010d<\/p>\n<p>1x Klju\u010d 2<\/p>\n<p>1x Upute<\/p>\n<p>Va\u017eno: Ne sadr\u017ei pilotne baterije ili ljepilo.<\/p>","protected":false},"featured_media":4200,"comment_status":"open","ping_status":"closed","template":"","meta":{"_gspb_post_css":"","_sitemap_exclude":false,"_sitemap_priority":"","_sitemap_frequency":""},"product_brand":[],"product_cat":[49,83],"product_tag":[],"class_list":{"0":"post-4189","1":"product","2":"type-product","3":"status-publish","4":"has-post-thumbnail","6":"product_cat-profi-rc-igrace-za-velike-in-male-po-dusi","7":"product_cat-rc-letala","8":"product_shipping_class-rc","9":"pa_barva-rdeca","10":"pa_barva-rumena","11":"pa_kolicina-akumulatorjev-rc-190","12":"pa_skladisce-brezcarinsko-skladisce-slovenija","13":"pa_skladisce-centralno-skladisce-slovenija","14":"pa_tip-motorja-rc-brezkrtacni","16":"first","17":"instock","18":"shipping-taxable","19":"purchasable","20":"product-type-variable"},"_links":{"self":[{"href":"https:\/\/piflarnakupuje.top\/hr\/wp-json\/wp\/v2\/product\/4189","targetHints":{"allow":["GET"]}}],"collection":[{"href":"https:\/\/piflarnakupuje.top\/hr\/wp-json\/wp\/v2\/product"}],"about":[{"href":"https:\/\/piflarnakupuje.top\/hr\/wp-json\/wp\/v2\/types\/product"}],"replies":[{"embeddable":true,"href":"https:\/\/piflarnakupuje.top\/hr\/wp-json\/wp\/v2\/comments?post=4189"}],"wp:featuredmedia":[{"embeddable":true,"href":"https:\/\/piflarnakupuje.top\/hr\/wp-json\/wp\/v2\/media\/4200"}],"wp:attachment":[{"href":"https:\/\/piflarnakupuje.top\/hr\/wp-json\/wp\/v2\/media?parent=4189"}],"wp:term":[{"taxonomy":"product_brand","embeddable":true,"href":"https:\/\/piflarnakupuje.top\/hr\/wp-json\/wp\/v2\/product_brand?post=4189"},{"taxonomy":"product_cat","embeddable":true,"href":"https:\/\/piflarnakupuje.top\/hr\/wp-json\/wp\/v2\/product_cat?post=4189"},{"taxonomy":"product_tag","embeddable":true,"href":"https:\/\/piflarnakupuje.top\/hr\/wp-json\/wp\/v2\/product_tag?post=4189"}],"curies":[{"name":"wp","href":"https:\/\/api.w.org\/{rel}","templated":true}]}}