{"id":4252,"date":"2024-07-19T11:30:06","date_gmt":"2024-07-19T11:30:06","guid":{"rendered":"https:\/\/piflarnakupuje.top\/?post_type=product&#038;p=4252"},"modified":"2025-07-01T07:50:07","modified_gmt":"2025-07-01T07:50:07","slug":"phecda-laserski-gravirni-in-rezalni-stroj-10w-400-x-400mm-velikost-mize","status":"publish","type":"product","link":"https:\/\/piflarnakupuje.top\/hr\/pp\/phecda-laserski-gravirni-in-rezalni-stroj-10w-400-x-400mm-velikost-mize\/","title":{"rendered":"Phecda stroj za lasersko graviranje i rezanje 10W 400 x 400 mm veli\u010dina stola"},"content":{"rendered":"<p><strong>=materijal<\/strong>:<\/p>\n<p>\u3010Izlazna snaga 10 W\/20 W\u3011PHECDA laserski graver s izlaznom snagom 10 W\/20 W. Visoka to\u010dkasta snaga 0,07 mm * 0,13 mm, fokus (10 W: 0,06 mm * 0,06 mm), brzina 25 000 mm\/min bez gubitka kvalitete. Ove zna\u010dajke omogu\u0107uju graviranje ili rezanje \u0161irokog raspona materijala.<\/p>\n<p>\u3010Veliko podru\u010dje graviranja\u3011Mogu\u0107nost graviranja i rezanja obratka veli\u010dine 400 x 400 mm<\/p>\n<p>\u3010Filter za dim\u3011Za siguran rad ure\u0111aja, samo ovaj ima ugra\u0111eni filter za dim.<\/p>\n<p>\u3010Vi\u0161e na\u010dina rada i povezivanja\u3011 Mo\u017ee biti s telefonom ili ra\u010dunalom, putem USB-a ili WIFI-ja.<\/p>\n<p>\u3010Reflektiraju\u0107e staklo\u3011Reflektiraju\u0107e staklo \u0161titi va\u0161e o\u010di od lasera.<\/p>\n<p>\u3010Sigurnosni sustav\u3011U slu\u010daju detekcije po\u017eara, ure\u0111aj \u0107e se odmah zaustaviti i oglasiti alarm.<\/p>\n<p>&nbsp;<\/p>\n<p><strong>Paket:<\/strong><\/p>\n<p>1x <a href=\"https:\/\/piflarnakupuje.top\/hr\/piflar-testira-in-preizkusa-pod-lupo-p2-10-w-laserski-gravirnik-rezalnik-ki-obljublja-hitro-natancno-in-varno-delo\/\">Laserski graver<\/a> in rezalnik<\/p>\n<p>1 x upute za uporabu<\/p>","protected":false},"excerpt":{"rendered":"<p><strong>Paket:<\/strong><\/p>\n<p>1x Laserski graver i reza\u010d<\/p>\n<p>1 x Korisni\u010dki priru\u010dnik<\/p>","protected":false},"featured_media":4263,"comment_status":"open","ping_status":"closed","template":"","meta":{"_gspb_post_css":"","_sitemap_exclude":false,"_sitemap_priority":"","_sitemap_frequency":""},"product_brand":[],"product_cat":[85,71],"product_tag":[],"class_list":{"0":"post-4252","1":"product","2":"type-product","3":"status-publish","4":"has-post-thumbnail","6":"product_cat-laserski-rezalniki-in-graverji","7":"product_cat-piflarjev-raziskovalni-laboratorij","8":"product_shipping_class-3d-tiskalniki","9":"pa_barva-siva","10":"pa_povezljivost-naprave-usb","11":"pa_prostor-uporabe-odznotraj","12":"pa_skladisce-brezcarinsko-skladisce-slovenija","13":"pa_skladisce-centralno-skladisce-slovenija","14":"pa_velikost-obdelovanca-od-370-do-400mm","16":"first","17":"instock","18":"shipping-taxable","19":"purchasable","20":"product-type-simple"},"_links":{"self":[{"href":"https:\/\/piflarnakupuje.top\/hr\/wp-json\/wp\/v2\/product\/4252","targetHints":{"allow":["GET"]}}],"collection":[{"href":"https:\/\/piflarnakupuje.top\/hr\/wp-json\/wp\/v2\/product"}],"about":[{"href":"https:\/\/piflarnakupuje.top\/hr\/wp-json\/wp\/v2\/types\/product"}],"replies":[{"embeddable":true,"href":"https:\/\/piflarnakupuje.top\/hr\/wp-json\/wp\/v2\/comments?post=4252"}],"wp:featuredmedia":[{"embeddable":true,"href":"https:\/\/piflarnakupuje.top\/hr\/wp-json\/wp\/v2\/media\/4263"}],"wp:attachment":[{"href":"https:\/\/piflarnakupuje.top\/hr\/wp-json\/wp\/v2\/media?parent=4252"}],"wp:term":[{"taxonomy":"product_brand","embeddable":true,"href":"https:\/\/piflarnakupuje.top\/hr\/wp-json\/wp\/v2\/product_brand?post=4252"},{"taxonomy":"product_cat","embeddable":true,"href":"https:\/\/piflarnakupuje.top\/hr\/wp-json\/wp\/v2\/product_cat?post=4252"},{"taxonomy":"product_tag","embeddable":true,"href":"https:\/\/piflarnakupuje.top\/hr\/wp-json\/wp\/v2\/product_tag?post=4252"}],"curies":[{"name":"wp","href":"https:\/\/api.w.org\/{rel}","templated":true}]}}