{"id":5464,"date":"2024-07-24T08:06:03","date_gmt":"2024-07-24T08:06:03","guid":{"rendered":"https:\/\/piflarnakupuje.top\/?post_type=product&#038;p=5464"},"modified":"2025-07-01T07:48:17","modified_gmt":"2025-07-01T07:48:17","slug":"c91-elektricno-kolo-48v-17-5ah-akumulator-1000w-motor-204-0-col-kolesa","status":"publish","type":"product","link":"https:\/\/piflarnakupuje.top\/hr\/pp\/c91-elektricno-kolo-48v-17-5ah-akumulator-1000w-motor-204-0-col-kolesa\/","title":{"rendered":"C91 Elektri\u010dni bicikl 48V 17.5Ah Baterija 1000W Motor 20*4.0 in\u010dni kota\u010di"},"content":{"rendered":"<p><b>Tehni\u010dki podaci:<\/b><\/p>\n<table>\n<colgroup>\n<col width=\"171\" \/>\n<col width=\"252\" \/>\n<col width=\"171\" \/>\n<col width=\"252\" \/><\/colgroup>\n<tbody>\n<tr>\n<td><\/td>\n<td><\/td>\n<td>Model<\/td>\n<td>C91<\/td>\n<\/tr>\n<tr>\n<td>Okvir<\/td>\n<td>Aluminij<\/td>\n<td>Vo\u017enja<\/td>\n<td>elektri\u010dna pomo\u0107<\/td>\n<\/tr>\n<tr>\n<td><b>Ko\u010dnice<\/b><\/td>\n<td><b>Disk naprijed i straga<\/b><\/td>\n<td>Gume<\/td>\n<td>20*4,0 boja<\/td>\n<\/tr>\n<tr>\n<td><b>Suspenzija<\/b><\/td>\n<td><b>Prednji i stra\u017enji dio<\/b><\/td>\n<td><b>Motor<\/b><\/td>\n<td><b>48V 1000W<\/b><\/td>\n<\/tr>\n<tr>\n<td>Prednje svjetlo<\/td>\n<td>LED od 7,3 W<\/td>\n<td>Preporu\u010dena brzina<\/td>\n<td>25 km\/h<\/td>\n<\/tr>\n<tr>\n<td>Zup\u010danici<\/td>\n<td>7<\/td>\n<td>Doseg<\/td>\n<td>50~70 KS (elektri\u010dni)<\/td>\n<\/tr>\n<tr>\n<td>USB punja\u010d<\/td>\n<td>i<\/td>\n<td><b><a href=\"https:\/\/piflarnakupuje.top\/hr\/pp\/jump-1500-dodatni-akumulator-1548wh-lifepo4-tipa\/\">Baterija<\/a><\/b><\/td>\n<td><b>48V 17,5Ah<\/b><\/td>\n<\/tr>\n<tr>\n<td>Optere\u0107enje<\/td>\n<td>150 kg<\/td>\n<td>Vrsta baterije<\/td>\n<td>skida se klju\u010dem<\/td>\n<\/tr>\n<tr>\n<td>Te\u017eina<\/td>\n<td>32 kg<\/td>\n<td>Punjenje<\/td>\n<td>4-8 sati<\/td>\n<\/tr>\n<tr>\n<td>Te\u017eina paketa<\/td>\n<td>43 kg<\/td>\n<td><\/td>\n<td><\/td>\n<\/tr>\n<tr>\n<td>Veli\u010dina<\/td>\n<td>170*70*105 cm<\/td>\n<td>Potvrda<\/td>\n<td>OVAJ<\/td>\n<\/tr>\n<tr>\n<td>Paket<\/td>\n<td>146*32*78 cm<\/td>\n<td>&#8211;<\/td>\n<td>&#8211;<\/td>\n<\/tr>\n<\/tbody>\n<\/table>\n<p><b>Paket:<\/b><\/p>\n<p>1 x Elektri\u010dni bicikl<\/p>\n<p>1 x Punja\u010d<\/p>\n<p>1 x Upute<\/p>","protected":false},"excerpt":{"rendered":"<p><b>Paket:<\/b><\/p>\n<p>1 x Elektri\u010dni bicikl<\/p>\n<p>1 x Punja\u010d<\/p>\n<p>1 x Upute<\/p>","protected":false},"featured_media":5475,"comment_status":"open","ping_status":"closed","template":"","meta":{"_gspb_post_css":"","_sitemap_exclude":false,"_sitemap_priority":"","_sitemap_frequency":""},"product_brand":[],"product_cat":[17,99],"product_tag":[],"class_list":{"0":"post-5464","1":"product","2":"type-product","3":"status-publish","4":"has-post-thumbnail","6":"product_cat-elektricni-skiroji","7":"product_cat-elektricno-kolo-z-dvojnim-motorjem","8":"pa_barva-crna","9":"pa_barva-rjava","10":"pa_barva-zelena","11":"pa_kapaciteta-baterije-vozila-od-10-do-20-ah","12":"pa_maksimalna-obremenitev-140-do-160kg","13":"pa_moc-pogona-500-do-1000w","14":"pa_namen-uporabe-tip-gume-cestni","15":"pa_namen-uporabe-tip-gume-debela-guma","16":"pa_skladisce-brezcarinsko-skladisce-slovenija","17":"pa_stevilo-motorjev-163","18":"pa_velikost-kolesa-20-col","20":"first","21":"instock","22":"shipping-taxable","23":"purchasable","24":"product-type-variable"},"_links":{"self":[{"href":"https:\/\/piflarnakupuje.top\/hr\/wp-json\/wp\/v2\/product\/5464","targetHints":{"allow":["GET"]}}],"collection":[{"href":"https:\/\/piflarnakupuje.top\/hr\/wp-json\/wp\/v2\/product"}],"about":[{"href":"https:\/\/piflarnakupuje.top\/hr\/wp-json\/wp\/v2\/types\/product"}],"replies":[{"embeddable":true,"href":"https:\/\/piflarnakupuje.top\/hr\/wp-json\/wp\/v2\/comments?post=5464"}],"wp:featuredmedia":[{"embeddable":true,"href":"https:\/\/piflarnakupuje.top\/hr\/wp-json\/wp\/v2\/media\/5475"}],"wp:attachment":[{"href":"https:\/\/piflarnakupuje.top\/hr\/wp-json\/wp\/v2\/media?parent=5464"}],"wp:term":[{"taxonomy":"product_brand","embeddable":true,"href":"https:\/\/piflarnakupuje.top\/hr\/wp-json\/wp\/v2\/product_brand?post=5464"},{"taxonomy":"product_cat","embeddable":true,"href":"https:\/\/piflarnakupuje.top\/hr\/wp-json\/wp\/v2\/product_cat?post=5464"},{"taxonomy":"product_tag","embeddable":true,"href":"https:\/\/piflarnakupuje.top\/hr\/wp-json\/wp\/v2\/product_tag?post=5464"}],"curies":[{"name":"wp","href":"https:\/\/api.w.org\/{rel}","templated":true}]}}