{"id":5617,"date":"2024-07-24T11:30:09","date_gmt":"2024-07-24T11:30:09","guid":{"rendered":"https:\/\/piflarnakupuje.top\/?post_type=product&#038;p=5617"},"modified":"2025-07-01T07:47:46","modified_gmt":"2025-07-01T07:47:46","slug":"x-black-knigh-elektricno-kolo-48v-45ah-1000w2-motorja-20-col","status":"publish","type":"product","link":"https:\/\/piflarnakupuje.top\/hr\/pp\/x-black-knigh-elektricno-kolo-48v-45ah-1000w2-motorja-20-col\/","title":{"rendered":"X-Black Knigh elektri\u010dni bicikl 48V 45AH 1000W*2 motora 20 in\u010da"},"content":{"rendered":"<p><strong>Tehni\u010dki podaci:<\/strong><\/p>\n<table>\n<tbody>\n<tr>\n<td width=\"123\"><\/td>\n<td width=\"179\"><\/td>\n<td width=\"121\">Model<\/td>\n<td width=\"205\">X-Crni vitez<\/td>\n<\/tr>\n<tr>\n<td width=\"123\">Motor<\/td>\n<td width=\"179\">48V 1000W *2<\/td>\n<td width=\"121\">Gume<\/td>\n<td width=\"205\">20*4,0 boja<\/td>\n<\/tr>\n<tr>\n<td width=\"123\">Baterija<\/td>\n<td width=\"179\">48V 45AH<\/td>\n<td width=\"121\">Preporu\u010dena brzina<\/td>\n<td width=\"205\">25 km\/h<\/td>\n<\/tr>\n<tr>\n<td width=\"123\">Puni led<\/td>\n<td width=\"179\">Punja\u010d od 48 V i 3 A<\/td>\n<td rowspan=\"2\" width=\"121\">Dosefg<\/td>\n<td width=\"205\">Elektri\u010dni: 120-140 KM<\/td>\n<\/tr>\n<tr>\n<td width=\"123\">Maks. okretni moment<\/td>\n<td width=\"179\">95 Nm<\/td>\n<td width=\"205\">Pomo\u0107: 120-280 KS<\/td>\n<\/tr>\n<tr>\n<td width=\"123\">Materijal<\/td>\n<td width=\"179\">Aluminij<\/td>\n<td width=\"121\">Otpornost na vodu<\/td>\n<td width=\"205\">IP54<\/td>\n<\/tr>\n<tr>\n<td width=\"123\">Vilice<\/td>\n<td width=\"179\">Uljni amortizeri<\/td>\n<td width=\"121\">&nbsp;<\/td>\n<td width=\"205\">Visina 170-190 cm<\/td>\n<\/tr>\n<tr>\n<td width=\"123\">Stra\u017enji amortizeri<\/td>\n<td width=\"179\">i<\/td>\n<td width=\"121\">Li\u010di<\/td>\n<td width=\"205\">prednji stra\u017enji<\/td>\n<\/tr>\n<tr>\n<td width=\"123\">Zaslon<\/td>\n<td width=\"179\">LCD<\/td>\n<td width=\"121\">&nbsp;<\/td>\n<td width=\"205\">&nbsp;<\/td>\n<\/tr>\n<tr>\n<td width=\"123\">Mjenja\u010d<\/td>\n<td width=\"179\">Shimano 0 7 brzina<\/td>\n<td width=\"121\">Te\u017eina<\/td>\n<td width=\"205\">48 kg<\/td>\n<\/tr>\n<tr>\n<td width=\"123\">&nbsp;<\/td>\n<td width=\"179\">&nbsp;<\/td>\n<td width=\"121\">Optere\u0107enje<\/td>\n<td width=\"205\">200 kg<\/td>\n<\/tr>\n<tr>\n<td width=\"123\">Ko\u010dnice<\/td>\n<td width=\"179\">Uljni diskovi<\/td>\n<td width=\"121\">Dimenzije<\/td>\n<td width=\"205\">192*111*87 cm<\/td>\n<\/tr>\n<\/tbody>\n<\/table>\n<p><strong><br \/>\n<\/strong><strong>Paket:<\/strong><br \/>\n1 x Elektri\u010dni bicikl<br \/>\n1 x Punja\u010d<br \/>\n1 x Upute<br \/>\n1 x Alat<\/p>","protected":false},"excerpt":{"rendered":"<p><strong>Paket:<\/strong><br \/>\n1 x Elektri\u010dni bicikl<br \/>\n1 x Punja\u010d<br \/>\n1 x Upute<br \/>\n1 x Alat<\/p>","protected":false},"featured_media":5618,"comment_status":"open","ping_status":"closed","template":"","meta":{"_gspb_post_css":"","_sitemap_exclude":false,"_sitemap_priority":"","_sitemap_frequency":""},"product_brand":[],"product_cat":[17,99],"product_tag":[],"class_list":{"0":"post-5617","1":"product","2":"type-product","3":"status-publish","4":"has-post-thumbnail","6":"product_cat-elektricni-skiroji","7":"product_cat-elektricno-kolo-z-dvojnim-motorjem","8":"product_shipping_class-skiroji","9":"pa_barva-crna","10":"pa_kapaciteta-baterije-vozila-nad-30ah","11":"pa_maksimalna-obremenitev-180-do-200kg","12":"pa_moc-pogona-1500-do-2000w","13":"pa_namen-uporabe-tip-gume-cestni","14":"pa_namen-uporabe-tip-gume-debela-guma","15":"pa_skladisce-brezcarinsko-skladisce-slovenija","16":"pa_skladisce-centralno-skladisce-slovenija","17":"pa_stevilo-motorjev-164","18":"pa_velikost-kolesa-20-col","20":"first","21":"instock","22":"shipping-taxable","23":"purchasable","24":"product-type-simple"},"_links":{"self":[{"href":"https:\/\/piflarnakupuje.top\/hr\/wp-json\/wp\/v2\/product\/5617","targetHints":{"allow":["GET"]}}],"collection":[{"href":"https:\/\/piflarnakupuje.top\/hr\/wp-json\/wp\/v2\/product"}],"about":[{"href":"https:\/\/piflarnakupuje.top\/hr\/wp-json\/wp\/v2\/types\/product"}],"replies":[{"embeddable":true,"href":"https:\/\/piflarnakupuje.top\/hr\/wp-json\/wp\/v2\/comments?post=5617"}],"wp:featuredmedia":[{"embeddable":true,"href":"https:\/\/piflarnakupuje.top\/hr\/wp-json\/wp\/v2\/media\/5618"}],"wp:attachment":[{"href":"https:\/\/piflarnakupuje.top\/hr\/wp-json\/wp\/v2\/media?parent=5617"}],"wp:term":[{"taxonomy":"product_brand","embeddable":true,"href":"https:\/\/piflarnakupuje.top\/hr\/wp-json\/wp\/v2\/product_brand?post=5617"},{"taxonomy":"product_cat","embeddable":true,"href":"https:\/\/piflarnakupuje.top\/hr\/wp-json\/wp\/v2\/product_cat?post=5617"},{"taxonomy":"product_tag","embeddable":true,"href":"https:\/\/piflarnakupuje.top\/hr\/wp-json\/wp\/v2\/product_tag?post=5617"}],"curies":[{"name":"wp","href":"https:\/\/api.w.org\/{rel}","templated":true}]}}