{"id":5639,"date":"2024-07-24T11:49:59","date_gmt":"2024-07-24T11:49:59","guid":{"rendered":"https:\/\/piflarnakupuje.top\/?post_type=product&#038;p=5639"},"modified":"2025-07-01T07:47:44","modified_gmt":"2025-07-01T07:47:44","slug":"mg740plus-elektricno-kolo-20ah-48v-1000w2-motorja-264-0-col-kolesa","status":"publish","type":"product","link":"https:\/\/piflarnakupuje.top\/hr\/pp\/mg740plus-elektricno-kolo-20ah-48v-1000w2-motorja-264-0-col-kolesa\/","title":{"rendered":"MG740PLUS Elektri\u010dni bicikl 20Ah 48V 1000W*2 motora 26*4,0 in\u010dni kota\u010di"},"content":{"rendered":"<p style=\"font-weight: 400;\"><b>Tehni\u010dki podaci:<\/b><\/p>\n<table style=\"font-weight: 400;\">\n<tbody>\n<tr>\n<td width=\"197\"><\/td>\n<td width=\"197\"><\/td>\n<td width=\"197\">Model<\/td>\n<td width=\"197\">MG740PLUS<\/td>\n<\/tr>\n<tr>\n<td width=\"197\">Materijal<\/td>\n<td width=\"197\">Aluminij<\/td>\n<td width=\"197\">Otpornost na vodu<\/td>\n<td width=\"197\">IP56<\/td>\n<\/tr>\n<tr>\n<td width=\"197\">Otklju\u010daj finale<\/td>\n<td width=\"197\">i<\/td>\n<td width=\"197\">Punja\u010d<\/td>\n<td width=\"197\">48V 3A<\/td>\n<\/tr>\n<tr>\n<td width=\"197\">Veli\u010dina<\/td>\n<td width=\"197\">198* 110* 85 \u2013 105 cm<\/td>\n<td width=\"197\">Baterija<\/td>\n<td width=\"197\">20AH<\/td>\n<\/tr>\n<tr>\n<td width=\"197\">Paket<\/td>\n<td width=\"197\">180*110*85-115 cm<\/td>\n<td width=\"197\">Napon baterije<\/td>\n<td width=\"197\">48V<\/td>\n<\/tr>\n<tr>\n<td width=\"197\">Kota\u010di<\/td>\n<td width=\"197\">26*4,0 boja<\/td>\n<td width=\"197\"><\/td>\n<td width=\"197\"><\/td>\n<\/tr>\n<tr>\n<td width=\"197\">Te\u017eina<\/td>\n<td width=\"197\">48 kg<\/td>\n<td width=\"197\">Napon motora<\/td>\n<td width=\"197\">48V<\/td>\n<\/tr>\n<tr>\n<td width=\"197\">Te\u017eina baterije<\/td>\n<td width=\"197\">3,8 kg<\/td>\n<td width=\"197\">Vlast<\/td>\n<td width=\"197\">1000 W*2<\/td>\n<\/tr>\n<tr>\n<td width=\"197\">Optere\u0107enje<\/td>\n<td width=\"197\">180 kg<\/td>\n<td width=\"197\">Okretni moment<\/td>\n<td width=\"197\">sprijeda i straga 90N\/M<\/td>\n<\/tr>\n<tr>\n<td width=\"197\">Visina<\/td>\n<td width=\"197\">170-190 cm<\/td>\n<td width=\"197\">Punjenje<\/td>\n<td width=\"197\">5-6 sati<\/td>\n<\/tr>\n<tr>\n<td width=\"197\">Preporu\u010dena brzina<\/td>\n<td width=\"197\">25 km\/h<\/td>\n<td width=\"197\">Ko\u010dnice<\/td>\n<td width=\"197\">uljni diskovi<\/td>\n<\/tr>\n<tr>\n<td width=\"197\">Doseg<\/td>\n<td width=\"197\">60 km<\/td>\n<td width=\"197\">Mjenja\u010d<\/td>\n<td width=\"197\">Shiman0 TX50-7 u M310<\/td>\n<\/tr>\n<tr>\n<td width=\"197\">Nagib<\/td>\n<td width=\"197\">40\u00b0<\/td>\n<td width=\"197\">Raspon pomo\u0107i<\/td>\n<td width=\"197\">120-150 km<\/td>\n<\/tr>\n<tr>\n<td width=\"197\">Blatobrani<\/td>\n<td width=\"197\">i<\/td>\n<td width=\"197\">visina sjedala<\/td>\n<td width=\"197\">85 cm ~ 100 cm<\/td>\n<\/tr>\n<tr>\n<td width=\"197\">Zaslon<\/td>\n<td width=\"197\">LCD<\/td>\n<td width=\"197\">Sjedalo<\/td>\n<td width=\"197\">podesiv<\/td>\n<\/tr>\n<tr>\n<td width=\"197\">Smanjenje<\/td>\n<td width=\"197\">ulje naprijed i nazad<\/td>\n<td width=\"197\">Potvrda<\/td>\n<td width=\"197\">OVAJ<\/td>\n<\/tr>\n<\/tbody>\n<\/table>\n<p style=\"font-weight: 400;\"><b>Paket:<\/b><\/p>\n<p style=\"font-weight: 400;\">1 * elektri\u010dni bicikl<\/p>\n<p style=\"font-weight: 400;\">1 * punja\u010d<\/p>\n<p style=\"font-weight: 400;\">1 * klju\u010d<\/p>\n<p style=\"font-weight: 400;\">1 * vi\u0161enamjenska tipka<\/p>\n<p style=\"font-weight: 400;\">1 * brava<\/p>\n<p style=\"font-weight: 400;\">1 * upute<\/p>","protected":false},"excerpt":{"rendered":"<p style=\"font-weight: 400;\"><b>Paket:<\/b><\/p>\n<p style=\"font-weight: 400;\">1 * elektri\u010dni bicikl<\/p>\n<p style=\"font-weight: 400;\">1 * punja\u010d<\/p>\n<p style=\"font-weight: 400;\">1 * klju\u010d<\/p>\n<p style=\"font-weight: 400;\">1 * vi\u0161enamjenska tipka<\/p>\n<p style=\"font-weight: 400;\">1 * brava<\/p>\n<p style=\"font-weight: 400;\">1 * upute<\/p>","protected":false},"featured_media":5643,"comment_status":"open","ping_status":"closed","template":"","meta":{"_gspb_post_css":"","_sitemap_exclude":false,"_sitemap_priority":"","_sitemap_frequency":""},"product_brand":[],"product_cat":[17,99],"product_tag":[],"class_list":{"0":"post-5639","1":"product","2":"type-product","3":"status-publish","4":"has-post-thumbnail","6":"product_cat-elektricni-skiroji","7":"product_cat-elektricno-kolo-z-dvojnim-motorjem","8":"pa_barva-crna","9":"pa_barva-modra","10":"pa_kapaciteta-baterije-vozila-od-20-do-25-ah","11":"pa_maksimalna-obremenitev-160-do-180kg","12":"pa_moc-pogona-1500-do-2000w","13":"pa_namen-uporabe-tip-gume-debela-guma","14":"pa_namen-uporabe-tip-gume-terenski","15":"pa_skladisce-brezcarinsko-skladisce-slovenija","16":"pa_stevilo-motorjev-164","17":"pa_velikost-kolesa-26-col","19":"first","20":"instock","21":"shipping-taxable","22":"purchasable","23":"product-type-variable"},"_links":{"self":[{"href":"https:\/\/piflarnakupuje.top\/hr\/wp-json\/wp\/v2\/product\/5639","targetHints":{"allow":["GET"]}}],"collection":[{"href":"https:\/\/piflarnakupuje.top\/hr\/wp-json\/wp\/v2\/product"}],"about":[{"href":"https:\/\/piflarnakupuje.top\/hr\/wp-json\/wp\/v2\/types\/product"}],"replies":[{"embeddable":true,"href":"https:\/\/piflarnakupuje.top\/hr\/wp-json\/wp\/v2\/comments?post=5639"}],"wp:featuredmedia":[{"embeddable":true,"href":"https:\/\/piflarnakupuje.top\/hr\/wp-json\/wp\/v2\/media\/5643"}],"wp:attachment":[{"href":"https:\/\/piflarnakupuje.top\/hr\/wp-json\/wp\/v2\/media?parent=5639"}],"wp:term":[{"taxonomy":"product_brand","embeddable":true,"href":"https:\/\/piflarnakupuje.top\/hr\/wp-json\/wp\/v2\/product_brand?post=5639"},{"taxonomy":"product_cat","embeddable":true,"href":"https:\/\/piflarnakupuje.top\/hr\/wp-json\/wp\/v2\/product_cat?post=5639"},{"taxonomy":"product_tag","embeddable":true,"href":"https:\/\/piflarnakupuje.top\/hr\/wp-json\/wp\/v2\/product_tag?post=5639"}],"curies":[{"name":"wp","href":"https:\/\/api.w.org\/{rel}","templated":true}]}}