{"id":5911,"date":"2024-07-26T05:49:15","date_gmt":"2024-07-26T05:49:15","guid":{"rendered":"https:\/\/piflarnakupuje.top\/?post_type=product&#038;p=5911"},"modified":"2025-07-09T05:18:28","modified_gmt":"2025-07-09T05:18:28","slug":"rtr-r1001-1-10-2-4g-4wd-rc-avtomobil-crawler-2-perstavi","status":"publish","type":"product","link":"https:\/\/piflarnakupuje.top\/hr\/pp\/rtr-r1001-1-10-2-4g-4wd-rc-avtomobil-crawler-2-perstavi\/","title":{"rendered":"RTR R1001 1\/10 2.4G 4WD RC auto crawler 2 brzine"},"content":{"rendered":"<p>Tehni\u010dki podaci:<\/p>\n<table>\n<tbody>\n<tr>\n<td>Osnovne informacije<\/td>\n<td>Model: R1001<br \/>\nMjerilo: 1\/10<br \/>\nBrzina: 18 km\/h<\/td>\n<td>Pogon<\/td>\n<td>ESC:Hobbywing 1060<br \/>\nMotor: 550 bez \u010detkica<br \/>\nServo: 3KG standardno<\/td>\n<\/tr>\n<tr>\n<td>Oda\u0161ilja\u010d<\/td>\n<td>Frekvencija: 2.4G<br \/>\nKanali: 4CH<br \/>\nDoseg: cca 100m<br \/>\nBaterije: 4X AA (nisu uklju\u010dene)<\/td>\n<td>Baterija<\/td>\n<td>7,4 V 3000 mAh 2 s Li-ion (uklju\u010deno)<br \/>\nPunjenje: cca. 4 sata<br \/>\nIgra: cca 30 min<\/td>\n<\/tr>\n<tr>\n<td>Ostalo<\/td>\n<td>Materijal: ABS, najlon i metal<\/td>\n<td>Dimenzije<\/td>\n<td>Auto: 56,8*24,7*26 cm<\/p>\n<p>Me\u0111uosovinski razmak: 313 mm<\/p>\n<p>Vanjski promjer: 97 mm<\/p>\n<p>\u0160irina izme\u0111u kota\u010da: 20 mm<\/p>\n<p>Veli\u010dina daljinskog upravlja\u010da: 210*180*75 mm<\/p>\n<p>Kutija: 63,2*26,2*25,4 cm<\/td>\n<\/tr>\n<\/tbody>\n<\/table>\n<p>&nbsp;<\/p>\n<p><strong>Paket<\/strong>:<br \/>\n1X RC automobil<\/p>\n<p>1X akumulator<\/p>\n<p>1X Pilot<\/p>\n<p>1X USB za punjenje<\/p>\n<p>1X Upute<\/p>\n<p>1X naljepnice<\/p>\n<p>2X alat<\/p>","protected":false},"excerpt":{"rendered":"<p><strong>Paket<\/strong>:<br \/>\n1X RC automobil<\/p>\n<p>1X akumulator<\/p>\n<p>1X Pilot<\/p>\n<p>1X USB za punjenje<\/p>\n<p>1X Upute<\/p>\n<p>1X naljepnice<\/p>\n<p>2X alat<\/p>","protected":false},"featured_media":5926,"comment_status":"open","ping_status":"closed","template":"","meta":{"_gspb_post_css":"","_sitemap_exclude":false,"_sitemap_priority":"","_sitemap_frequency":""},"product_brand":[],"product_cat":[49,21],"product_tag":[],"class_list":{"0":"post-5911","1":"product","2":"type-product","3":"status-publish","4":"has-post-thumbnail","6":"product_cat-profi-rc-igrace-za-velike-in-male-po-dusi","7":"product_cat-rc-avtomobili","8":"product_shipping_class-rc","9":"pa_barva-crna","10":"pa_barva-modra","11":"pa_barva-rdeca","12":"pa_barva-rumena","13":"pa_barva-siva","14":"pa_kolicina-akumulatorjev-rc-190","15":"pa_merilo-rc-avtomobila-141","16":"pa_skladisce-centralno-skladisce-slovenija","17":"pa_tip-motorja-rc-krtacni","18":"pa_vrsta-avtomobila-cravler","20":"first","21":"instock","22":"shipping-taxable","23":"purchasable","24":"product-type-variable"},"_links":{"self":[{"href":"https:\/\/piflarnakupuje.top\/hr\/wp-json\/wp\/v2\/product\/5911","targetHints":{"allow":["GET"]}}],"collection":[{"href":"https:\/\/piflarnakupuje.top\/hr\/wp-json\/wp\/v2\/product"}],"about":[{"href":"https:\/\/piflarnakupuje.top\/hr\/wp-json\/wp\/v2\/types\/product"}],"replies":[{"embeddable":true,"href":"https:\/\/piflarnakupuje.top\/hr\/wp-json\/wp\/v2\/comments?post=5911"}],"wp:featuredmedia":[{"embeddable":true,"href":"https:\/\/piflarnakupuje.top\/hr\/wp-json\/wp\/v2\/media\/5926"}],"wp:attachment":[{"href":"https:\/\/piflarnakupuje.top\/hr\/wp-json\/wp\/v2\/media?parent=5911"}],"wp:term":[{"taxonomy":"product_brand","embeddable":true,"href":"https:\/\/piflarnakupuje.top\/hr\/wp-json\/wp\/v2\/product_brand?post=5911"},{"taxonomy":"product_cat","embeddable":true,"href":"https:\/\/piflarnakupuje.top\/hr\/wp-json\/wp\/v2\/product_cat?post=5911"},{"taxonomy":"product_tag","embeddable":true,"href":"https:\/\/piflarnakupuje.top\/hr\/wp-json\/wp\/v2\/product_tag?post=5911"}],"curies":[{"name":"wp","href":"https:\/\/api.w.org\/{rel}","templated":true}]}}