{"id":6066,"date":"2024-07-26T15:05:30","date_gmt":"2024-07-26T15:05:30","guid":{"rendered":"https:\/\/piflarnakupuje.top\/?post_type=product&#038;p=6066"},"modified":"2025-07-10T11:19:07","modified_gmt":"2025-07-10T11:19:07","slug":"technic-kamion-za-podiranje-dreves-3068-kosov","status":"publish","type":"product","link":"https:\/\/piflarnakupuje.top\/hr\/pp\/technic-kamion-za-podiranje-dreves-3068-kosov\/","title":{"rendered":"Technic kamion za sje\u010du drve\u0107a 3068 dijelova"},"content":{"rendered":"<p>U paketu dobivate jasne upute za sastavljanje, elektri\u010dni pogon i kvalitetu kocki usporedivu s <a href=\"https:\/\/piflarnakupuje.top\/hr\/pp\/technics-sibrovka-benelli-m4-super-90-1061-kosov\/\">lego<\/a>Sve <a href=\"https:\/\/piflarnakupuje.top\/hr\/piflarjev-test-rc-jcb-multifunkcijski-bager-2-239-kosov-z-elektro-pogonom-in-daljincem\/\">kocke<\/a> su kompatibilni sa <a href=\"https:\/\/piflarnakupuje.top\/hr\/pp\/technics-sibrovka-benelli-m4-super-90-1061-kosov\/\">lego<\/a> tehnika.<\/p>\n<p><strong>Paket:<\/strong><\/p>\n<p>1 x komplet 3068 kock<\/p>\n<p>1 x Upute za sastavljanje<\/p>\n<p>2 x Prijemnik<\/p>\n<p>7 x Motor<\/p>\n<p>1 x Daljinski upravlja\u010d<\/p>","protected":false},"excerpt":{"rendered":"<p><strong>Paket:<\/strong><\/p>\n<p>1 x komplet 3068 kock<\/p>\n<p>1 x Upute za sastavljanje<\/p>\n<p>2 x Prijemnik<\/p>\n<p>7 x Motor<\/p>\n<p>1 x Daljinski upravlja\u010d<\/p>","protected":false},"featured_media":6075,"comment_status":"open","ping_status":"closed","template":"","meta":{"_gspb_post_css":"","_sitemap_exclude":false,"_sitemap_priority":"","_sitemap_frequency":""},"product_brand":[],"product_cat":[44,16],"product_tag":[],"class_list":{"0":"post-6066","1":"product","2":"type-product","3":"status-publish","4":"has-post-thumbnail","6":"product_cat-technic-kocke","7":"product_cat-technic-kocke-in-sestavljanke","8":"product_shipping_class-kocke","9":"pa_barva-rdeca","10":"pa_pogon-funkcij-kocke-elektro-motor","11":"pa_skladisce-centralno-skladisce-slovenija","12":"pa_tema-kock-stroji","14":"first","15":"instock","16":"shipping-taxable","17":"purchasable","18":"product-type-simple"},"_links":{"self":[{"href":"https:\/\/piflarnakupuje.top\/hr\/wp-json\/wp\/v2\/product\/6066","targetHints":{"allow":["GET"]}}],"collection":[{"href":"https:\/\/piflarnakupuje.top\/hr\/wp-json\/wp\/v2\/product"}],"about":[{"href":"https:\/\/piflarnakupuje.top\/hr\/wp-json\/wp\/v2\/types\/product"}],"replies":[{"embeddable":true,"href":"https:\/\/piflarnakupuje.top\/hr\/wp-json\/wp\/v2\/comments?post=6066"}],"wp:featuredmedia":[{"embeddable":true,"href":"https:\/\/piflarnakupuje.top\/hr\/wp-json\/wp\/v2\/media\/6075"}],"wp:attachment":[{"href":"https:\/\/piflarnakupuje.top\/hr\/wp-json\/wp\/v2\/media?parent=6066"}],"wp:term":[{"taxonomy":"product_brand","embeddable":true,"href":"https:\/\/piflarnakupuje.top\/hr\/wp-json\/wp\/v2\/product_brand?post=6066"},{"taxonomy":"product_cat","embeddable":true,"href":"https:\/\/piflarnakupuje.top\/hr\/wp-json\/wp\/v2\/product_cat?post=6066"},{"taxonomy":"product_tag","embeddable":true,"href":"https:\/\/piflarnakupuje.top\/hr\/wp-json\/wp\/v2\/product_tag?post=6066"}],"curies":[{"name":"wp","href":"https:\/\/api.w.org\/{rel}","templated":true}]}}