{"id":6657,"date":"2024-07-29T12:28:29","date_gmt":"2024-07-29T12:28:29","guid":{"rendered":"https:\/\/piflarnakupuje.top\/?post_type=product&#038;p=6657"},"modified":"2025-07-01T07:44:35","modified_gmt":"2025-07-01T07:44:35","slug":"bp2000-powerbank-in-regulator-2048wh-640000mah-lifepo4-baterija-2200w-ac","status":"publish","type":"product","link":"https:\/\/piflarnakupuje.top\/hr\/pp\/bp2000-powerbank-in-regulator-2048wh-640000mah-lifepo4-baterija-2200w-ac\/","title":{"rendered":"BP2000 Powerbank u regulatoru, 2048Wh\/640000mAh LiFePO4 Baterija 2200W AC"},"content":{"rendered":"<p><b>Tehni\u010dki podaci:<\/b><\/p>\n<table border=\"0\" width=\"650\" cellspacing=\"0\" cellpadding=\"0\">\n<colgroup>\n<col width=\"217\" \/>\n<col width=\"432\" \/><\/colgroup>\n<tbody>\n<tr>\n<td class=\"et2\" rowspan=\"4\" width=\"217\" height=\"84\">General<\/td>\n<td class=\"et3\" width=\"432\"><\/td>\n<\/tr>\n<tr>\n<td class=\"et5\" width=\"432\"><\/td>\n<\/tr>\n<tr>\n<td class=\"et5\" width=\"432\">Model: BP2000<\/td>\n<\/tr>\n<tr>\n<td class=\"et6\" width=\"432\"><\/td>\n<\/tr>\n<tr>\n<td class=\"et2\" rowspan=\"5\" width=\"217\" height=\"126\"><a href=\"https:\/\/piflarnakupuje.top\/hr\/pp\/jump-1500-dodatni-akumulator-1548wh-lifepo4-tipa\/\">Baterija<\/a><\/td>\n<td class=\"et5\" width=\"432\">kapaciteta: 2048Wh\/640000mAh (51.2V )<\/td>\n<\/tr>\n<tr>\n<td class=\"et5\" width=\"432\">Kemija: LiFePO4<\/td>\n<\/tr>\n<tr>\n<td class=\"et5\" width=\"432\">Ciklus: 3500+<\/td>\n<\/tr>\n<tr>\n<td class=\"et5\" width=\"432\">Pro\u0161irivost akumulatora: 1* uti\u010dnica<br \/>\n(do 7 dodatnih baterija)<\/td>\n<\/tr>\n<tr>\n<td class=\"et6\" width=\"432\"><\/td>\n<\/tr>\n<tr>\n<td class=\"et2\" rowspan=\"6\" width=\"217\" height=\"126\">Ulaz za punjenje<\/td>\n<td class=\"et7\" width=\"432\">AC punja\u010d: Maks. 1800 W, AC 200-240 Maks. 15 A<\/td>\n<\/tr>\n<tr>\n<td class=\"et8\" width=\"432\">Punjenje: brzo punjenje, 1,8 sati (80% snage)<\/td>\n<\/tr>\n<tr>\n<td class=\"et8\" width=\"432\">Solarni punja\u010d: 1* XT60 priklju\u010dak, 12V-120V \/ 15A, maks. 1000W<\/td>\n<\/tr>\n<tr>\n<td class=\"et8\" width=\"432\">Vrijeme solarnog punjenja: 2,5 sata<\/td>\n<\/tr>\n<tr>\n<td class=\"et8\" width=\"432\"><a href=\"https:\/\/piflarnakupuje.top\/hr\/piflar-test-mn-128-1-12-2-4g-4wd-rc-crawler\/\">Automobil<\/a> punjenje: 12V\/8A, 24V\/10A<\/td>\n<\/tr>\n<tr>\n<td class=\"et9\" width=\"432\">Podr\u017eava istovremeno punjenje i pra\u017enjenje<\/td>\n<\/tr>\n<tr>\n<td class=\"et2\" rowspan=\"9\" width=\"217\" height=\"210\">AC izlaz<\/td>\n<td class=\"et7\" width=\"432\">Snaga: 2200 W<\/td>\n<\/tr>\n<tr>\n<td class=\"et8\" width=\"432\"><\/td>\n<\/tr>\n<tr>\n<td class=\"et8\" width=\"432\">Trenutna snaga: 4000 W<\/td>\n<\/tr>\n<tr>\n<td class=\"et8\" width=\"432\">Napon: 200-240 V AC<\/td>\n<\/tr>\n<tr>\n<td class=\"et8\" width=\"432\">Frekvencija: 60Hz\/50Hz<\/td>\n<\/tr>\n<tr>\n<td class=\"et8\" width=\"432\"><\/td>\n<\/tr>\n<tr>\n<td class=\"et8\" width=\"432\">U\u010dinkovitost: \u03b7=90%<\/td>\n<\/tr>\n<tr>\n<td class=\"et8\" width=\"432\"><\/td>\n<\/tr>\n<tr>\n<td class=\"et9\" width=\"432\">AC izlazi: 5x *AC 2200W<\/td>\n<\/tr>\n<tr>\n<td class=\"et2\" rowspan=\"3\" width=\"217\" height=\"63\">USB izlaz<\/td>\n<td class=\"et7\" width=\"432\">USB-A: 2* 12 W (5 V\/2,4 A)<\/td>\n<\/tr>\n<tr>\n<td class=\"et8\" width=\"432\">USB-A, QC3.0: 2* 18 W (5 V\/3 A; 9 V\/2 A; 12 V\/1,5 A)<\/td>\n<\/tr>\n<tr>\n<td class=\"et9\" width=\"432\">USB-C: 2* PD100W (5V 3A; 9V 3A; 12V 3A; 15V 3A; 20V 5A)<\/td>\n<\/tr>\n<tr>\n<td class=\"et2\" rowspan=\"3\" width=\"217\" height=\"63\">DC izlaz<\/td>\n<td class=\"et7\" width=\"432\">Kamper: 1* 24V\/10A<\/td>\n<\/tr>\n<tr>\n<td class=\"et8\" width=\"432\">DC5521: 2*12V\/3A<\/td>\n<\/tr>\n<tr>\n<td class=\"et9\" width=\"432\"><\/td>\n<\/tr>\n<tr>\n<td class=\"et2\" rowspan=\"6\" width=\"217\" height=\"126\">Radni uvjeti<\/td>\n<td class=\"et7\" width=\"432\">Zagon: &lt;10mS<\/td>\n<\/tr>\n<tr>\n<td class=\"et8\" width=\"432\"><\/td>\n<\/tr>\n<tr>\n<td class=\"et8\" width=\"432\">Radna temperatura: 0-40 stupnjeva<\/td>\n<\/tr>\n<tr>\n<td class=\"et8\" width=\"432\">Temperatura pra\u017enjenja: -10-40 stupnjeva<\/td>\n<\/tr>\n<tr>\n<td class=\"et8\" width=\"432\">Hla\u0111enje: 6 + ventilator<\/td>\n<\/tr>\n<tr>\n<td class=\"et9\" width=\"432\"><\/td>\n<\/tr>\n<tr>\n<td class=\"et2\" rowspan=\"4\" width=\"217\" height=\"105\"><\/td>\n<td class=\"et7\" width=\"432\"><\/td>\n<\/tr>\n<tr>\n<td class=\"et8\" width=\"432\"><\/td>\n<\/tr>\n<tr>\n<td class=\"et8\" width=\"432\"><\/td>\n<\/tr>\n<tr>\n<td class=\"et9\" width=\"432\"><\/td>\n<\/tr>\n<tr>\n<td class=\"et13\" rowspan=\"2\" width=\"217\" height=\"42\">Te\u017eina i veli\u010dina<\/td>\n<td class=\"et3\" width=\"432\">Te\u017eina: 22 kg<\/td>\n<\/tr>\n<tr>\n<td class=\"et6\" width=\"432\">Veli\u010dina: 48,2 \u00d7 29,6 \u00d7 31,8 cm<\/td>\n<\/tr>\n<\/tbody>\n<\/table>\n<p><b>Paket:<\/b><\/p>\n<p>1 x Postaja<span style=\"color: #666666; font-family: Arial;\"><br \/>\n<\/span>1 x AC kabel<\/p>\n<p>1 x kabel za punjenje <a href=\"https:\/\/piflarnakupuje.top\/hr\/piflar-test-mn-128-1-12-2-4g-4wd-rc-crawler\/\">automobil<\/a><\/p>\n<p>1 x Upute<\/p>","protected":false},"excerpt":{"rendered":"<p><b>Paket:<\/b><\/p>\n<p>1 x Postaja<span style=\"color: #666666; font-family: Arial;\"><br \/>\n<\/span>1 x AC kabel<\/p>\n<p>1 x kabel za punjenje u automobilu<\/p>\n<p>1 x Upute<\/p>","protected":false},"featured_media":6665,"comment_status":"open","ping_status":"closed","template":"","meta":{"_gspb_post_css":"","_sitemap_exclude":false,"_sitemap_priority":"","_sitemap_frequency":""},"product_brand":[],"product_cat":[65,154],"product_tag":[],"class_list":{"0":"post-6657","1":"product","2":"type-product","3":"status-publish","4":"has-post-thumbnail","6":"product_cat-prenosne-soncne-elektrarne","7":"product_cat-akumulator-in-frekvencni-regulator","8":"product_shipping_class-ostalo","9":"pa_barva-siva","10":"pa_kapaciteta-akumulatorja-od-2000-do-3000wh","11":"pa_kemija-baterije-lifepo4","12":"pa_moc-sistema-1500-do-3000w","13":"pa_skladisce-brezcarinsko-skladisce-slovenija","15":"first","16":"instock","17":"shipping-taxable","18":"purchasable","19":"product-type-simple"},"_links":{"self":[{"href":"https:\/\/piflarnakupuje.top\/hr\/wp-json\/wp\/v2\/product\/6657","targetHints":{"allow":["GET"]}}],"collection":[{"href":"https:\/\/piflarnakupuje.top\/hr\/wp-json\/wp\/v2\/product"}],"about":[{"href":"https:\/\/piflarnakupuje.top\/hr\/wp-json\/wp\/v2\/types\/product"}],"replies":[{"embeddable":true,"href":"https:\/\/piflarnakupuje.top\/hr\/wp-json\/wp\/v2\/comments?post=6657"}],"wp:featuredmedia":[{"embeddable":true,"href":"https:\/\/piflarnakupuje.top\/hr\/wp-json\/wp\/v2\/media\/6665"}],"wp:attachment":[{"href":"https:\/\/piflarnakupuje.top\/hr\/wp-json\/wp\/v2\/media?parent=6657"}],"wp:term":[{"taxonomy":"product_brand","embeddable":true,"href":"https:\/\/piflarnakupuje.top\/hr\/wp-json\/wp\/v2\/product_brand?post=6657"},{"taxonomy":"product_cat","embeddable":true,"href":"https:\/\/piflarnakupuje.top\/hr\/wp-json\/wp\/v2\/product_cat?post=6657"},{"taxonomy":"product_tag","embeddable":true,"href":"https:\/\/piflarnakupuje.top\/hr\/wp-json\/wp\/v2\/product_tag?post=6657"}],"curies":[{"name":"wp","href":"https:\/\/api.w.org\/{rel}","templated":true}]}}