{"id":6746,"date":"2024-07-30T06:49:36","date_gmt":"2024-07-30T06:49:36","guid":{"rendered":"https:\/\/piflarnakupuje.top\/?post_type=product&#038;p=6746"},"modified":"2026-04-16T13:07:05","modified_gmt":"2026-04-16T13:07:05","slug":"gt2-58-8v-1512wh-6000w-dva-motorja-11-col-kolesa-brez-zracnic","status":"publish","type":"product","link":"https:\/\/piflarnakupuje.top\/hr\/pp\/gt2-58-8v-1512wh-6000w-dva-motorja-11-col-kolesa-brez-zracnic\/","title":{"rendered":"GT2 58.8V 1512Wh 6000W dvostruki motori 11-in\u010dni kota\u010di bez zra\u010dnica"},"content":{"rendered":"<p style=\"font-weight: 400;\"><strong>Tehni\u010dki podaci:<\/strong><\/p>\n<table style=\"font-weight: 400;\">\n<tbody>\n<tr>\n<td width=\"135\"><\/td>\n<td width=\"183\"><\/td>\n<td width=\"160\"><a href=\"https:\/\/piflarnakupuje.top\/hr\/pp\/jump-1500-dodatni-akumulator-1548wh-lifepo4-tipa\/\">Baterija<\/a><\/td>\n<td width=\"244\">1512 Wh<\/td>\n<\/tr>\n<tr>\n<td width=\"135\">Model<\/td>\n<td width=\"183\">GT2<\/td>\n<td width=\"160\">Preporu\u010dena brzina<\/td>\n<td width=\"244\">25 km\/h<\/td>\n<\/tr>\n<tr>\n<td width=\"135\">Materijal<\/td>\n<td width=\"183\">Aluminij<\/td>\n<td width=\"160\">Optere\u0107enje<\/td>\n<td width=\"244\">120-150 kg<\/td>\n<\/tr>\n<tr>\n<td width=\"135\">Gume<\/td>\n<td width=\"183\">11 col<\/td>\n<td width=\"160\">Nagib<\/td>\n<td width=\"244\">30\u00b0<\/td>\n<\/tr>\n<tr>\n<td width=\"135\">Motor<\/td>\n<td width=\"183\">58,8 V, 6000 W<\/td>\n<td width=\"160\">Zaslon<\/td>\n<td width=\"244\">TI JESI<\/td>\n<\/tr>\n<tr>\n<td width=\"135\">Doseg<\/td>\n<td width=\"183\">90 km<\/td>\n<td width=\"160\">Povezivost<\/td>\n<td width=\"244\">Bluetooth, Elektroni\u010dki<\/td>\n<\/tr>\n<tr>\n<td width=\"135\">Ko\u010dnice<\/td>\n<td width=\"183\">Dvostruki diskovi<\/td>\n<td width=\"160\">Na\u010dini vo\u017enje<\/td>\n<td width=\"244\">hodanje, park, eko, sport, utrka<\/td>\n<\/tr>\n<tr>\n<td width=\"135\"><\/td>\n<td width=\"183\"><\/td>\n<td width=\"160\">Potvrda<\/td>\n<td width=\"244\">OVAJ<\/td>\n<\/tr>\n<\/tbody>\n<\/table>\n<p style=\"font-weight: 400;\"><strong>Paket:<\/strong><\/p>\n<p style=\"font-weight: 400;\"><strong><br \/>\n<\/strong>1x <a href=\"https:\/\/piflarnakupuje.top\/hr\/pp\/f20-ultra-elektricno-kolo-750w-motor-48v-25ah-akumulatory-205-col\/\">Elektri\u010dni skuter<\/a><\/p>\n<p style=\"font-weight: 400;\">1x <a href=\"https:\/\/piflarnakupuje.top\/hr\/pp\/4-in-1-qi-brezzicni-polnilec-za-vse-naprave-z-qi-standardom\/\">Punja\u010d<\/a><\/p>\n<p>1 x Upute<\/p>","protected":false},"excerpt":{"rendered":"<p style=\"font-weight: 400;\"><strong>Paket:<\/strong><\/p>\n<p style=\"font-weight: 400;\"><strong><br \/>\n<\/strong>1 x Elektri\u010dni skuter<\/p>\n<p style=\"font-weight: 400;\">1 x Punja\u010d<\/p>\n<p>1 x Upute<\/p>\n<p style=\"font-weight: 400;\">","protected":false},"featured_media":6755,"comment_status":"open","ping_status":"closed","template":"","meta":{"_gspb_post_css":"","_sitemap_exclude":false,"_sitemap_priority":"","_sitemap_frequency":""},"product_brand":[],"product_cat":[48,17],"product_tag":[],"class_list":{"0":"post-6746","1":"product","2":"type-product","3":"status-publish","4":"has-post-thumbnail","6":"product_cat-elektricni-skiro","7":"product_cat-elektricni-skiroji","8":"product_shipping_class-skiroji","9":"pa_barva-siva","10":"pa_kapaciteta-baterije-vozila-nad-30ah","11":"pa_maksimalna-obremenitev-120-do-140kg","12":"pa_moc-pogona-nad-2500w","13":"pa_namen-uporabe-tip-gume-terenski","14":"pa_skladisce-centralno-skladisce-slovenija","15":"pa_stevilo-motorjev-164","16":"pa_velikost-kolesa-11-col","18":"first","19":"instock","20":"shipping-taxable","21":"purchasable","22":"product-type-simple"},"_links":{"self":[{"href":"https:\/\/piflarnakupuje.top\/hr\/wp-json\/wp\/v2\/product\/6746","targetHints":{"allow":["GET"]}}],"collection":[{"href":"https:\/\/piflarnakupuje.top\/hr\/wp-json\/wp\/v2\/product"}],"about":[{"href":"https:\/\/piflarnakupuje.top\/hr\/wp-json\/wp\/v2\/types\/product"}],"replies":[{"embeddable":true,"href":"https:\/\/piflarnakupuje.top\/hr\/wp-json\/wp\/v2\/comments?post=6746"}],"wp:featuredmedia":[{"embeddable":true,"href":"https:\/\/piflarnakupuje.top\/hr\/wp-json\/wp\/v2\/media\/6755"}],"wp:attachment":[{"href":"https:\/\/piflarnakupuje.top\/hr\/wp-json\/wp\/v2\/media?parent=6746"}],"wp:term":[{"taxonomy":"product_brand","embeddable":true,"href":"https:\/\/piflarnakupuje.top\/hr\/wp-json\/wp\/v2\/product_brand?post=6746"},{"taxonomy":"product_cat","embeddable":true,"href":"https:\/\/piflarnakupuje.top\/hr\/wp-json\/wp\/v2\/product_cat?post=6746"},{"taxonomy":"product_tag","embeddable":true,"href":"https:\/\/piflarnakupuje.top\/hr\/wp-json\/wp\/v2\/product_tag?post=6746"}],"curies":[{"name":"wp","href":"https:\/\/api.w.org\/{rel}","templated":true}]}}