{"id":7150,"date":"2024-08-01T05:32:59","date_gmt":"2024-08-01T05:32:59","guid":{"rendered":"https:\/\/piflarnakupuje.top\/?post_type=product&#038;p=7150"},"modified":"2025-07-01T07:43:38","modified_gmt":"2025-07-01T07:43:38","slug":"q117-e-116-2-4g-4wd-35km-h-avtomobil-za-driftanje-proporcionalne-komande-led-luci-starinski","status":"publish","type":"product","link":"https:\/\/piflarnakupuje.top\/hr\/pp\/q117-e-116-2-4g-4wd-35km-h-avtomobil-za-driftanje-proporcionalne-komande-led-luci-starinski\/","title":{"rendered":"Q117 E 1:16 2.4G 4WD 35KM\/H Avtomobil za driftanje proporcionalne komande led lu\u010di starinski"},"content":{"rendered":"<h2>Tehni\u010dki podaci<\/h2>\n<table style=\"font-weight: 400;\">\n<tbody>\n<tr>\n<td>General<\/td>\n<td>Savjet: Automobil na daljinsko upravljanje<br \/>\nModel: Q117<\/td>\n<\/tr>\n<tr>\n<td>Tehni\u010dki podaci<\/td>\n<td>Mjerilo: 1\/16<br \/>\nBrzina: 35 km\/h<br \/>\nMotor: RC 390<br \/>\nfrekvencija: 2,4 GHz<br \/>\nBaterije oda\u0161ilja\u010da: 2XAA (nisu uklju\u010dene)<br \/>\n<a href=\"https:\/\/piflarnakupuje.top\/hr\/pp\/jump-1500-dodatni-akumulator-1548wh-lifepo4-tipa\/\">Baterija<\/a>: 7.4V 1300mAh Lav<br \/>\npunjenje: 3-3,5 h<br \/>\nkori\u0161tenje: 15-18 min<br \/>\ndoseg: 80m<br \/>\nfunkcije: naprijed, natrag, lijevo, desno, sve proporcionalno<\/td>\n<\/tr>\n<tr>\n<td>Te\u017eina i dimenzije<\/td>\n<td>te\u017eina: 800 g<br \/>\nte\u017eina paketa: 1450 g<br \/>\nveli\u010dina: 34,5 x 15 x 25 cm<\/td>\n<\/tr>\n<tr>\n<td>Paket<\/td>\n<td><a href=\"https:\/\/piflarnakupuje.top\/hr\/piflar-test-mn-128-1-12-2-4g-4wd-rc-crawler\/\">Automobil na daljinsko upravljanje<\/a>, daljinski upravlja\u010d, upute, <a href=\"https:\/\/piflarnakupuje.top\/hr\/pp\/jump-1500-dodatni-akumulator-1548wh-lifepo4-tipa\/\">akumulator<\/a>, <a href=\"https:\/\/piflarnakupuje.top\/hr\/pp\/4-in-1-qi-brezzicni-polnilec-za-vse-naprave-z-qi-standardom\/\">punja\u010d<\/a>, <a href=\"https:\/\/piflarnakupuje.top\/hr\/pp\/gf700-elektricno-kolo-17-5ah-48v-500w2-motorja-26-col\/\">kolesa<\/a> za probijanje, odvija\u010d,<\/p>\n<p>alat za pode\u0161avanje amortizera.<\/td>\n<\/tr>\n<\/tbody>\n<\/table>","protected":false},"excerpt":{"rendered":"<p><strong>Paket:<\/strong><\/p>\n<p>Automobil na daljinsko upravljanje,<br \/>\ndaljinski upravlja\u010d,<br \/>\nLED<br \/>\nbaterija,<br \/>\npunja\u010d,<br \/>\ndrift gume,<br \/>\nodvija\u010d,<br \/>\nalat za pode\u0161avanje amortizera.<\/p>","protected":false},"featured_media":7153,"comment_status":"open","ping_status":"closed","template":"","meta":{"_gspb_post_css":"","_sitemap_exclude":false,"_sitemap_priority":"","_sitemap_frequency":""},"product_brand":[],"product_cat":[49,21],"product_tag":[],"class_list":{"0":"post-7150","1":"product","2":"type-product","3":"status-publish","4":"has-post-thumbnail","6":"product_cat-profi-rc-igrace-za-velike-in-male-po-dusi","7":"product_cat-rc-avtomobili","8":"product_shipping_class-rc","9":"pa_barva-modra","10":"pa_barva-rdeca","11":"pa_kolicina-akumulatorjev-rc-190","12":"pa_merilo-rc-avtomobila-143","13":"pa_skladisce-brezcarinsko-skladisce-slovenija","14":"pa_skladisce-centralno-skladisce-slovenija","15":"pa_tip-motorja-rc-krtacni","16":"pa_vrsta-avtomobila-cestni","17":"pa_vrsta-avtomobila-drift","19":"first","20":"instock","21":"shipping-taxable","22":"purchasable","23":"product-type-variable"},"_links":{"self":[{"href":"https:\/\/piflarnakupuje.top\/hr\/wp-json\/wp\/v2\/product\/7150","targetHints":{"allow":["GET"]}}],"collection":[{"href":"https:\/\/piflarnakupuje.top\/hr\/wp-json\/wp\/v2\/product"}],"about":[{"href":"https:\/\/piflarnakupuje.top\/hr\/wp-json\/wp\/v2\/types\/product"}],"replies":[{"embeddable":true,"href":"https:\/\/piflarnakupuje.top\/hr\/wp-json\/wp\/v2\/comments?post=7150"}],"wp:featuredmedia":[{"embeddable":true,"href":"https:\/\/piflarnakupuje.top\/hr\/wp-json\/wp\/v2\/media\/7153"}],"wp:attachment":[{"href":"https:\/\/piflarnakupuje.top\/hr\/wp-json\/wp\/v2\/media?parent=7150"}],"wp:term":[{"taxonomy":"product_brand","embeddable":true,"href":"https:\/\/piflarnakupuje.top\/hr\/wp-json\/wp\/v2\/product_brand?post=7150"},{"taxonomy":"product_cat","embeddable":true,"href":"https:\/\/piflarnakupuje.top\/hr\/wp-json\/wp\/v2\/product_cat?post=7150"},{"taxonomy":"product_tag","embeddable":true,"href":"https:\/\/piflarnakupuje.top\/hr\/wp-json\/wp\/v2\/product_tag?post=7150"}],"curies":[{"name":"wp","href":"https:\/\/api.w.org\/{rel}","templated":true}]}}