{"id":8795,"date":"2025-05-14T08:44:20","date_gmt":"2025-05-14T08:44:20","guid":{"rendered":"https:\/\/piflarnakupuje.top\/?post_type=product&#038;p=8795"},"modified":"2025-07-01T07:41:19","modified_gmt":"2025-07-01T07:41:19","slug":"rc-robotski-mulcar-kosilnica-na-daljinsko-upravljanje-uporabno-tudi-za-brezine-in-tezke-pogoje","status":"publish","type":"product","link":"https:\/\/piflarnakupuje.top\/hr\/pp\/rc-robotski-mulcar-kosilnica-na-daljinsko-upravljanje-uporabno-tudi-za-brezine-in-tezke-pogoje\/","title":{"rendered":"RC Robotski mul\u010dar kosilnica, na daljinsko upravljanje, uporabno tudi za bre\u017eine in te\u017eke pogoje"},"content":{"rendered":"<div class=\"title--wrap--NWOaiSp\">\n<div class=\"title--text--Otu0bLr\">\n<h2 class=\"title--title--O6xcB1q\" data-spm-anchor-id=\"a2g0o.detail.0.i15.1043jldLjldLej\">Tehni\u010dki podaci<\/h2>\n<\/div>\n<\/div>\n<div class=\"specification--prop--Jh28bKu\">\n<div class=\"specification--desc--Dxx6W0W\" title=\"None\">\n<table width=\"612\">\n<tbody>\n<tr>\n<td width=\"98\">Model<\/td>\n<td width=\"514\">awy-550<\/td>\n<\/tr>\n<tr>\n<td>Veli\u010dina<\/td>\n<td>900x930x520<\/td>\n<\/tr>\n<tr>\n<td>Veli\u010dina paketa<\/td>\n<td>950x980x670<\/td>\n<\/tr>\n<tr>\n<td>Te\u017eina<\/td>\n<td>140 kg<\/td>\n<\/tr>\n<tr>\n<td>Te\u017eina paketa<\/td>\n<td>170kg<\/td>\n<\/tr>\n<tr>\n<td>\u0160irina ko\u0161nje<\/td>\n<td>500mm<\/td>\n<\/tr>\n<tr>\n<td>Vi\u0161ina ko\u0161nje<\/td>\n<td>20-150mm<\/td>\n<\/tr>\n<tr>\n<td>Hitrost ko\u0161nje<\/td>\n<td>4km\/h<\/td>\n<\/tr>\n<tr>\n<td><a href=\"https:\/\/piflarnakupuje.top\/hr\/pp\/jump-1500-dodatni-akumulator-1548wh-lifepo4-tipa\/\">Baterija<\/a><\/td>\n<td>24v\/24ah<\/td>\n<\/tr>\n<tr>\n<td>Max naklon<\/td>\n<td>45 stopinj<\/td>\n<\/tr>\n<tr>\n<td>Snaga motora<\/td>\n<td>RV 225<\/td>\n<\/tr>\n<tr>\n<td>Rezervar<\/td>\n<td>1,2l<\/td>\n<\/tr>\n<tr>\n<td>Hitrost ko\u0161nje<\/td>\n<td>1500m2\/h<\/td>\n<\/tr>\n<\/tbody>\n<\/table>\n<p><img data-recalc-dims=\"1\" loading=\"lazy\" decoding=\"async\" class=\"alignnone size-full wp-image-8792\" src=\"https:\/\/i0.wp.com\/piflarnakupuje.top\/wp-content\/uploads\/2025\/05\/S8632f8123e45419fa49c0ea99b8102b25-%E2%80%93-kopija-1.webp?resize=800%2C2145&#038;ssl=1\" alt=\"\" width=\"800\" height=\"2145\" srcset=\"https:\/\/i0.wp.com\/piflarnakupuje.top\/wp-content\/uploads\/2025\/05\/S8632f8123e45419fa49c0ea99b8102b25-%E2%80%93-kopija-1.webp?w=800&amp;ssl=1 800w, https:\/\/i0.wp.com\/piflarnakupuje.top\/wp-content\/uploads\/2025\/05\/S8632f8123e45419fa49c0ea99b8102b25-%E2%80%93-kopija-1.webp?resize=400%2C1073&amp;ssl=1 400w, https:\/\/i0.wp.com\/piflarnakupuje.top\/wp-content\/uploads\/2025\/05\/S8632f8123e45419fa49c0ea99b8102b25-%E2%80%93-kopija-1.webp?resize=112%2C300&amp;ssl=1 112w, https:\/\/i0.wp.com\/piflarnakupuje.top\/wp-content\/uploads\/2025\/05\/S8632f8123e45419fa49c0ea99b8102b25-%E2%80%93-kopija-1.webp?resize=382%2C1024&amp;ssl=1 382w, https:\/\/i0.wp.com\/piflarnakupuje.top\/wp-content\/uploads\/2025\/05\/S8632f8123e45419fa49c0ea99b8102b25-%E2%80%93-kopija-1.webp?resize=768%2C2059&amp;ssl=1 768w, https:\/\/i0.wp.com\/piflarnakupuje.top\/wp-content\/uploads\/2025\/05\/S8632f8123e45419fa49c0ea99b8102b25-%E2%80%93-kopija-1.webp?resize=573%2C1536&amp;ssl=1 573w, https:\/\/i0.wp.com\/piflarnakupuje.top\/wp-content\/uploads\/2025\/05\/S8632f8123e45419fa49c0ea99b8102b25-%E2%80%93-kopija-1.webp?resize=764%2C2048&amp;ssl=1 764w\" sizes=\"auto, (max-width: 800px) 100vw, 800px\" \/> <img data-recalc-dims=\"1\" loading=\"lazy\" decoding=\"async\" class=\"alignnone size-full wp-image-8791\" src=\"https:\/\/i0.wp.com\/piflarnakupuje.top\/wp-content\/uploads\/2025\/05\/S4fe24482d2c44a299c0d5a474d7950e0Y-%E2%80%93-kopija.webp?resize=800%2C2384&#038;ssl=1\" alt=\"\" width=\"800\" height=\"2384\" srcset=\"https:\/\/i0.wp.com\/piflarnakupuje.top\/wp-content\/uploads\/2025\/05\/S4fe24482d2c44a299c0d5a474d7950e0Y-%E2%80%93-kopija.webp?w=800&amp;ssl=1 800w, https:\/\/i0.wp.com\/piflarnakupuje.top\/wp-content\/uploads\/2025\/05\/S4fe24482d2c44a299c0d5a474d7950e0Y-%E2%80%93-kopija.webp?resize=400%2C1192&amp;ssl=1 400w, https:\/\/i0.wp.com\/piflarnakupuje.top\/wp-content\/uploads\/2025\/05\/S4fe24482d2c44a299c0d5a474d7950e0Y-%E2%80%93-kopija.webp?resize=101%2C300&amp;ssl=1 101w, https:\/\/i0.wp.com\/piflarnakupuje.top\/wp-content\/uploads\/2025\/05\/S4fe24482d2c44a299c0d5a474d7950e0Y-%E2%80%93-kopija.webp?resize=344%2C1024&amp;ssl=1 344w, https:\/\/i0.wp.com\/piflarnakupuje.top\/wp-content\/uploads\/2025\/05\/S4fe24482d2c44a299c0d5a474d7950e0Y-%E2%80%93-kopija.webp?resize=768%2C2289&amp;ssl=1 768w, https:\/\/i0.wp.com\/piflarnakupuje.top\/wp-content\/uploads\/2025\/05\/S4fe24482d2c44a299c0d5a474d7950e0Y-%E2%80%93-kopija.webp?resize=515%2C1536&amp;ssl=1 515w, https:\/\/i0.wp.com\/piflarnakupuje.top\/wp-content\/uploads\/2025\/05\/S4fe24482d2c44a299c0d5a474d7950e0Y-%E2%80%93-kopija.webp?resize=687%2C2048&amp;ssl=1 687w\" sizes=\"auto, (max-width: 800px) 100vw, 800px\" \/> <img data-recalc-dims=\"1\" loading=\"lazy\" decoding=\"async\" class=\"alignnone size-full wp-image-8790\" src=\"https:\/\/i0.wp.com\/piflarnakupuje.top\/wp-content\/uploads\/2025\/05\/S6d30beef10104d059b944264032c7936E-1-%E2%80%93-kopija.webp?resize=800%2C1697&#038;ssl=1\" alt=\"\" width=\"800\" height=\"1697\" srcset=\"https:\/\/i0.wp.com\/piflarnakupuje.top\/wp-content\/uploads\/2025\/05\/S6d30beef10104d059b944264032c7936E-1-%E2%80%93-kopija.webp?w=800&amp;ssl=1 800w, https:\/\/i0.wp.com\/piflarnakupuje.top\/wp-content\/uploads\/2025\/05\/S6d30beef10104d059b944264032c7936E-1-%E2%80%93-kopija.webp?resize=400%2C849&amp;ssl=1 400w, https:\/\/i0.wp.com\/piflarnakupuje.top\/wp-content\/uploads\/2025\/05\/S6d30beef10104d059b944264032c7936E-1-%E2%80%93-kopija.webp?resize=141%2C300&amp;ssl=1 141w, https:\/\/i0.wp.com\/piflarnakupuje.top\/wp-content\/uploads\/2025\/05\/S6d30beef10104d059b944264032c7936E-1-%E2%80%93-kopija.webp?resize=483%2C1024&amp;ssl=1 483w, https:\/\/i0.wp.com\/piflarnakupuje.top\/wp-content\/uploads\/2025\/05\/S6d30beef10104d059b944264032c7936E-1-%E2%80%93-kopija.webp?resize=768%2C1629&amp;ssl=1 768w, https:\/\/i0.wp.com\/piflarnakupuje.top\/wp-content\/uploads\/2025\/05\/S6d30beef10104d059b944264032c7936E-1-%E2%80%93-kopija.webp?resize=724%2C1536&amp;ssl=1 724w\" sizes=\"auto, (max-width: 800px) 100vw, 800px\" \/> <img data-recalc-dims=\"1\" loading=\"lazy\" decoding=\"async\" class=\"alignnone size-full wp-image-8789\" src=\"https:\/\/i0.wp.com\/piflarnakupuje.top\/wp-content\/uploads\/2025\/05\/S6ef6ef9d4223409c9d7fdda6798250efo-1-%E2%80%93-kopija.webp?resize=800%2C1445&#038;ssl=1\" alt=\"\" width=\"800\" height=\"1445\" srcset=\"https:\/\/i0.wp.com\/piflarnakupuje.top\/wp-content\/uploads\/2025\/05\/S6ef6ef9d4223409c9d7fdda6798250efo-1-%E2%80%93-kopija.webp?w=800&amp;ssl=1 800w, https:\/\/i0.wp.com\/piflarnakupuje.top\/wp-content\/uploads\/2025\/05\/S6ef6ef9d4223409c9d7fdda6798250efo-1-%E2%80%93-kopija.webp?resize=400%2C723&amp;ssl=1 400w, https:\/\/i0.wp.com\/piflarnakupuje.top\/wp-content\/uploads\/2025\/05\/S6ef6ef9d4223409c9d7fdda6798250efo-1-%E2%80%93-kopija.webp?resize=166%2C300&amp;ssl=1 166w, https:\/\/i0.wp.com\/piflarnakupuje.top\/wp-content\/uploads\/2025\/05\/S6ef6ef9d4223409c9d7fdda6798250efo-1-%E2%80%93-kopija.webp?resize=567%2C1024&amp;ssl=1 567w, https:\/\/i0.wp.com\/piflarnakupuje.top\/wp-content\/uploads\/2025\/05\/S6ef6ef9d4223409c9d7fdda6798250efo-1-%E2%80%93-kopija.webp?resize=768%2C1387&amp;ssl=1 768w\" sizes=\"auto, (max-width: 800px) 100vw, 800px\" \/><\/p>\n<\/div>\n<\/div>","protected":false},"excerpt":{"rendered":"<p><strong>Paket uklju\u010duje:<\/strong><\/p>\n<p>Robotsko kosilnico<\/p>\n<p>Upute za uporabu<\/p>\n<p>Ve\u010dkanalni daljinec<\/p>\n<p><em>Kosilnica je po dobavi pripravljena za uporabo!<\/em><\/p>\n<p>&nbsp;<\/p>","protected":false},"featured_media":8786,"comment_status":"open","ping_status":"closed","template":"","meta":{"_gspb_post_css":"","_sitemap_exclude":false,"_sitemap_priority":"","_sitemap_frequency":""},"product_brand":[],"product_cat":[49,236],"product_tag":[],"class_list":{"0":"post-8795","1":"product","2":"type-product","3":"status-publish","4":"has-post-thumbnail","6":"product_cat-profi-rc-igrace-za-velike-in-male-po-dusi","7":"product_cat-rc-mulcarji-kosilnice","8":"pa_barva-crna","9":"pa_barva-modra","10":"pa_barva-rdeca","11":"pa_barva-zelena","13":"first","14":"instock","15":"shipping-taxable","16":"purchasable","17":"product-type-variable"},"_links":{"self":[{"href":"https:\/\/piflarnakupuje.top\/hr\/wp-json\/wp\/v2\/product\/8795","targetHints":{"allow":["GET"]}}],"collection":[{"href":"https:\/\/piflarnakupuje.top\/hr\/wp-json\/wp\/v2\/product"}],"about":[{"href":"https:\/\/piflarnakupuje.top\/hr\/wp-json\/wp\/v2\/types\/product"}],"replies":[{"embeddable":true,"href":"https:\/\/piflarnakupuje.top\/hr\/wp-json\/wp\/v2\/comments?post=8795"}],"wp:featuredmedia":[{"embeddable":true,"href":"https:\/\/piflarnakupuje.top\/hr\/wp-json\/wp\/v2\/media\/8786"}],"wp:attachment":[{"href":"https:\/\/piflarnakupuje.top\/hr\/wp-json\/wp\/v2\/media?parent=8795"}],"wp:term":[{"taxonomy":"product_brand","embeddable":true,"href":"https:\/\/piflarnakupuje.top\/hr\/wp-json\/wp\/v2\/product_brand?post=8795"},{"taxonomy":"product_cat","embeddable":true,"href":"https:\/\/piflarnakupuje.top\/hr\/wp-json\/wp\/v2\/product_cat?post=8795"},{"taxonomy":"product_tag","embeddable":true,"href":"https:\/\/piflarnakupuje.top\/hr\/wp-json\/wp\/v2\/product_tag?post=8795"}],"curies":[{"name":"wp","href":"https:\/\/api.w.org\/{rel}","templated":true}]}}