{"id":986,"date":"2024-07-04T19:51:50","date_gmt":"2024-07-04T19:51:50","guid":{"rendered":"https:\/\/piflarnakupuje.top\/?post_type=product&#038;p=986"},"modified":"2025-07-01T08:00:20","modified_gmt":"2025-07-01T08:00:20","slug":"rc-technic-ekstremno-teresnko-vozilo","status":"publish","type":"product","link":"https:\/\/piflarnakupuje.top\/hr\/pp\/rc-technic-ekstremno-teresnko-vozilo\/","title":{"rendered":"RC Technic ekstremno terensko vozilo"},"content":{"rendered":"<p>Ekstremno terensko vozilo iz <a href=\"https:\/\/piflarnakupuje.top\/hr\/piflarjev-preizkus-rc-technic-ekstremno-terensko-vozilo-z-elektro-motorjem\/\">technic<\/a> udarac. <a href=\"https:\/\/piflarnakupuje.top\/hr\/piflarjev-test-rc-jcb-multifunkcijski-bager-2-239-kosov-z-elektro-pogonom-in-daljincem\/\">Kockice<\/a> usporedive kvalitete i potpuno kompatibilni s <a href=\"https:\/\/piflarnakupuje.top\/hr\/pp\/technics-sibrovka-benelli-m4-super-90-1061-kosov\/\">Lego<\/a>.<\/p>\n<p>Vozilo je na daljinsko upravljanje, set se sastoji od 1333 dijela, 3 motora i servo motora za okretanje, vo\u017enja je mogu\u0107a pomo\u0107u pilota ili aplikacije na telefonu. Uklju\u010dene su lako razumljive upute za sastavljanje.<\/p>\n<p>&nbsp;<\/p>","protected":false},"excerpt":{"rendered":"<p><strong>Paket:<\/strong><\/p>\n<p>Jasne upute za sastavljanje<\/p>\n<p>1333 kocka<\/p>\n<p>3 elektromotora<\/p>\n<p>daljinski upravlja\u010d<\/p>","protected":false},"featured_media":989,"comment_status":"open","ping_status":"closed","template":"","meta":{"_gspb_post_css":"","_sitemap_exclude":false,"_sitemap_priority":"","_sitemap_frequency":""},"product_brand":[],"product_cat":[44,16],"product_tag":[],"class_list":{"0":"post-986","1":"product","2":"type-product","3":"status-publish","4":"has-post-thumbnail","6":"product_cat-technic-kocke","7":"product_cat-technic-kocke-in-sestavljanke","8":"product_shipping_class-kocke","9":"pa_barva-rdeca","10":"pa_pogon-funkcij-kocke-elektro-motor","11":"pa_pogon-funkcij-kocke-rocno","12":"pa_skladisce-brezcarinsko-skladisce-slovenija","13":"pa_skladisce-centralno-skladisce-slovenija","14":"pa_tema-kock-vozila","16":"first","17":"instock","18":"shipping-taxable","19":"purchasable","20":"product-type-variable"},"_links":{"self":[{"href":"https:\/\/piflarnakupuje.top\/hr\/wp-json\/wp\/v2\/product\/986","targetHints":{"allow":["GET"]}}],"collection":[{"href":"https:\/\/piflarnakupuje.top\/hr\/wp-json\/wp\/v2\/product"}],"about":[{"href":"https:\/\/piflarnakupuje.top\/hr\/wp-json\/wp\/v2\/types\/product"}],"replies":[{"embeddable":true,"href":"https:\/\/piflarnakupuje.top\/hr\/wp-json\/wp\/v2\/comments?post=986"}],"wp:featuredmedia":[{"embeddable":true,"href":"https:\/\/piflarnakupuje.top\/hr\/wp-json\/wp\/v2\/media\/989"}],"wp:attachment":[{"href":"https:\/\/piflarnakupuje.top\/hr\/wp-json\/wp\/v2\/media?parent=986"}],"wp:term":[{"taxonomy":"product_brand","embeddable":true,"href":"https:\/\/piflarnakupuje.top\/hr\/wp-json\/wp\/v2\/product_brand?post=986"},{"taxonomy":"product_cat","embeddable":true,"href":"https:\/\/piflarnakupuje.top\/hr\/wp-json\/wp\/v2\/product_cat?post=986"},{"taxonomy":"product_tag","embeddable":true,"href":"https:\/\/piflarnakupuje.top\/hr\/wp-json\/wp\/v2\/product_tag?post=986"}],"curies":[{"name":"wp","href":"https:\/\/api.w.org\/{rel}","templated":true}]}}